{"id":3,"date":"2021-03-02T16:03:31","date_gmt":"2021-03-02T15:03:31","guid":{"rendered":"https:\/\/bisque-wasp-399565.hostingersite.com\/?page_id=3"},"modified":"2024-02-10T22:17:11","modified_gmt":"2024-02-10T22:17:11","slug":"integritetspolicy","status":"publish","type":"page","link":"https:\/\/bye-pain.com\/sv\/privacy-policy","title":{"rendered":"Integritetspolicy"},"content":{"rendered":"<div data-elementor-type=\"wp-page\" data-elementor-id=\"3\" class=\"elementor elementor-3\" data-elementor-post-type=\"page\">\n\t\t\t\t\t\t<section class=\"elementor-section elementor-top-section elementor-element elementor-element-5c56538a elementor-section-boxed elementor-section-height-default elementor-section-height-default\" data-id=\"5c56538a\" data-element_type=\"section\" data-e-type=\"section\">\n\t\t\t\t\t\t<div class=\"elementor-container elementor-column-gap-default\">\n\t\t\t\t\t<div class=\"elementor-column elementor-col-100 elementor-top-column elementor-element elementor-element-428eed4d\" data-id=\"428eed4d\" data-element_type=\"column\" data-e-type=\"column\">\n\t\t\t<div class=\"elementor-widget-wrap elementor-element-populated\">\n\t\t\t\t\t\t<div class=\"elementor-element elementor-element-dd63083 elementor-widget elementor-widget-heading\" data-id=\"dd63083\" data-element_type=\"widget\" data-e-type=\"widget\" data-widget_type=\"heading.default\">\n\t\t\t\t<div class=\"elementor-widget-container\">\n\t\t\t\t\t<h1 class=\"elementor-heading-title elementor-size-default\">Integritetspolicy<\/h1>\t\t\t\t<\/div>\n\t\t\t\t<\/div>\n\t\t\t\t<div class=\"elementor-element elementor-element-7880b05 elementor-widget elementor-widget-text-editor\" data-id=\"7880b05\" data-element_type=\"widget\" data-e-type=\"widget\" data-widget_type=\"text-editor.default\">\n\t\t\t\t<div class=\"elementor-widget-container\">\n\t\t\t\t\t\t\t\t\t<h1 class=\"entry-title main_title\" style=\"text-align: center;\">\u00a0<\/h1><div class=\"entry-content\"><h2>Vilka \u00e4r vi?<\/h2><p>V\u00e5r webbadress \u00e4r: https:\/\/bisque-wasp-399565.hostingersite.com<\/p><p>Du kan kontakta oss p\u00e5 f\u00f6ljande e-postadress: contact@bisque-wasp-399565.hostingersite.com<\/p><h2>Anv\u00e4ndning av insamlade personuppgifter<\/h2><p>Genom att g\u00f6ra en best\u00e4llning eller skapa ett konto samtycker du till att ta emot erbjudanden och kampanjer via e-post och\/eller telefon.<\/p><h3>Kommentarer<\/h3><p>N\u00e4r du l\u00e4mnar en kommentar p\u00e5 v\u00e5r webbplats, samlas uppgifterna in i kommentarsformul\u00e4ret, din IP-adress och din webbl\u00e4sares anv\u00e4ndaragent f\u00f6r att hj\u00e4lpa oss att uppt\u00e4cka o\u00f6nskade kommentarer.<\/p><p>En anonymiserad str\u00e4ng skapad fr\u00e5n din e-postadress (\u00e4ven k\u00e4nd som en hash) kan skickas till Gravatar-tj\u00e4nsten f\u00f6r att kontrollera om du anv\u00e4nder den. Gravatar-tj\u00e4nstens sekretessklausuler finns tillg\u00e4ngliga h\u00e4r: https:\/\/automattic.com\/privacy\/. N\u00e4r din kommentar har validerats kommer din profilbild att synas offentligt bredvid din kommentar.<\/p><h3>Media<\/h3><p>Om du \u00e4r en registrerad anv\u00e4ndare och du laddar upp bilder till webbplatsen, r\u00e5der vi dig att undvika att ladda upp bilder som inneh\u00e5ller EXIF-data f\u00f6r GPS-koordinater. Bes\u00f6kare p\u00e5 din webbplats kan ladda ner och extrahera platsdata fr\u00e5n dessa bilder.<\/p><h3>Kontaktformul\u00e4r<\/h3><p>F\u00f6r att kontakta oss, v\u00e4nligen skriv till oss p\u00e5 contact@bisque-wasp-399565.hostingersite.com eller per post till Bye pain \u2013 78, Avenue des Champs-\u00c9lys\u00e9es, Bureau 562, 75008 Paris \u2013 Frankrike<\/p><h3>Sm\u00e5kakor<\/h3><p>Om du l\u00e4mnar en kommentar p\u00e5 v\u00e5r sida kommer du att bli ombedd att spara ditt namn, e-postadress och webbplats i cookies. Detta \u00e4r enbart f\u00f6r din bekv\u00e4mlighet, s\u00e5 att du inte beh\u00f6ver ange denna information om du l\u00e4mnar en annan kommentar vid ett senare tillf\u00e4lle. Dessa cookies upph\u00f6r att g\u00e4lla efter ett \u00e5r.<\/p><p>Om du g\u00e5r till inloggningssidan kommer en tillf\u00e4llig cookie att skapas f\u00f6r att avg\u00f6ra om din webbl\u00e4sare accepterar cookies. Den inneh\u00e5ller inga personuppgifter och kommer att raderas automatiskt n\u00e4r du st\u00e4nger din webbl\u00e4sare.<\/p><p>N\u00e4r du loggar in kommer vi att st\u00e4lla in ett antal cookies f\u00f6r att registrera din inloggningsinformation och sk\u00e4rmpreferenser. Livsl\u00e4ngden f\u00f6r en anslutningscookie \u00e4r tv\u00e5 dagar, den f\u00f6r en sk\u00e4rmalternativscookie \u00e4r ett \u00e5r. Om du markerar &quot;Kom ih\u00e5g mig&quot;, kommer din anslutningscookie att sparas i fjorton dagar. Om du loggar ut fr\u00e5n ditt konto kommer inloggningscookien att raderas.<\/p><p>Genom att \u00e4ndra eller publicera en publikation kommer ytterligare en cookie att lagras i din webbl\u00e4sare. Denna cookie inneh\u00e5ller inga personuppgifter. Det anger helt enkelt ID f\u00f6r publikationen du just har \u00e4ndrat. Den g\u00e5r ut efter en dag.<\/p><h3>Inb\u00e4ddat inneh\u00e5ll fr\u00e5n andra webbplatser<\/h3><p>Artiklar p\u00e5 denna webbplats kan inneh\u00e5lla inb\u00e4ddat inneh\u00e5ll (t.ex. videor, bilder, artiklar, etc.). Inb\u00e4ddat inneh\u00e5ll fr\u00e5n andra webbplatser beter sig p\u00e5 samma s\u00e4tt som om bes\u00f6karen bes\u00f6kte den andra webbplatsen.<\/p><p>Dessa webbplatser kan samla in data om dig, anv\u00e4nda cookies, b\u00e4dda in sp\u00e5rningsverktyg fr\u00e5n tredje part och sp\u00e5ra dina interaktioner med detta inb\u00e4ddade inneh\u00e5ll om du har ett inloggat konto p\u00e5 deras webbplats.<\/p><h3>Statistik och publikm\u00e4tning<\/h3><p>Vi anv\u00e4nder teknologier som cookies f\u00f6r att anpassa inneh\u00e5ll och reklam, tillhandah\u00e5lla sociala medier-funktioner och analysera webbplatstrafik. Vi delar information om din anv\u00e4ndning av webbplatsen med v\u00e5ra betrodda sociala medier, reklam- och analyspartners.<\/p><p>F\u00f6r att m\u00e4ta viss statistik relaterad till olika kundresor anv\u00e4nder vi Google Analytics, du kan konsultera deras sekretesspolicy p\u00e5 f\u00f6ljande adress: https:\/\/policies.google.com\/privacy?hl=fr .<\/p><p>Vi anv\u00e4nder \u00e4ven Facebook-pixeln. Du kan l\u00e4sa deras sekretesspolicy p\u00e5 f\u00f6ljande adress: https:\/\/www.facebook.com\/payments_terms\/privacy<\/p><h2>Lagringsperioder f\u00f6r dina data<\/h2><p>Om du l\u00e4mnar en kommentar sparas kommentaren och dess metadata p\u00e5 obest\u00e4md tid. Detta g\u00f6r det m\u00f6jligt att automatiskt k\u00e4nna igen och godk\u00e4nna efterf\u00f6ljande kommentarer ist\u00e4llet f\u00f6r att l\u00e4mna dem i modereringsk\u00f6n.<\/p><p>F\u00f6r anv\u00e4ndare som registrerar sig p\u00e5 v\u00e5r webbplats (d\u00e4r det \u00e4r m\u00f6jligt), lagrar vi \u00e4ven de personuppgifter som anges i deras profil. Alla anv\u00e4ndare kan se, \u00e4ndra eller radera sin personliga information n\u00e4r som helst (med undantag f\u00f6r deras anv\u00e4ndarnamn). Webbplatsansvariga kan ocks\u00e5 se och \u00e4ndra denna information.<\/p><h2>De r\u00e4ttigheter du har \u00f6ver dina uppgifter<\/h2><p>Om du har ett konto eller om du har l\u00e4mnat kommentarer p\u00e5 webbplatsen kan du beg\u00e4ra att f\u00e5 en fil som inneh\u00e5ller alla personuppgifter vi har om dig, inklusive de som du har l\u00e4mnat till oss. Du kan ocks\u00e5 beg\u00e4ra radering av dina personuppgifter. Detta inkluderar inte data som lagras f\u00f6r administrativa, juridiska eller s\u00e4kerhets\u00e4ndam\u00e5l.<\/p><h2>\u00d6verf\u00f6ring av dina personuppgifter<\/h2><p>Bes\u00f6kares kommentarer kan kontrolleras med hj\u00e4lp av en automatiserad tj\u00e4nst f\u00f6r att uppt\u00e4cka o\u00f6nskade kommentarer.<\/p><h2>Kontaktinformation<\/h2><p>Du kan kontakta oss via e-post p\u00e5 f\u00f6ljande adress: contact@bisque-wasp-399565.hostingersite.com eller per post p\u00e5 Bye pain \u2013 78, Avenue des Champs-\u00c9lys\u00e9es, Bureau 562, 75008 Paris \u2013 Frankrike<\/p><h2>Vad vi samlar in och lagrar<\/h2><p>Under ditt bes\u00f6k p\u00e5 webbplatsen sp\u00e5rar vi:<\/p><ul><li>Produkter du har sett: vi anv\u00e4nder dessa f\u00f6r att till exempel visa produkter du nyligen har sett.<\/li><li>Plats, IP-adress och webbl\u00e4sartyp: vi anv\u00e4nder dessa f\u00f6r att uppskatta skatter och leveransavgifter<\/li><li>Leveransadress: vi kommer att be dig att ange detta f\u00f6r att uppskatta leveranskostnader innan du l\u00e4gger din best\u00e4llning, och f\u00f6r att skicka best\u00e4llningen till dig!<\/li><\/ul><p>Vi anv\u00e4nder cookies f\u00f6r att h\u00e5lla reda p\u00e5 inneh\u00e5llet i din varukorg medan du surfar p\u00e5 v\u00e5r webbplats.<\/p><p>N\u00e4r du k\u00f6per fr\u00e5n v\u00e5r webbplats kommer vi att be dig tillhandah\u00e5lla information inklusive ditt namn, faktureringsadress, leveransadress, e-postadress, telefonnummer, betalnings-\/kreditkortsuppgifter och eventuellt kontouppgifter som anv\u00e4ndarnamn och l\u00f6senord. Denna information kommer att anv\u00e4ndas f\u00f6r att:<\/p><ul><li>Skickar information om ditt konto och best\u00e4llning<\/li><li>Svara p\u00e5 f\u00f6rfr\u00e5gningar, inklusive \u00e5terbetalningar och klagom\u00e5l<\/li><li>Behandla betalningar och f\u00f6rhindra bedr\u00e4gerier<\/li><li>Skapa ditt konto f\u00f6r v\u00e5r butik<\/li><li>F\u00f6lj alla juridiska skyldigheter, som att ber\u00e4kna skatter<br \/>F\u00f6rb\u00e4ttra v\u00e5rt butiksutbud<\/li><li>Skicka marknadsf\u00f6ringsmeddelanden till dig om du v\u00e4ljer att ta emot dem<\/li><\/ul><p>Om du skapar ett konto lagrar vi ditt namn, adress, e-postadress och telefonnummer, som kommer att anv\u00e4ndas f\u00f6r att fylla i orderbekr\u00e4ftelsen f\u00f6r framtida best\u00e4llningar.<\/p><p>Vi lagrar i allm\u00e4nhet dina uppgifter s\u00e5 l\u00e4nge vi beh\u00f6ver dem f\u00f6r det \u00e4ndam\u00e5l som vi samlar in och anv\u00e4nder dem f\u00f6r, och vi \u00e4r inte juridiskt skyldiga att beh\u00e5lla dem. Till exempel lagrar vi orderinformation i XXX \u00e5r f\u00f6r skatte- och redovisnings\u00e4ndam\u00e5l. Detta inkluderar ditt namn, e-postadress och fakturerings- och leveransadresser.<\/p><p>Vi lagrar \u00e4ven kommentarer eller meddelanden, om du v\u00e4ljer att skicka dem.<\/p><h2>Vem i v\u00e5rt team har tillg\u00e5ng till data<\/h2><p>Medlemmar i v\u00e5rt team har tillg\u00e5ng till den information du tillhandah\u00e5ller. Till exempel har butiksadministrat\u00f6rer och chefer tillg\u00e5ng till:<\/p><ul><li>Best\u00e4llningsinformation som vad som k\u00f6pts, n\u00e4r och vart det ska skickas<\/li><li>Kundinformation som ditt namn, e-postadress och fakturerings- och leveransinformation.<\/li><\/ul><p>V\u00e5rt team har tillg\u00e5ng till denna information f\u00f6r att behandla best\u00e4llningar, behandla \u00e5terbetalningar och hj\u00e4lpa dig.<\/p><p>\u00a0<\/p><h2>Vad vi delar med andra<\/h2><p>Vi delar data med tredje part som hj\u00e4lper oss att hantera v\u00e5ra best\u00e4llningar och butikstj\u00e4nster; Stripe \u00e4r en kreditkortsbetalningstj\u00e4nst och PayPal \u00e4r en betalningsport.<\/p><h3>Betalningar<\/h3><p>Vi accepterar betalningar via PayPal och Stripe. Vid bearbetning av betalningar kommer vissa uppgifter att \u00f6verf\u00f6ras till PayPal eller Stripe, inklusive information som kr\u00e4vs f\u00f6r att slutf\u00f6ra betalningen, s\u00e5som det totala beloppet eller faktureringsinformation.<\/p><p>L\u00e4s PayPals sekretesspolicy f\u00f6r mer information.<\/p><p>L\u00e4s Stripes sekretesspolicy f\u00f6r mer information.<\/p><\/div>\t\t\t\t\t\t\t\t<\/div>\n\t\t\t\t<\/div>\n\t\t\t\t\t<\/div>\n\t\t<\/div>\n\t\t\t\t\t<\/div>\n\t\t<\/section>\n\t\t\t\t<\/div>","protected":false},"excerpt":{"rendered":"<p>Privacy Policy \u00a0 Who are we? Our website address is: https:\/\/bisque-wasp-399565.hostingersite.com You can contact us at the following email address: contact@bisque-wasp-399565.hostingersite.com Use of personal data collected By placing an order or creating an account, you agree to receive offers and promotions by email and\/or telephone. Comments When you leave a comment on our website, the [&hellip;]<\/p>\n","protected":false},"author":1,"featured_media":0,"parent":0,"menu_order":0,"comment_status":"closed","ping_status":"closed","template":"","meta":{"_seopress_robots_primary_cat":"","_seopress_titles_title":"Privacy Policy","_seopress_titles_desc":"Our privacy policy page","_seopress_robots_index":"","site-sidebar-layout":"default","site-content-layout":"","ast-site-content-layout":"default","site-content-style":"default","site-sidebar-style":"default","ast-global-header-display":"","ast-banner-title-visibility":"","ast-main-header-display":"","ast-hfb-above-header-display":"","ast-hfb-below-header-display":"","ast-hfb-mobile-header-display":"","site-post-title":"","ast-breadcrumbs-content":"","ast-featured-img":"","footer-sml-layout":"","ast-disable-related-posts":"","theme-transparent-header-meta":"","adv-header-id-meta":"","stick-header-meta":"","header-above-stick-meta":"","header-main-stick-meta":"","header-below-stick-meta":"","astra-migrate-meta-layouts":"set","ast-page-background-enabled":"default","ast-page-background-meta":{"desktop":{"background-color":"var(--ast-global-color-4)","background-image":"","background-repeat":"repeat","background-position":"center center","background-size":"auto","background-attachment":"scroll","background-type":"","background-media":"","overlay-type":"","overlay-color":"","overlay-opacity":"","overlay-gradient":""},"tablet":{"background-color":"","background-image":"","background-repeat":"repeat","background-position":"center center","background-size":"auto","background-attachment":"scroll","background-type":"","background-media":"","overlay-type":"","overlay-color":"","overlay-opacity":"","overlay-gradient":""},"mobile":{"background-color":"","background-image":"","background-repeat":"repeat","background-position":"center center","background-size":"auto","background-attachment":"scroll","background-type":"","background-media":"","overlay-type":"","overlay-color":"","overlay-opacity":"","overlay-gradient":""}},"ast-content-background-meta":{"desktop":{"background-color":"var(--ast-global-color-5)","background-image":"","background-repeat":"repeat","background-position":"center center","background-size":"auto","background-attachment":"scroll","background-type":"","background-media":"","overlay-type":"","overlay-color":"","overlay-opacity":"","overlay-gradient":""},"tablet":{"background-color":"var(--ast-global-color-5)","background-image":"","background-repeat":"repeat","background-position":"center center","background-size":"auto","background-attachment":"scroll","background-type":"","background-media":"","overlay-type":"","overlay-color":"","overlay-opacity":"","overlay-gradient":""},"mobile":{"background-color":"var(--ast-global-color-5)","background-image":"","background-repeat":"repeat","background-position":"center center","background-size":"auto","background-attachment":"scroll","background-type":"","background-media":"","overlay-type":"","overlay-color":"","overlay-opacity":"","overlay-gradient":""}},"footnotes":""},"class_list":["post-3","page","type-page","status-publish"],"_links":{"self":[{"href":"https:\/\/bye-pain.com\/sv\/wp-json\/wp\/v2\/pages\/3","targetHints":{"allow":["GET"]}}],"collection":[{"href":"https:\/\/bye-pain.com\/sv\/wp-json\/wp\/v2\/pages"}],"about":[{"href":"https:\/\/bye-pain.com\/sv\/wp-json\/wp\/v2\/types\/page"}],"author":[{"embeddable":true,"href":"https:\/\/bye-pain.com\/sv\/wp-json\/wp\/v2\/users\/1"}],"replies":[{"embeddable":true,"href":"https:\/\/bye-pain.com\/sv\/wp-json\/wp\/v2\/comments?post=3"}],"version-history":[{"count":0,"href":"https:\/\/bye-pain.com\/sv\/wp-json\/wp\/v2\/pages\/3\/revisions"}],"wp:attachment":[{"href":"https:\/\/bye-pain.com\/sv\/wp-json\/wp\/v2\/media?parent=3"}],"curies":[{"name":"wp","href":"https:\/\/api.w.org\/{rel}","templated":true}]}}