{"id":116,"date":"2021-03-11T10:05:24","date_gmt":"2021-03-11T09:05:24","guid":{"rendered":"https:\/\/bisque-wasp-399565.hostingersite.com\/?page_id=116"},"modified":"2024-02-10T22:17:48","modified_gmt":"2024-02-10T22:17:48","slug":"lamna-tillbaka","status":"publish","type":"page","link":"https:\/\/bye-pain.com\/sv\/return","title":{"rendered":"L\u00e4mna tillbaka"},"content":{"rendered":"<div data-elementor-type=\"wp-page\" data-elementor-id=\"116\" class=\"elementor elementor-116\" data-elementor-post-type=\"page\">\n\t\t\t\t\t\t<section class=\"elementor-section elementor-top-section elementor-element elementor-element-114367fd elementor-section-boxed elementor-section-height-default elementor-section-height-default\" data-id=\"114367fd\" data-element_type=\"section\" data-e-type=\"section\">\n\t\t\t\t\t\t<div class=\"elementor-container elementor-column-gap-default\">\n\t\t\t\t\t<div class=\"elementor-column elementor-col-100 elementor-top-column elementor-element elementor-element-7c7d0720\" data-id=\"7c7d0720\" data-element_type=\"column\" data-e-type=\"column\">\n\t\t\t<div class=\"elementor-widget-wrap elementor-element-populated\">\n\t\t\t\t\t\t<div class=\"elementor-element elementor-element-3cf7179 elementor-widget elementor-widget-heading\" data-id=\"3cf7179\" data-element_type=\"widget\" data-e-type=\"widget\" data-widget_type=\"heading.default\">\n\t\t\t\t<div class=\"elementor-widget-container\">\n\t\t\t\t\t<h1 class=\"elementor-heading-title elementor-size-default\">Returpolicy<\/h1>\t\t\t\t<\/div>\n\t\t\t\t<\/div>\n\t\t\t\t<div class=\"elementor-element elementor-element-46fafc8e elementor-widget elementor-widget-text-editor\" data-id=\"46fafc8e\" data-element_type=\"widget\" data-e-type=\"widget\" data-widget_type=\"text-editor.default\">\n\t\t\t\t<div class=\"elementor-widget-container\">\n\t\t\t\t\t\t\t\t\t<p>V\u00e5r policy g\u00e4ller i 30 dagar. Tyv\u00e4rr, om 30 dagar har g\u00e5tt sedan ditt k\u00f6p, kan vi inte erbjuda dig \u00e5terbetalning eller byte.<\/p><p>F\u00f6r att vara ber\u00e4ttigad till retur m\u00e5ste din vara vara oanv\u00e4nd och i samma skick som du tog emot den. Den m\u00e5ste ocks\u00e5 vara i originalf\u00f6rpackningen.<\/p><p>Flera typer av produkter kan inte returneras. \u00d6vriga varor som kosttillskott eller tidningar kan inte returneras. Vi accepterar inte heller produkter f\u00f6r intim eller sanit\u00e4r anv\u00e4ndning, farliga produkter eller brandfarliga gaser eller v\u00e4tskor.<\/p><p>Andra varor som inte kan returneras:<br \/>* Presentkort<br \/>* Nedladdningsbar programvara<br \/>* Vissa h\u00e4lso- och hygienprodukter<\/p><p>F\u00f6r att g\u00f6ra en retur m\u00e5ste du visa oss ett kvitto eller k\u00f6pbevis.<\/p><p>Det finns vissa situationer d\u00e4r endast en partiell \u00e5terbetalning kommer att ges: (i till\u00e4mpliga fall)<br \/>* B\u00f6cker med tydliga tecken p\u00e5 anv\u00e4ndning.<br \/>* CD-skivor, DVD-skivor, VHS-band, programvara, videospel, kassetter eller vinylskivor som har \u00f6ppnats.<br \/>* Alla f\u00f6rem\u00e5l som inte \u00e4r i originalskick, \u00e4r skadade eller saknar delar av sk\u00e4l som inte beror p\u00e5 ett fel fr\u00e5n v\u00e5r sida.<br \/>* Alla varor som returneras mer \u00e4n 30 dagar efter leverans.<\/p><h2>\u00a0<\/h2><h2>\u00c5terbetalningar (om n\u00e5gra)<\/h2><p>N\u00e4r vi har tagit emot och kontrollerat den returnerade varan skickar vi ett e-postmeddelande till dig f\u00f6r att bekr\u00e4fta att vi har tagit emot den. Vi kommer ocks\u00e5 att informera dig om v\u00e5rt beslut att godk\u00e4nna eller avsl\u00e5 din beg\u00e4ran om \u00e5terbetalning.<br \/>Om din beg\u00e4ran godk\u00e4nns kommer din \u00e5terbetalning att behandlas och en kredit kommer automatiskt att appliceras p\u00e5 ditt kreditkort eller din ursprungliga betalningsmetod inom ett visst antal dagar.<\/p><h2>F\u00f6rsenade eller saknade \u00e5terbetalningar (i till\u00e4mpliga fall)<\/h2><p>Om du \u00e4nnu inte har f\u00e5tt din \u00e5terbetalning, kontrollera ditt bankkonto igen f\u00f6rst.<br \/>Kontakta sedan din kreditkortsutgivare, eftersom det kan dr\u00f6ja innan din \u00e5terbetalning officiellt publiceras.<br \/>Kontakta sedan din bank. Det \u00e4r ofta en handl\u00e4ggningstid innan en \u00e5terbetalning bokf\u00f6rs.<br \/>Om du efter att ha genomf\u00f6rt alla dessa steg fortfarande inte har f\u00e5tt din \u00e5terbetalning, v\u00e4nligen kontakta oss p\u00e5 contact@bisque-wasp-399565.hostingersite.com.<br \/>F\u00f6rs\u00e4ljningsartiklar (i till\u00e4mpliga fall)<br \/>Endast ordinarie prissatta varor kan \u00e5terbetalas. Tyv\u00e4rr \u00e5terbetalas inte reavaror.<\/p><h2>Utbyten (d\u00e4r till\u00e4mpligt)<\/h2><p>Vi ers\u00e4tter endast en vara om den \u00e4r felaktig eller skadad. Om du vill byta den mot samma vara, skicka oss ett e-postmeddelande till contact@bisque-wasp-399565.hostingersite.com<\/p><h2>Cadeaux<\/h2><p>\u00a0<\/p><p>Om den returnerade varan identifierades som en g\u00e5va vid k\u00f6ptillf\u00e4llet och skickades direkt till dig, kommer du att f\u00e5 en presentkredit motsvarande v\u00e4rdet av din retur. N\u00e4r vi har tagit emot den returnerade varan skickas ett presentkort till dig per post.<\/p><p>Om varan inte identifierades som en g\u00e5va vid k\u00f6ptillf\u00e4llet, eller om g\u00e5vogivaren f\u00f6redrog att ta emot varan f\u00f6rst och ge den till dig senare, skickar vi en \u00e5terbetalning till g\u00e5vogivaren och de kommer att veta att du har returnerat saken.<\/p><h2>Frakt<\/h2><p>F\u00f6r att returnera en produkt m\u00e5ste du skicka den per post, kontakta oss via e-post f\u00f6r att f\u00e5 returadressen.<\/p><p>Du kommer att vara ansvarig f\u00f6r att betala dina egna fraktkostnader f\u00f6r att returnera din vara. Fraktkostnader \u00e5terbetalas inte. Om du f\u00e5r en \u00e5terbetalning dras returkostnaderna fr\u00e5n den.<\/p><p>Beroende p\u00e5 var du bor kan tiden det tar att f\u00e5 din utbytta produkt variera.<\/p><p>Om du skickar en vara v\u00e4rd mer \u00e4n \u00a375, b\u00f6r du \u00f6verv\u00e4ga att anv\u00e4nda en leveranstj\u00e4nst som l\u00e5ter dig sp\u00e5ra f\u00f6rs\u00e4ndelsen eller teckna leveransf\u00f6rs\u00e4kring. Vi garanterar inte att vi f\u00e5r varan du returnerar.<\/p>\t\t\t\t\t\t\t\t<\/div>\n\t\t\t\t<\/div>\n\t\t\t\t\t<\/div>\n\t\t<\/div>\n\t\t\t\t\t<\/div>\n\t\t<\/section>\n\t\t\t\t<\/div>","protected":false},"excerpt":{"rendered":"<p>Return Policy Our policy lasts for 30 days. Unfortunately, if 30 days have passed since your purchase, we cannot offer you a refund or exchange. To be eligible for a return, your item must be unused and in the same condition in which you received it. It must also be in its original packaging. Several [&hellip;]<\/p>\n","protected":false},"author":1,"featured_media":0,"parent":0,"menu_order":0,"comment_status":"closed","ping_status":"closed","template":"elementor_header_footer","meta":{"_seopress_robots_primary_cat":"","_seopress_titles_title":"Returns policy","_seopress_titles_desc":"Our returns policy page.","_seopress_robots_index":"","site-sidebar-layout":"default","site-content-layout":"","ast-site-content-layout":"default","site-content-style":"default","site-sidebar-style":"default","ast-global-header-display":"","ast-banner-title-visibility":"","ast-main-header-display":"","ast-hfb-above-header-display":"","ast-hfb-below-header-display":"","ast-hfb-mobile-header-display":"","site-post-title":"","ast-breadcrumbs-content":"","ast-featured-img":"","footer-sml-layout":"","ast-disable-related-posts":"","theme-transparent-header-meta":"","adv-header-id-meta":"","stick-header-meta":"","header-above-stick-meta":"","header-main-stick-meta":"","header-below-stick-meta":"","astra-migrate-meta-layouts":"set","ast-page-background-enabled":"default","ast-page-background-meta":{"desktop":{"background-color":"var(--ast-global-color-4)","background-image":"","background-repeat":"repeat","background-position":"center center","background-size":"auto","background-attachment":"scroll","background-type":"","background-media":"","overlay-type":"","overlay-color":"","overlay-opacity":"","overlay-gradient":""},"tablet":{"background-color":"","background-image":"","background-repeat":"repeat","background-position":"center center","background-size":"auto","background-attachment":"scroll","background-type":"","background-media":"","overlay-type":"","overlay-color":"","overlay-opacity":"","overlay-gradient":""},"mobile":{"background-color":"","background-image":"","background-repeat":"repeat","background-position":"center center","background-size":"auto","background-attachment":"scroll","background-type":"","background-media":"","overlay-type":"","overlay-color":"","overlay-opacity":"","overlay-gradient":""}},"ast-content-background-meta":{"desktop":{"background-color":"var(--ast-global-color-5)","background-image":"","background-repeat":"repeat","background-position":"center center","background-size":"auto","background-attachment":"scroll","background-type":"","background-media":"","overlay-type":"","overlay-color":"","overlay-opacity":"","overlay-gradient":""},"tablet":{"background-color":"var(--ast-global-color-5)","background-image":"","background-repeat":"repeat","background-position":"center center","background-size":"auto","background-attachment":"scroll","background-type":"","background-media":"","overlay-type":"","overlay-color":"","overlay-opacity":"","overlay-gradient":""},"mobile":{"background-color":"var(--ast-global-color-5)","background-image":"","background-repeat":"repeat","background-position":"center center","background-size":"auto","background-attachment":"scroll","background-type":"","background-media":"","overlay-type":"","overlay-color":"","overlay-opacity":"","overlay-gradient":""}},"footnotes":""},"class_list":["post-116","page","type-page","status-publish"],"_links":{"self":[{"href":"https:\/\/bye-pain.com\/sv\/wp-json\/wp\/v2\/pages\/116","targetHints":{"allow":["GET"]}}],"collection":[{"href":"https:\/\/bye-pain.com\/sv\/wp-json\/wp\/v2\/pages"}],"about":[{"href":"https:\/\/bye-pain.com\/sv\/wp-json\/wp\/v2\/types\/page"}],"author":[{"embeddable":true,"href":"https:\/\/bye-pain.com\/sv\/wp-json\/wp\/v2\/users\/1"}],"replies":[{"embeddable":true,"href":"https:\/\/bye-pain.com\/sv\/wp-json\/wp\/v2\/comments?post=116"}],"version-history":[{"count":0,"href":"https:\/\/bye-pain.com\/sv\/wp-json\/wp\/v2\/pages\/116\/revisions"}],"wp:attachment":[{"href":"https:\/\/bye-pain.com\/sv\/wp-json\/wp\/v2\/media?parent=116"}],"curies":[{"name":"wp","href":"https:\/\/api.w.org\/{rel}","templated":true}]}}