{"id":112,"date":"2021-03-11T10:02:09","date_gmt":"2021-03-11T09:02:09","guid":{"rendered":"https:\/\/bisque-wasp-399565.hostingersite.com\/?page_id=112"},"modified":"2025-04-13T23:05:08","modified_gmt":"2025-04-13T22:05:08","slug":"juridiska-meddelanden-2","status":"publish","type":"page","link":"https:\/\/bye-pain.com\/sv\/legal-notices","title":{"rendered":"Juridiska meddelanden"},"content":{"rendered":"<div data-elementor-type=\"wp-page\" data-elementor-id=\"112\" class=\"elementor elementor-112\" data-elementor-post-type=\"page\">\n\t\t\t\t\t\t<section class=\"elementor-section elementor-top-section elementor-element elementor-element-39424204 elementor-section-boxed elementor-section-height-default elementor-section-height-default\" data-id=\"39424204\" data-element_type=\"section\" data-e-type=\"section\">\n\t\t\t\t\t\t<div class=\"elementor-container elementor-column-gap-default\">\n\t\t\t\t\t<div class=\"elementor-column elementor-col-100 elementor-top-column elementor-element elementor-element-31a035ae\" data-id=\"31a035ae\" data-element_type=\"column\" data-e-type=\"column\">\n\t\t\t<div class=\"elementor-widget-wrap elementor-element-populated\">\n\t\t\t\t\t\t<div class=\"elementor-element elementor-element-0b9f4d6 elementor-widget elementor-widget-heading\" data-id=\"0b9f4d6\" data-element_type=\"widget\" data-e-type=\"widget\" data-widget_type=\"heading.default\">\n\t\t\t\t<div class=\"elementor-widget-container\">\n\t\t\t\t\t<h1 class=\"elementor-heading-title elementor-size-default\">Juridisk information<\/h1>\t\t\t\t<\/div>\n\t\t\t\t<\/div>\n\t\t\t\t<div class=\"elementor-element elementor-element-76c3e160 elementor-widget elementor-widget-text-editor\" data-id=\"76c3e160\" data-element_type=\"widget\" data-e-type=\"widget\" data-widget_type=\"text-editor.default\">\n\t\t\t\t<div class=\"elementor-widget-container\">\n\t\t\t\t\t\t\t\t\t<h1 style=\"text-align: center;\">\u00a0<\/h1><div><h2>1. Presentation av sajten.<\/h2><div><p>I enlighet med artikel 6 i lag nr 2004-575 av den 21 juni 2004 om f\u00f6rtroende f\u00f6r den digitala ekonomin, informeras anv\u00e4ndare av webbplatsen bye-pain.com om identiteten p\u00e5 de olika parter som \u00e4r involverade i att skapa och \u00f6vervaka den:<\/p><p>Owner: SEBASTIEN HEIM &#8211; 78 avenue des Champs Elys\u00e9es &#8211; Bureau 562 &#8211; 75008 Paris &#8211; France. Siret: 83353766500022<\/p><p>Ansvarig f\u00f6r publicering \u00e4r en fysisk person eller en juridisk person.<\/p><p>V\u00e4rd: OVH SAS: 2 rue Kellermann \u2013 BP 80157 59053 ROUBAIX CEDEX 1 \u2013 Frankrike<\/p><h3>2. Allm\u00e4nna villkor f\u00f6r anv\u00e4ndning av webbplatsen och de tj\u00e4nster som erbjuds.<\/h3><p>Anv\u00e4ndning av bye-pain.com-webbplatsen f\u00f6ruts\u00e4tter fullst\u00e4ndigt godk\u00e4nnande av de allm\u00e4nna anv\u00e4ndarvillkoren som anges nedan. Dessa anv\u00e4ndarvillkor kan \u00e4ndras eller kompletteras n\u00e4r som helst, och anv\u00e4ndare av webbplatsen bye-pain.fr rekommenderas d\u00e4rf\u00f6r att konsultera dem regelbundet.<\/p><p>Denna webbplats \u00e4r normalt tillg\u00e4nglig f\u00f6r anv\u00e4ndare hela tiden. D\u00e4remot kan SEBASTIEN HEIM besluta att avbryta webbplatsen f\u00f6r tekniskt underh\u00e5ll, i vilket fall den kommer att str\u00e4va efter att informera anv\u00e4ndarna om datum och tider f\u00f6r ingreppet i f\u00f6rv\u00e4g.<\/p><p>Webbplatsen bye-pain.com uppdateras regelbundet av Bye Pain. P\u00e5 samma s\u00e4tt kan de juridiska meddelandena \u00e4ndras n\u00e4r som helst: de \u00e4r \u00e4nd\u00e5 bindande f\u00f6r anv\u00e4ndaren, som uppmanas att h\u00e4nvisa till dem s\u00e5 ofta som m\u00f6jligt f\u00f6r att l\u00e4sa dem.<\/p><h3>3. Beskrivning av tillhandah\u00e5llna tj\u00e4nster.<\/h3><p>Syftet med webbplatsen bye-pain.com \u00e4r att ge information om f\u00f6retagets alla aktiviteter.<\/p><p>Bye Pain str\u00e4var efter att tillhandah\u00e5lla information p\u00e5 webbsidan bye-pain.fr som \u00e4r s\u00e5 korrekt som m\u00f6jligt. Det kan dock inte h\u00e5llas ansvarigt f\u00f6r utel\u00e4mnanden, felaktigheter eller brister i uppdateringen, oavsett om dessa \u00e4r dess fel eller fel p\u00e5 tredjepartspartners som f\u00f6rser den med denna information.<\/p><p>All information som tillhandah\u00e5lls p\u00e5 bye-pain.com webbplats ges endast i informationssyfte och kan komma att \u00e4ndras. Dessutom \u00e4r informationen p\u00e5 bye-pain.com-webbplatsen inte utt\u00f6mmande. Det \u00e4r f\u00f6rem\u00e5l f\u00f6r \u00e4ndringar som har gjorts sedan det lades ut.<\/p><h3>4. Avtalsbegr\u00e4nsningar f\u00f6r tekniska data.<\/h3><p>Webbplatsen anv\u00e4nder JavaScript-teknik.<\/p><p>Webbplatsen kan inte h\u00e5llas ansvarig f\u00f6r eventuella materiella skador kopplade till anv\u00e4ndningen av webbplatsen. Dessutom f\u00f6rbinder sig anv\u00e4ndare av webbplatsen att komma \u00e5t sidan med hj\u00e4lp av nyare, virusfri utrustning och med en uppdaterad, senaste generationens webbl\u00e4sare.<\/p><h3>5. Immateriella r\u00e4ttigheter och f\u00f6rfalskning.<\/h3><p>SEBASTIEN HEIM \u00e4r \u00e4garen av de immateriella r\u00e4ttigheterna eller innehar nyttjander\u00e4tten till alla delar som \u00e4r tillg\u00e4ngliga p\u00e5 webbplatsen, s\u00e4rskilt texter, bilder, grafik, logotyper, ikoner, ljud och programvara.<\/p><p>All reproduktion, representation, modifiering, publicering, anpassning av hela eller delar av delar av webbplatsen, oavsett medel eller process som anv\u00e4nds, \u00e4r f\u00f6rbjuden, f\u00f6rutom med skriftligt f\u00f6rhandsgodk\u00e4nnande fr\u00e5n SEBASTIEN HEIM.<\/p><p>All otill\u00e5ten anv\u00e4ndning av webbplatsen eller av n\u00e5gon av de delar den inneh\u00e5ller kommer att anses utg\u00f6ra en intr\u00e5ng och kommer att \u00e5talas i enlighet med best\u00e4mmelserna i artiklarna L.335-2 och f\u00f6ljande. i den franska lagen om immaterialr\u00e4tt.<\/p><h3>6. Ansvarsbegr\u00e4nsning.<\/h3><p>SEBASTIEN HEIM kan inte h\u00e5llas ansvarigt f\u00f6r direkta eller indirekta skador som orsakats av anv\u00e4ndarens utrustning vid tilltr\u00e4de till bye-pain.com-webbplatsen, antingen till f\u00f6ljd av anv\u00e4ndning av utrustning som inte uppfyller specifikationerna som anges i punkt 4, eller av utseendet p\u00e5 en bugg eller inkompatibilitet.<\/p><p>SEBASTIEN HEIM kan inte heller h\u00e5llas ansvarig f\u00f6r indirekt skada (s\u00e5som f\u00f6rlust av marknad eller f\u00f6rlust av m\u00f6jligheter) till f\u00f6ljd av anv\u00e4ndningen av webbplatsen bye-pain.fr.<\/p><p>Interaktiva ytor (m\u00f6jlighet att st\u00e4lla fr\u00e5gor i kontaktytan) \u00e4r tillg\u00e4ngliga f\u00f6r anv\u00e4ndarna. SEBASTIEN HEIM f\u00f6rbeh\u00e5ller sig r\u00e4tten att utan f\u00f6reg\u00e5ende meddelande radera allt inneh\u00e5ll som publicerats i detta omr\u00e5de som strider mot den lagstiftning som \u00e4r till\u00e4mplig i Frankrike, s\u00e4rskilt best\u00e4mmelserna om dataskydd. I till\u00e4mpliga fall f\u00f6rbeh\u00e5ller sig SEBASTIEN HEIM ocks\u00e5 r\u00e4tten att h\u00e5lla anv\u00e4ndaren civilr\u00e4ttsligt och\/eller straffr\u00e4ttsligt ansvarig, s\u00e4rskilt i h\u00e4ndelse av meddelanden av rasistisk, kr\u00e4nkande, \u00e4rekr\u00e4nkande eller pornografisk karakt\u00e4r, oavsett vilket medium som anv\u00e4nds (text, fotografier, etc.).<\/p><h3>7. Personuppgiftshantering.<\/h3><p>I Frankrike \u00e4r personuppgifter skyddade av lag nr. 78-87 den 6 januari 1978, lag nr. 2004-801 av den 6 augusti 2004, artikel L. 226-13 i strafflagen och Europadirektivet av den 24 oktober 1995.<\/p><p>N\u00e4r du anv\u00e4nder bye-pain.com-webbplatsen kan f\u00f6ljande information samlas in: URL:en till l\u00e4nkarna genom vilka anv\u00e4ndaren gick in p\u00e5 bye-pain.com-webbplatsen, anv\u00e4ndarens \u00e5tkomstleverant\u00f6r, anv\u00e4ndarens IP-adress (Internet Protocol).<\/p><p>Under alla omst\u00e4ndigheter samlar SEBASTIEN HEIM endast in personlig information om anv\u00e4ndaren f\u00f6r \u00e4ndam\u00e5len med vissa tj\u00e4nster som erbjuds av webbplatsen bye-pain.fr. Anv\u00e4ndare tillhandah\u00e5ller denna information med full kunskap om fakta, s\u00e4rskilt n\u00e4r de anger den sj\u00e4lva. Anv\u00e4ndare av bye-pain.com-webbplatsen informeras sedan om huruvida de \u00e4r skyldiga att tillhandah\u00e5lla denna information eller inte.<\/p><p>I enlighet med best\u00e4mmelserna i artiklarna 38 ff. i lag 78-17 av den 6 januari 1978 om databehandling, datafiler och individuella friheter, har alla anv\u00e4ndare r\u00e4tt att f\u00e5 tillg\u00e5ng till, korrigera och inv\u00e4nda mot alla personuppgifter som r\u00f6r dem, genom att g\u00f6ra en skriftlig och undertecknad beg\u00e4ran, \u00e5tf\u00f6ljd av en kopia av identitetshandlingen med underskrift av innehavaren av handlingen och med angivande av adressen till vilken svaret ska skickas.<\/p><p>Ingen personlig information om anv\u00e4ndaren av bye-pain.com webbplats publiceras utan anv\u00e4ndarens vetskap, utbyts, \u00f6verf\u00f6rs, tilldelas eller s\u00e4ljs p\u00e5 n\u00e5got medium till tredje part. Endast antagandet om \u00e5terk\u00f6pet av SEBASTIEN HEIM och dess r\u00e4ttigheter skulle till\u00e5ta \u00f6verf\u00f6ring av ovann\u00e4mnda information till den m\u00f6jliga k\u00f6paren som i sin tur skulle h\u00e5llas med samma skyldighet att bevara och \u00e4ndra uppgifterna med avseende p\u00e5 anv\u00e4ndaren av bye- pain.com webbplats.<\/p><p>Databaser skyddas av best\u00e4mmelserna i lagen av den 1 juli 1998 om inf\u00f6rlivande av direktiv 96\/9 av den 11 mars 1996 om r\u00e4ttsligt skydd f\u00f6r databaser.<\/p><h3>8. Hypertextl\u00e4nkar och cookies.<\/h3><p>Sajten bye-pain.com inneh\u00e5ller ett antal hypertextl\u00e4nkar till andra sajter, skapade med tillst\u00e5nd fr\u00e5n Rocket marknadsf\u00f6ring. SEBASTIEN HEIM har dock inte m\u00f6jlighet att kontrollera inneh\u00e5llet p\u00e5 webbplatser som bes\u00f6ks p\u00e5 detta s\u00e4tt, och tar f\u00f6ljaktligen inget ansvar i detta avseende.<\/p><p>Att surfa p\u00e5 bye-pain.com-webbplatsen kan resultera i installation av kakor p\u00e5 anv\u00e4ndarens dator. En cookie \u00e4r en liten fil som inte g\u00f6r att anv\u00e4ndaren kan identifieras, men som registrerar information om hur man surfar p\u00e5 en dator p\u00e5 en webbplats. Uppgifterna som erh\u00e5lls p\u00e5 detta s\u00e4tt \u00e4r avsedda att underl\u00e4tta efterf\u00f6ljande surfning p\u00e5 sajten och anv\u00e4nds \u00e4ven f\u00f6r att m\u00e4ta antalet bes\u00f6kare.<\/p><p>Att v\u00e4gra att installera en cookie kan g\u00f6ra det om\u00f6jligt att komma \u00e5t vissa tj\u00e4nster. Anv\u00e4ndare kan dock konfigurera sin dator enligt f\u00f6ljande f\u00f6r att neka installation av cookies:<\/p><p>I Internet Explorer: Fliken Verktyg (hjulformad ikon uppe till h\u00f6ger) \/ Internetalternativ. Klicka p\u00e5 Sekretess och v\u00e4lj Blockera alla cookies. Bekr\u00e4fta med Ok.<\/p><p>Firefox: h\u00f6gst upp i webbl\u00e4sarf\u00f6nstret klickar du p\u00e5 Firefox-knappen och g\u00e5r sedan till fliken Alternativ. Klicka p\u00e5 fliken Sekretess. St\u00e4ll in lagringsreglerna till: anv\u00e4nd personliga inst\u00e4llningar f\u00f6r historik. Slutligen, avmarkera den f\u00f6r att inaktivera cookies.<\/p><p>P\u00e5 Safari: Klicka p\u00e5 menyikonen (symboliserad med en kugg) i webbl\u00e4sarens \u00f6vre h\u00f6gra h\u00f6rn. V\u00e4lj Inst\u00e4llningar. Klicka p\u00e5 Visa avancerade inst\u00e4llningar. I avsnittet &quot;Konfidentialitet&quot;, klicka p\u00e5 Inneh\u00e5llsinst\u00e4llningar. I avsnittet &quot;Cookies&quot; kan du blockera cookies.<\/p><p>I Chrome: Klicka p\u00e5 menyikonen (symboliserad med tre horisontella linjer) i webbl\u00e4sarens \u00f6vre h\u00f6gra h\u00f6rn. V\u00e4lj Inst\u00e4llningar. Klicka p\u00e5 Visa avancerade inst\u00e4llningar. I avsnittet &quot;Konfidentialitet&quot;, klicka p\u00e5 inst\u00e4llningar. P\u00e5 fliken &quot;Sekretess&quot; kan du blockera cookies.<\/p><h3>9. Till\u00e4mplig lag och jurisdiktion.<\/h3><p>Varje tvist som uppst\u00e5r fr\u00e5n anv\u00e4ndningen av bye-pain.com-webbplatsen \u00e4r f\u00f6rem\u00e5l f\u00f6r fransk lag. De beh\u00f6riga domstolarna i Paris har exklusiv jurisdiktion.<\/p><h3>10. De huvudsakliga ber\u00f6rda lagarna.<\/h3><p>Lag nr. 78-17 den 6 januari 1978, i dess lydelse genom lag nr. 2004-801 av den 6 augusti 2004 om databehandling, datafiler och individuella friheter.<\/p><p>Lag nr. 2004-575 av den 21 juni 2004 om f\u00f6rtroende f\u00f6r den digitala ekonomin.<\/p><h3>11. Ordlista.<\/h3><p>Anv\u00e4ndare: Internetanv\u00e4ndare som ansluter till och anv\u00e4nder ovann\u00e4mnda webbplats.<\/p><p>Personuppgifter: \u201dupplysningar som m\u00f6jligg\u00f6r, i vilken form som helst, direkt eller indirekt, identifiering av de fysiska personer som den g\u00e4ller\u201d (artikel 4 i lag nr 78-17 den 6 januari 1978).<\/p><\/div><\/div>\t\t\t\t\t\t\t\t<\/div>\n\t\t\t\t<\/div>\n\t\t\t\t\t<\/div>\n\t\t<\/div>\n\t\t\t\t\t<\/div>\n\t\t<\/section>\n\t\t\t\t<\/div>","protected":false},"excerpt":{"rendered":"<p>Legal information \u00a0 1. Presentation of the site. Pursuant to Article 6 of Law No. 2004-575 of 21 June 2004 on confidence in the digital economy, users of the bye-pain.com website are informed of the identity of the various parties involved in its creation and monitoring: Owner: SEBASTIEN HEIM &#8211; 78 avenue des Champs Elys\u00e9es [&hellip;]<\/p>\n","protected":false},"author":1,"featured_media":0,"parent":0,"menu_order":0,"comment_status":"closed","ping_status":"closed","template":"elementor_header_footer","meta":{"_seopress_robots_primary_cat":"","_seopress_titles_title":"Legal Notices","_seopress_titles_desc":"Legal notice page","_seopress_robots_index":"","site-sidebar-layout":"default","site-content-layout":"","ast-site-content-layout":"default","site-content-style":"default","site-sidebar-style":"default","ast-global-header-display":"","ast-banner-title-visibility":"","ast-main-header-display":"","ast-hfb-above-header-display":"","ast-hfb-below-header-display":"","ast-hfb-mobile-header-display":"","site-post-title":"","ast-breadcrumbs-content":"","ast-featured-img":"","footer-sml-layout":"","ast-disable-related-posts":"","theme-transparent-header-meta":"","adv-header-id-meta":"","stick-header-meta":"","header-above-stick-meta":"","header-main-stick-meta":"","header-below-stick-meta":"","astra-migrate-meta-layouts":"set","ast-page-background-enabled":"default","ast-page-background-meta":{"desktop":{"background-color":"var(--ast-global-color-4)","background-image":"","background-repeat":"repeat","background-position":"center center","background-size":"auto","background-attachment":"scroll","background-type":"","background-media":"","overlay-type":"","overlay-color":"","overlay-opacity":"","overlay-gradient":""},"tablet":{"background-color":"","background-image":"","background-repeat":"repeat","background-position":"center center","background-size":"auto","background-attachment":"scroll","background-type":"","background-media":"","overlay-type":"","overlay-color":"","overlay-opacity":"","overlay-gradient":""},"mobile":{"background-color":"","background-image":"","background-repeat":"repeat","background-position":"center center","background-size":"auto","background-attachment":"scroll","background-type":"","background-media":"","overlay-type":"","overlay-color":"","overlay-opacity":"","overlay-gradient":""}},"ast-content-background-meta":{"desktop":{"background-color":"var(--ast-global-color-5)","background-image":"","background-repeat":"repeat","background-position":"center center","background-size":"auto","background-attachment":"scroll","background-type":"","background-media":"","overlay-type":"","overlay-color":"","overlay-opacity":"","overlay-gradient":""},"tablet":{"background-color":"var(--ast-global-color-5)","background-image":"","background-repeat":"repeat","background-position":"center center","background-size":"auto","background-attachment":"scroll","background-type":"","background-media":"","overlay-type":"","overlay-color":"","overlay-opacity":"","overlay-gradient":""},"mobile":{"background-color":"var(--ast-global-color-5)","background-image":"","background-repeat":"repeat","background-position":"center center","background-size":"auto","background-attachment":"scroll","background-type":"","background-media":"","overlay-type":"","overlay-color":"","overlay-opacity":"","overlay-gradient":""}},"footnotes":""},"class_list":["post-112","page","type-page","status-publish"],"_links":{"self":[{"href":"https:\/\/bye-pain.com\/sv\/wp-json\/wp\/v2\/pages\/112","targetHints":{"allow":["GET"]}}],"collection":[{"href":"https:\/\/bye-pain.com\/sv\/wp-json\/wp\/v2\/pages"}],"about":[{"href":"https:\/\/bye-pain.com\/sv\/wp-json\/wp\/v2\/types\/page"}],"author":[{"embeddable":true,"href":"https:\/\/bye-pain.com\/sv\/wp-json\/wp\/v2\/users\/1"}],"replies":[{"embeddable":true,"href":"https:\/\/bye-pain.com\/sv\/wp-json\/wp\/v2\/comments?post=112"}],"version-history":[{"count":0,"href":"https:\/\/bye-pain.com\/sv\/wp-json\/wp\/v2\/pages\/112\/revisions"}],"wp:attachment":[{"href":"https:\/\/bye-pain.com\/sv\/wp-json\/wp\/v2\/media?parent=112"}],"curies":[{"name":"wp","href":"https:\/\/api.w.org\/{rel}","templated":true}]}}