{"id":3,"date":"2021-03-02T16:03:31","date_gmt":"2021-03-02T15:03:31","guid":{"rendered":"https:\/\/bisque-wasp-399565.hostingersite.com\/?page_id=3"},"modified":"2024-02-10T22:17:11","modified_gmt":"2024-02-10T22:17:11","slug":"politica-de-privacidade-2","status":"publish","type":"page","link":"https:\/\/bye-pain.com\/pt\/privacy-policy","title":{"rendered":"pol\u00edtica de Privacidade"},"content":{"rendered":"<div data-elementor-type=\"wp-page\" data-elementor-id=\"3\" class=\"elementor elementor-3\" data-elementor-post-type=\"page\">\n\t\t\t\t\t\t<section class=\"elementor-section elementor-top-section elementor-element elementor-element-5c56538a elementor-section-boxed elementor-section-height-default elementor-section-height-default\" data-id=\"5c56538a\" data-element_type=\"section\" data-e-type=\"section\">\n\t\t\t\t\t\t<div class=\"elementor-container elementor-column-gap-default\">\n\t\t\t\t\t<div class=\"elementor-column elementor-col-100 elementor-top-column elementor-element elementor-element-428eed4d\" data-id=\"428eed4d\" data-element_type=\"column\" data-e-type=\"column\">\n\t\t\t<div class=\"elementor-widget-wrap elementor-element-populated\">\n\t\t\t\t\t\t<div class=\"elementor-element elementor-element-dd63083 elementor-widget elementor-widget-heading\" data-id=\"dd63083\" data-element_type=\"widget\" data-e-type=\"widget\" data-widget_type=\"heading.default\">\n\t\t\t\t<div class=\"elementor-widget-container\">\n\t\t\t\t\t<h1 class=\"elementor-heading-title elementor-size-default\">pol\u00edtica de Privacidade<\/h1>\t\t\t\t<\/div>\n\t\t\t\t<\/div>\n\t\t\t\t<div class=\"elementor-element elementor-element-7880b05 elementor-widget elementor-widget-text-editor\" data-id=\"7880b05\" data-element_type=\"widget\" data-e-type=\"widget\" data-widget_type=\"text-editor.default\">\n\t\t\t\t<div class=\"elementor-widget-container\">\n\t\t\t\t\t\t\t\t\t<h1 class=\"entry-title main_title\" style=\"text-align: center;\">\u00a0<\/h1><div class=\"entry-content\"><h2>Quem somos n\u00f3s?<\/h2><p>O endere\u00e7o do nosso site \u00e9: https:\/\/bisque-wasp-399565.hostingersite.com<\/p><p>Voc\u00ea pode nos contatar no seguinte endere\u00e7o de e-mail: contact@bisque-wasp-399565.hostingersite.com<\/p><h2>Utiliza\u00e7\u00e3o de dados pessoais recolhidos<\/h2><p>Ao fazer um pedido ou criar uma conta, voc\u00ea concorda em receber ofertas e promo\u00e7\u00f5es por email e\/ou telefone.<\/p><h3>Coment\u00e1rios<\/h3><p>Quando voc\u00ea deixa um coment\u00e1rio em nosso site, os dados inseridos no formul\u00e1rio de coment\u00e1rios, seu endere\u00e7o IP e o agente do usu\u00e1rio do seu navegador s\u00e3o coletados para nos ajudar a detectar coment\u00e1rios indesej\u00e1veis.<\/p><p>Uma string anonimizada criada a partir do seu endere\u00e7o de e-mail (tamb\u00e9m conhecida como hash) pode ser enviada ao servi\u00e7o Gravatar para verificar se voc\u00ea a est\u00e1 usando. As cl\u00e1usulas de confidencialidade do servi\u00e7o Gravatar est\u00e3o dispon\u00edveis aqui: https:\/\/automattic.com\/privacy\/. Depois que seu coment\u00e1rio for validado, sua foto de perfil ficar\u00e1 vis\u00edvel publicamente ao lado de seu coment\u00e1rio.<\/p><h3>meios de comunica\u00e7\u00e3o<\/h3><p>Se voc\u00ea \u00e9 um usu\u00e1rio registrado e faz upload de imagens para o site, aconselhamos evitar o upload de imagens que contenham dados EXIF de coordenadas GPS. Os visitantes do seu site podem baixar e extrair dados de localiza\u00e7\u00e3o dessas imagens.<\/p><h3>Formul\u00e1rios de contato<\/h3><p>Para entrar em contato conosco, escreva para contact@bisque-wasp-399565.hostingersite.com ou por correio para Bye pain \u2013 78, Avenue des Champs-\u00c9lys\u00e9es, Bureau 562, 75008 Paris \u2013 Fran\u00e7a<\/p><h3>Biscoitos<\/h3><p>Se voc\u00ea deixar um coment\u00e1rio em nosso site, ser\u00e1 solicitado que voc\u00ea salve seu nome, endere\u00e7o de e-mail e site nos cookies. Isto \u00e9 puramente para sua conveni\u00eancia, para que voc\u00ea n\u00e3o precise inserir essas informa\u00e7\u00f5es se deixar outro coment\u00e1rio posteriormente. Estes cookies expiram ap\u00f3s um ano.<\/p><p>Se voc\u00ea acessar a p\u00e1gina de login, um cookie tempor\u00e1rio ser\u00e1 criado para determinar se o seu navegador aceita cookies. Ele n\u00e3o cont\u00e9m nenhum dado pessoal e ser\u00e1 exclu\u00eddo automaticamente quando voc\u00ea fechar o navegador.<\/p><p>Quando voc\u00ea fizer login, definiremos v\u00e1rios cookies para registrar suas informa\u00e7\u00f5es de login e prefer\u00eancias de tela. A vida \u00fatil de um cookie de conex\u00e3o \u00e9 de dois dias, e a de um cookie de op\u00e7\u00e3o de tela \u00e9 de um ano. Se voc\u00ea marcar \u201cLembrar-me\u201d, seu cookie de conex\u00e3o ser\u00e1 mantido por quinze dias. Se voc\u00ea sair da sua conta, o cookie de login ser\u00e1 exclu\u00eddo.<\/p><p>Ao modificar ou publicar uma publica\u00e7\u00e3o, um cookie adicional ser\u00e1 armazenado no seu navegador. Este cookie n\u00e3o cont\u00e9m quaisquer dados pessoais. Simplesmente indica o ID da publica\u00e7\u00e3o que voc\u00ea acabou de modificar. Ele expira ap\u00f3s um dia.<\/p><h3>Conte\u00fado incorporado de outros sites<\/h3><p>Os artigos neste site podem incluir conte\u00fado incorporado (por exemplo, v\u00eddeos, imagens, artigos, etc.). O conte\u00fado incorporado de outros sites se comporta da mesma maneira como se o visitante estivesse visitando esse outro site.<\/p><p>Esses sites podem coletar dados sobre voc\u00ea, usar cookies, incorporar ferramentas de rastreamento de terceiros e rastrear suas intera\u00e7\u00f5es com esse conte\u00fado incorporado se voc\u00ea tiver uma conta conectada no site deles.<\/p><h3>Estat\u00edsticas e medi\u00e7\u00e3o de audi\u00eancia<\/h3><p>Utilizamos tecnologias como cookies para personalizar conte\u00fado e publicidade, fornecer funcionalidades de m\u00eddia social e analisar o tr\u00e1fego do site. Compartilhamos informa\u00e7\u00f5es sobre o uso do site com nossos parceiros confi\u00e1veis de m\u00eddia social, publicidade e an\u00e1lise.<\/p><p>Para medir certas estat\u00edsticas relacionadas com diferentes jornadas do cliente, utilizamos o Google Analytics, pode consultar a sua pol\u00edtica de confidencialidade no seguinte endere\u00e7o: https:\/\/policies.google.com\/privacy?hl=fr .<\/p><p>Tamb\u00e9m usamos o pixel do Facebook. Voc\u00ea pode consultar a pol\u00edtica de confidencialidade no seguinte endere\u00e7o: https:\/\/www.facebook.com\/payments_terms\/privacy<\/p><h2>Per\u00edodos de armazenamento dos seus dados<\/h2><p>Se voc\u00ea deixar um coment\u00e1rio, o coment\u00e1rio e seus metadados ser\u00e3o mantidos indefinidamente. Isso torna poss\u00edvel reconhecer e aprovar automaticamente os coment\u00e1rios subsequentes, em vez de deix\u00e1-los na fila de modera\u00e7\u00e3o.<\/p><p>Para os utilizadores que se registam no nosso site (quando poss\u00edvel), guardamos tamb\u00e9m os dados pessoais indicados no seu perfil. Todos os usu\u00e1rios podem visualizar, modificar ou excluir suas informa\u00e7\u00f5es pessoais a qualquer momento (com exce\u00e7\u00e3o do nome de usu\u00e1rio). Os gerentes de site tamb\u00e9m podem visualizar e modificar essas informa\u00e7\u00f5es.<\/p><h2>Os direitos que voc\u00ea tem sobre seus dados<\/h2><p>Se voc\u00ea possui uma conta ou deixou coment\u00e1rios no site, poder\u00e1 solicitar o recebimento de um arquivo contendo todos os dados pessoais que mantemos sobre voc\u00ea, incluindo aqueles que voc\u00ea nos forneceu. Poder\u00e1 tamb\u00e9m solicitar a elimina\u00e7\u00e3o dos seus dados pessoais. Isto n\u00e3o inclui dados armazenados para fins administrativos, legais ou de seguran\u00e7a.<\/p><h2>Transmiss\u00e3o dos seus dados pessoais<\/h2><p>Os coment\u00e1rios dos visitantes podem ser verificados usando um servi\u00e7o automatizado para detectar coment\u00e1rios indesej\u00e1veis.<\/p><h2>Informa\u00e7\u00f5es de contato<\/h2><p>Voc\u00ea pode entrar em contato conosco por e-mail no seguinte endere\u00e7o: contact@bisque-wasp-399565.hostingersite.com ou por correio para Bye pain \u2013 78, Avenue des Champs-\u00c9lys\u00e9es, Bureau 562, 75008 Paris \u2013 Fran\u00e7a<\/p><h2>O que coletamos e armazenamos<\/h2><p>Durante sua visita ao site, rastreamos:<\/p><ul><li>Produtos que voc\u00ea viu: usamos estes para, por exemplo, exibir produtos que voc\u00ea viu recentemente.<\/li><li>Localiza\u00e7\u00e3o, endere\u00e7o IP e tipo de navegador: usamos para estimar impostos e taxas de entrega<\/li><li>Endere\u00e7o de entrega: solicitaremos que voc\u00ea o insira para estimar os custos de entrega antes de fazer seu pedido e para lhe enviar o pedido!<\/li><\/ul><p>Utilizamos cookies para acompanhar o conte\u00fado do seu carrinho de compras enquanto voc\u00ea navega em nosso site.<\/p><p>Quando voc\u00ea compra em nosso site, solicitaremos que voc\u00ea forne\u00e7a informa\u00e7\u00f5es, incluindo seu nome, endere\u00e7o de cobran\u00e7a, endere\u00e7o de entrega, endere\u00e7o de e-mail, n\u00famero de telefone, detalhes de pagamento\/cart\u00e3o de cr\u00e9dito e possivelmente detalhes da conta, como nome de usu\u00e1rio e senha. Essas informa\u00e7\u00f5es ser\u00e3o usadas para:<\/p><ul><li>Envio de informa\u00e7\u00f5es sobre sua conta e pedido<\/li><li>Responder a perguntas, incluindo reembolsos e reclama\u00e7\u00f5es<\/li><li>Processamento de pagamentos e preven\u00e7\u00e3o de fraudes<\/li><li>Configure sua conta em nossa loja<\/li><li>Cumprir quaisquer obriga\u00e7\u00f5es legais, como c\u00e1lculo de impostos<br \/>Melhorar as ofertas da nossa loja<\/li><li>Enviar mensagens de marketing, se voc\u00ea decidir receb\u00ea-las<\/li><\/ul><p>Se voc\u00ea criar uma conta, armazenaremos seu nome, endere\u00e7o, endere\u00e7o de e-mail e n\u00famero de telefone, que ser\u00e3o usados para preencher previamente a confirma\u00e7\u00e3o do pedido para pedidos futuros.<\/p><p>Geralmente armazenamos suas informa\u00e7\u00f5es pelo tempo que precisarmos delas para a finalidade para a qual as coletamos e usamos, e n\u00e3o somos legalmente obrigados a mant\u00ea-las. Por exemplo, armazenamos informa\u00e7\u00f5es de pedidos durante XXX anos para fins fiscais e cont\u00e1beis. Isso inclui seu nome, endere\u00e7o de e-mail e endere\u00e7os de cobran\u00e7a e entrega.<\/p><p>Tamb\u00e9m armazenamos coment\u00e1rios ou avisos, caso voc\u00ea opte por envi\u00e1-los.<\/p><h2>Quem em nossa equipe tem acesso aos dados<\/h2><p>Os membros da nossa equipe t\u00eam acesso \u00e0s informa\u00e7\u00f5es que voc\u00ea fornece. Por exemplo, os administradores e gerentes de lojas t\u00eam acesso a:<\/p><ul><li>Informa\u00e7\u00f5es do pedido, como o que foi comprado, quando e para onde deve ser enviado<\/li><li>Informa\u00e7\u00f5es do cliente, como seu nome, endere\u00e7o de e-mail e informa\u00e7\u00f5es de cobran\u00e7a e entrega.<\/li><\/ul><p>Nossa equipe tem acesso a essas informa\u00e7\u00f5es para processar pedidos, processar reembolsos e ajud\u00e1-lo.<\/p><p>\u00a0<\/p><h2>O que compartilhamos com os outros<\/h2><p>Partilhamos dados com terceiros que nos ajudam a gerir as nossas encomendas e servi\u00e7os de compras; Stripe \u00e9 um servi\u00e7o de pagamento com cart\u00e3o de cr\u00e9dito e PayPal \u00e9 um gateway de pagamento.<\/p><h3>Pagamentos<\/h3><p>Aceitamos pagamentos via PayPal e Stripe. Ao processar pagamentos, determinados dados ser\u00e3o transmitidos ao PayPal ou Stripe, incluindo informa\u00e7\u00f5es necess\u00e1rias para concluir o pagamento, como valor total ou informa\u00e7\u00f5es de faturamento.<\/p><p>Por favor, leia a pol\u00edtica de privacidade do PayPal para obter mais detalhes.<\/p><p>Por favor, leia a pol\u00edtica de privacidade do Stripe para mais detalhes.<\/p><\/div>\t\t\t\t\t\t\t\t<\/div>\n\t\t\t\t<\/div>\n\t\t\t\t\t<\/div>\n\t\t<\/div>\n\t\t\t\t\t<\/div>\n\t\t<\/section>\n\t\t\t\t<\/div>","protected":false},"excerpt":{"rendered":"<p>Privacy Policy \u00a0 Who are we? Our website address is: https:\/\/bisque-wasp-399565.hostingersite.com You can contact us at the following email address: contact@bisque-wasp-399565.hostingersite.com Use of personal data collected By placing an order or creating an account, you agree to receive offers and promotions by email and\/or telephone. Comments When you leave a comment on our website, the [&hellip;]<\/p>\n","protected":false},"author":1,"featured_media":0,"parent":0,"menu_order":0,"comment_status":"closed","ping_status":"closed","template":"","meta":{"_seopress_robots_primary_cat":"","_seopress_titles_title":"Privacy Policy","_seopress_titles_desc":"Our privacy policy page","_seopress_robots_index":"","site-sidebar-layout":"default","site-content-layout":"","ast-site-content-layout":"default","site-content-style":"default","site-sidebar-style":"default","ast-global-header-display":"","ast-banner-title-visibility":"","ast-main-header-display":"","ast-hfb-above-header-display":"","ast-hfb-below-header-display":"","ast-hfb-mobile-header-display":"","site-post-title":"","ast-breadcrumbs-content":"","ast-featured-img":"","footer-sml-layout":"","ast-disable-related-posts":"","theme-transparent-header-meta":"","adv-header-id-meta":"","stick-header-meta":"","header-above-stick-meta":"","header-main-stick-meta":"","header-below-stick-meta":"","astra-migrate-meta-layouts":"set","ast-page-background-enabled":"default","ast-page-background-meta":{"desktop":{"background-color":"var(--ast-global-color-4)","background-image":"","background-repeat":"repeat","background-position":"center center","background-size":"auto","background-attachment":"scroll","background-type":"","background-media":"","overlay-type":"","overlay-color":"","overlay-opacity":"","overlay-gradient":""},"tablet":{"background-color":"","background-image":"","background-repeat":"repeat","background-position":"center center","background-size":"auto","background-attachment":"scroll","background-type":"","background-media":"","overlay-type":"","overlay-color":"","overlay-opacity":"","overlay-gradient":""},"mobile":{"background-color":"","background-image":"","background-repeat":"repeat","background-position":"center center","background-size":"auto","background-attachment":"scroll","background-type":"","background-media":"","overlay-type":"","overlay-color":"","overlay-opacity":"","overlay-gradient":""}},"ast-content-background-meta":{"desktop":{"background-color":"var(--ast-global-color-5)","background-image":"","background-repeat":"repeat","background-position":"center center","background-size":"auto","background-attachment":"scroll","background-type":"","background-media":"","overlay-type":"","overlay-color":"","overlay-opacity":"","overlay-gradient":""},"tablet":{"background-color":"var(--ast-global-color-5)","background-image":"","background-repeat":"repeat","background-position":"center center","background-size":"auto","background-attachment":"scroll","background-type":"","background-media":"","overlay-type":"","overlay-color":"","overlay-opacity":"","overlay-gradient":""},"mobile":{"background-color":"var(--ast-global-color-5)","background-image":"","background-repeat":"repeat","background-position":"center center","background-size":"auto","background-attachment":"scroll","background-type":"","background-media":"","overlay-type":"","overlay-color":"","overlay-opacity":"","overlay-gradient":""}},"footnotes":""},"class_list":["post-3","page","type-page","status-publish"],"_links":{"self":[{"href":"https:\/\/bye-pain.com\/pt\/wp-json\/wp\/v2\/pages\/3","targetHints":{"allow":["GET"]}}],"collection":[{"href":"https:\/\/bye-pain.com\/pt\/wp-json\/wp\/v2\/pages"}],"about":[{"href":"https:\/\/bye-pain.com\/pt\/wp-json\/wp\/v2\/types\/page"}],"author":[{"embeddable":true,"href":"https:\/\/bye-pain.com\/pt\/wp-json\/wp\/v2\/users\/1"}],"replies":[{"embeddable":true,"href":"https:\/\/bye-pain.com\/pt\/wp-json\/wp\/v2\/comments?post=3"}],"version-history":[{"count":0,"href":"https:\/\/bye-pain.com\/pt\/wp-json\/wp\/v2\/pages\/3\/revisions"}],"wp:attachment":[{"href":"https:\/\/bye-pain.com\/pt\/wp-json\/wp\/v2\/media?parent=3"}],"curies":[{"name":"wp","href":"https:\/\/api.w.org\/{rel}","templated":true}]}}