{"id":116,"date":"2021-03-11T10:05:24","date_gmt":"2021-03-11T09:05:24","guid":{"rendered":"https:\/\/bisque-wasp-399565.hostingersite.com\/?page_id=116"},"modified":"2024-02-10T22:17:48","modified_gmt":"2024-02-10T22:17:48","slug":"retornar","status":"publish","type":"page","link":"https:\/\/bye-pain.com\/pt\/return","title":{"rendered":"Retornar"},"content":{"rendered":"<div data-elementor-type=\"wp-page\" data-elementor-id=\"116\" class=\"elementor elementor-116\" data-elementor-post-type=\"page\">\n\t\t\t\t\t\t<section class=\"elementor-section elementor-top-section elementor-element elementor-element-114367fd elementor-section-boxed elementor-section-height-default elementor-section-height-default\" data-id=\"114367fd\" data-element_type=\"section\" data-e-type=\"section\">\n\t\t\t\t\t\t<div class=\"elementor-container elementor-column-gap-default\">\n\t\t\t\t\t<div class=\"elementor-column elementor-col-100 elementor-top-column elementor-element elementor-element-7c7d0720\" data-id=\"7c7d0720\" data-element_type=\"column\" data-e-type=\"column\">\n\t\t\t<div class=\"elementor-widget-wrap elementor-element-populated\">\n\t\t\t\t\t\t<div class=\"elementor-element elementor-element-3cf7179 elementor-widget elementor-widget-heading\" data-id=\"3cf7179\" data-element_type=\"widget\" data-e-type=\"widget\" data-widget_type=\"heading.default\">\n\t\t\t\t<div class=\"elementor-widget-container\">\n\t\t\t\t\t<h1 class=\"elementor-heading-title elementor-size-default\">Pol\u00edtica de devolu\u00e7\u00e3o<\/h1>\t\t\t\t<\/div>\n\t\t\t\t<\/div>\n\t\t\t\t<div class=\"elementor-element elementor-element-46fafc8e elementor-widget elementor-widget-text-editor\" data-id=\"46fafc8e\" data-element_type=\"widget\" data-e-type=\"widget\" data-widget_type=\"text-editor.default\">\n\t\t\t\t<div class=\"elementor-widget-container\">\n\t\t\t\t\t\t\t\t\t<p>Nossa pol\u00edtica dura 30 dias. Infelizmente, se j\u00e1 se passaram 30 dias desde a sua compra, n\u00e3o podemos oferecer reembolso ou troca.<\/p><p>Para ter direito a uma devolu\u00e7\u00e3o, seu item deve n\u00e3o ter sido utilizado e estar nas mesmas condi\u00e7\u00f5es em que voc\u00ea o recebeu. Tamb\u00e9m deve estar em sua embalagem original.<\/p><p>V\u00e1rios tipos de produtos n\u00e3o podem ser devolvidos. Bens perec\u00edveis, como suplementos alimentares ou revistas, n\u00e3o podem ser devolvidos. Tamb\u00e9m n\u00e3o aceitamos produtos de uso \u00edntimo ou sanit\u00e1rio, produtos perigosos ou gases ou l\u00edquidos inflam\u00e1veis.<\/p><p>Outros itens que n\u00e3o podem ser devolvidos:<br \/>* Cart\u00f5es de presente<br \/>* Software para download<br \/>* Certos produtos de sa\u00fade e cuidados pessoais<\/p><p>Para efetuar uma devolu\u00e7\u00e3o dever\u00e1 apresentar-nos um recibo ou comprovativo de compra.<\/p><p>Existem algumas situa\u00e7\u00f5es em que apenas ser\u00e1 concedido um reembolso parcial: (quando aplic\u00e1vel)<br \/>*Livros com sinais evidentes de uso.<br \/>* CDs, DVDs, fitas VHS, software, videogames, cassetes ou discos de vinil que tenham sido abertos.<br \/>* Qualquer item que n\u00e3o esteja em sua condi\u00e7\u00e3o original, esteja danificado ou com pe\u00e7as faltando por motivos que n\u00e3o sejam devidos a um erro de nossa parte.<br \/>* Qualquer item devolvido mais de 30 dias ap\u00f3s a entrega.<\/p><h2>\u00a0<\/h2><h2>Reembolsos (se houver)<\/h2><p>Assim que recebermos e inspecionarmos o item devolvido, enviaremos um e-mail para confirmar que o recebemos. Tamb\u00e9m o informaremos da nossa decis\u00e3o de aprovar ou rejeitar o seu pedido de reembolso.<br \/>Se sua solicita\u00e7\u00e3o for aprovada, seu reembolso ser\u00e1 processado e um cr\u00e9dito ser\u00e1 automaticamente aplicado ao seu cart\u00e3o de cr\u00e9dito ou m\u00e9todo de pagamento original dentro de um determinado n\u00famero de dias.<\/p><h2>Reembolsos atrasados ou faltantes (quando aplic\u00e1vel)<\/h2><p>Se voc\u00ea ainda n\u00e3o recebeu seu reembolso, verifique primeiro sua conta banc\u00e1ria novamente.<br \/>Em seguida, entre em contato com o emissor do seu cart\u00e3o de cr\u00e9dito, pois pode haver um atraso antes que seu reembolso seja publicado oficialmente.<br \/>Em seguida, entre em contato com seu banco. Freq\u00fcentemente, h\u00e1 um tempo de processamento antes que um reembolso seja lan\u00e7ado.<br \/>Se depois de concluir todas essas etapas voc\u00ea ainda n\u00e3o recebeu seu reembolso, entre em contato conosco pelo e-mail contact@bisque-wasp-399565.hostingersite.com.<br \/>Itens em promo\u00e7\u00e3o (quando aplic\u00e1vel)<br \/>Apenas itens com pre\u00e7os regulares podem ser reembolsados. Infelizmente, os itens em promo\u00e7\u00e3o n\u00e3o s\u00e3o reembols\u00e1veis.<\/p><h2>Trocas (quando aplic\u00e1vel)<\/h2><p>S\u00f3 substituiremos um item se ele estiver com defeito ou danificado. Se desejar troc\u00e1-lo pelo mesmo item, envie-nos um e-mail para contact@bisque-wasp-399565.hostingersite.com<\/p><h2>Cadeaux<\/h2><p>\u00a0<\/p><p>Se o item devolvido foi identificado como presente no momento da compra e foi enviado diretamente para voc\u00ea, voc\u00ea receber\u00e1 um cr\u00e9dito-presente igual ao valor da sua devolu\u00e7\u00e3o. Assim que recebermos o item devolvido, um vale-presente ser\u00e1 enviado a voc\u00ea por correio.<\/p><p>Se o item n\u00e3o foi identificado como presente no momento da compra, ou se o presenteador preferiu receber o item primeiro e entreg\u00e1-lo depois, enviaremos um reembolso ao presenteador e ele saber\u00e1 que voc\u00ea devolveu o item.<\/p><h2>Envio<\/h2><p>Para devolver um produto dever\u00e1 envi\u00e1-lo por correio, contacte-nos por email para obter a morada de devolu\u00e7\u00e3o.<\/p><p>Voc\u00ea ser\u00e1 respons\u00e1vel por pagar seus pr\u00f3prios custos de envio para devolver seu item. Os custos de envio n\u00e3o s\u00e3o reembols\u00e1veis. Se voc\u00ea receber um reembolso, os custos de devolu\u00e7\u00e3o ser\u00e3o deduzidos dele.<\/p><p>Dependendo de onde voc\u00ea mora, o tempo de recebimento do produto trocado pode variar.<\/p><p>Se estiver a enviar um artigo com um valor superior a \u00a375, deve considerar a utiliza\u00e7\u00e3o de um servi\u00e7o de entrega que lhe permita acompanhar o envio ou contratar um seguro de entrega. N\u00e3o garantimos que receberemos o item que voc\u00ea devolveu.<\/p>\t\t\t\t\t\t\t\t<\/div>\n\t\t\t\t<\/div>\n\t\t\t\t\t<\/div>\n\t\t<\/div>\n\t\t\t\t\t<\/div>\n\t\t<\/section>\n\t\t\t\t<\/div>","protected":false},"excerpt":{"rendered":"<p>Return Policy Our policy lasts for 30 days. Unfortunately, if 30 days have passed since your purchase, we cannot offer you a refund or exchange. To be eligible for a return, your item must be unused and in the same condition in which you received it. It must also be in its original packaging. Several [&hellip;]<\/p>\n","protected":false},"author":1,"featured_media":0,"parent":0,"menu_order":0,"comment_status":"closed","ping_status":"closed","template":"elementor_header_footer","meta":{"_seopress_robots_primary_cat":"","_seopress_titles_title":"Returns policy","_seopress_titles_desc":"Our returns policy page.","_seopress_robots_index":"","site-sidebar-layout":"default","site-content-layout":"","ast-site-content-layout":"default","site-content-style":"default","site-sidebar-style":"default","ast-global-header-display":"","ast-banner-title-visibility":"","ast-main-header-display":"","ast-hfb-above-header-display":"","ast-hfb-below-header-display":"","ast-hfb-mobile-header-display":"","site-post-title":"","ast-breadcrumbs-content":"","ast-featured-img":"","footer-sml-layout":"","ast-disable-related-posts":"","theme-transparent-header-meta":"","adv-header-id-meta":"","stick-header-meta":"","header-above-stick-meta":"","header-main-stick-meta":"","header-below-stick-meta":"","astra-migrate-meta-layouts":"set","ast-page-background-enabled":"default","ast-page-background-meta":{"desktop":{"background-color":"var(--ast-global-color-4)","background-image":"","background-repeat":"repeat","background-position":"center center","background-size":"auto","background-attachment":"scroll","background-type":"","background-media":"","overlay-type":"","overlay-color":"","overlay-opacity":"","overlay-gradient":""},"tablet":{"background-color":"","background-image":"","background-repeat":"repeat","background-position":"center center","background-size":"auto","background-attachment":"scroll","background-type":"","background-media":"","overlay-type":"","overlay-color":"","overlay-opacity":"","overlay-gradient":""},"mobile":{"background-color":"","background-image":"","background-repeat":"repeat","background-position":"center center","background-size":"auto","background-attachment":"scroll","background-type":"","background-media":"","overlay-type":"","overlay-color":"","overlay-opacity":"","overlay-gradient":""}},"ast-content-background-meta":{"desktop":{"background-color":"var(--ast-global-color-5)","background-image":"","background-repeat":"repeat","background-position":"center center","background-size":"auto","background-attachment":"scroll","background-type":"","background-media":"","overlay-type":"","overlay-color":"","overlay-opacity":"","overlay-gradient":""},"tablet":{"background-color":"var(--ast-global-color-5)","background-image":"","background-repeat":"repeat","background-position":"center center","background-size":"auto","background-attachment":"scroll","background-type":"","background-media":"","overlay-type":"","overlay-color":"","overlay-opacity":"","overlay-gradient":""},"mobile":{"background-color":"var(--ast-global-color-5)","background-image":"","background-repeat":"repeat","background-position":"center center","background-size":"auto","background-attachment":"scroll","background-type":"","background-media":"","overlay-type":"","overlay-color":"","overlay-opacity":"","overlay-gradient":""}},"footnotes":""},"class_list":["post-116","page","type-page","status-publish"],"_links":{"self":[{"href":"https:\/\/bye-pain.com\/pt\/wp-json\/wp\/v2\/pages\/116","targetHints":{"allow":["GET"]}}],"collection":[{"href":"https:\/\/bye-pain.com\/pt\/wp-json\/wp\/v2\/pages"}],"about":[{"href":"https:\/\/bye-pain.com\/pt\/wp-json\/wp\/v2\/types\/page"}],"author":[{"embeddable":true,"href":"https:\/\/bye-pain.com\/pt\/wp-json\/wp\/v2\/users\/1"}],"replies":[{"embeddable":true,"href":"https:\/\/bye-pain.com\/pt\/wp-json\/wp\/v2\/comments?post=116"}],"version-history":[{"count":0,"href":"https:\/\/bye-pain.com\/pt\/wp-json\/wp\/v2\/pages\/116\/revisions"}],"wp:attachment":[{"href":"https:\/\/bye-pain.com\/pt\/wp-json\/wp\/v2\/media?parent=116"}],"curies":[{"name":"wp","href":"https:\/\/api.w.org\/{rel}","templated":true}]}}