{"id":3,"date":"2021-03-02T16:03:31","date_gmt":"2021-03-02T15:03:31","guid":{"rendered":"https:\/\/bisque-wasp-399565.hostingersite.com\/?page_id=3"},"modified":"2024-02-10T22:17:11","modified_gmt":"2024-02-10T22:17:11","slug":"personvernerklaering-2","status":"publish","type":"page","link":"https:\/\/bye-pain.com\/nb\/privacy-policy","title":{"rendered":"Personvernerkl\u00e6ring"},"content":{"rendered":"<div data-elementor-type=\"wp-page\" data-elementor-id=\"3\" class=\"elementor elementor-3\" data-elementor-post-type=\"page\">\n\t\t\t\t\t\t<section class=\"elementor-section elementor-top-section elementor-element elementor-element-5c56538a elementor-section-boxed elementor-section-height-default elementor-section-height-default\" data-id=\"5c56538a\" data-element_type=\"section\" data-e-type=\"section\">\n\t\t\t\t\t\t<div class=\"elementor-container elementor-column-gap-default\">\n\t\t\t\t\t<div class=\"elementor-column elementor-col-100 elementor-top-column elementor-element elementor-element-428eed4d\" data-id=\"428eed4d\" data-element_type=\"column\" data-e-type=\"column\">\n\t\t\t<div class=\"elementor-widget-wrap elementor-element-populated\">\n\t\t\t\t\t\t<div class=\"elementor-element elementor-element-dd63083 elementor-widget elementor-widget-heading\" data-id=\"dd63083\" data-element_type=\"widget\" data-e-type=\"widget\" data-widget_type=\"heading.default\">\n\t\t\t\t<div class=\"elementor-widget-container\">\n\t\t\t\t\t<h1 class=\"elementor-heading-title elementor-size-default\">Personvernerkl\u00e6ring<\/h1>\t\t\t\t<\/div>\n\t\t\t\t<\/div>\n\t\t\t\t<div class=\"elementor-element elementor-element-7880b05 elementor-widget elementor-widget-text-editor\" data-id=\"7880b05\" data-element_type=\"widget\" data-e-type=\"widget\" data-widget_type=\"text-editor.default\">\n\t\t\t\t<div class=\"elementor-widget-container\">\n\t\t\t\t\t\t\t\t\t<h1 class=\"entry-title main_title\" style=\"text-align: center;\">\u00a0<\/h1><div class=\"entry-content\"><h2>Hvem er vi?<\/h2><p>V\u00e5r nettsideadresse er: https:\/\/bisque-wasp-399565.hostingersite.com<\/p><p>Du kan kontakte oss p\u00e5 f\u00f8lgende e-postadresse: contact@bisque-wasp-399565.hostingersite.com<\/p><h2>Bruk av personopplysninger som samles inn<\/h2><p>Ved \u00e5 legge inn en bestilling eller opprette en konto godtar du \u00e5 motta tilbud og kampanjer p\u00e5 e-post og\/eller telefon.<\/p><h3>Kommentarer<\/h3><p>N\u00e5r du legger igjen en kommentar p\u00e5 nettstedet v\u00e5rt, samles dataene inn i kommentarskjemaet, IP-adressen din og nettleserens brukeragent for \u00e5 hjelpe oss med \u00e5 oppdage u\u00f8nskede kommentarer.<\/p><p>En anonymisert streng opprettet fra e-postadressen din (ogs\u00e5 kjent som en hash) kan sendes til Gravatar-tjenesten for \u00e5 sjekke om du bruker den. Gravatar-tjenestens konfidensialitetsklausuler er tilgjengelige her: https:\/\/automattic.com\/privacy\/. N\u00e5r kommentaren din er validert, vil profilbildet ditt v\u00e6re offentlig synlig ved siden av kommentaren din.<\/p><h3>Media<\/h3><p>Hvis du er en registrert bruker og laster opp bilder til nettstedet, anbefaler vi deg \u00e5 unng\u00e5 \u00e5 laste opp bilder som inneholder EXIF-data for GPS-koordinater. Bes\u00f8kende p\u00e5 nettstedet ditt kan laste ned og trekke ut stedsdata fra disse bildene.<\/p><h3>Kontaktskjemaer<\/h3><p>For \u00e5 kontakte oss, vennligst skriv til oss p\u00e5 contact@bisque-wasp-399565.hostingersite.com eller per post til Bye pain \u2013 78, Avenue des Champs-\u00c9lys\u00e9es, Bureau 562, 75008 Paris \u2013 Frankrike<\/p><h3>Informasjonskapsler<\/h3><p>Hvis du legger igjen en kommentar p\u00e5 siden v\u00e5r, vil du bli bedt om \u00e5 lagre navn, e-postadresse og nettside i informasjonskapsler. Dette er kun for enkelhets skyld, slik at du ikke trenger \u00e5 oppgi denne informasjonen hvis du legger igjen en kommentar p\u00e5 et senere tidspunkt. Disse informasjonskapslene utl\u00f8per etter ett \u00e5r.<\/p><p>Hvis du g\u00e5r til p\u00e5loggingssiden, vil det opprettes en midlertidig informasjonskapsel for \u00e5 avgj\u00f8re om nettleseren din godtar informasjonskapsler. Den inneholder ingen personlige data og vil bli slettet automatisk n\u00e5r du lukker nettleseren.<\/p><p>N\u00e5r du logger inn, vil vi sette en rekke informasjonskapsler for \u00e5 registrere p\u00e5loggingsinformasjonen din og skjermpreferansene. Levetiden til en tilkoblingsinformasjonskapsel er to dager, den for en skjermalternativinformasjonskapsel er ett \u00e5r. Hvis du krysser av for &quot;Husk meg&quot;, vil tilkoblingsinformasjonskapselen din lagres i fjorten dager. Hvis du logger ut av kontoen din, vil p\u00e5loggingsinformasjonskapselen bli slettet.<\/p><p>Ved \u00e5 endre eller publisere en publikasjon vil en ekstra informasjonskapsel bli lagret i nettleseren din. Denne informasjonskapselen inneholder ingen personopplysninger. Det indikerer ganske enkelt ID-en til publikasjonen du nettopp har endret. Den utl\u00f8per etter \u00e9n dag.<\/p><h3>Innebygd innhold fra andre nettsteder<\/h3><p>Artikler p\u00e5 dette nettstedet kan inneholde innebygd innhold (f.eks. videoer, bilder, artikler osv.). Innebygd innhold fra andre nettsteder oppf\u00f8rer seg p\u00e5 samme m\u00e5te som om den bes\u00f8kende bes\u00f8kte det andre nettstedet.<\/p><p>Disse nettstedene kan samle inn data om deg, bruke informasjonskapsler, bygge inn tredjeparts sporingsverkt\u00f8y og spore interaksjonene dine med dette innebygde innholdet hvis du har en p\u00e5logget konto p\u00e5 nettstedet deres.<\/p><h3>Statistikk og publikumsm\u00e5ling<\/h3><p>Vi bruker teknologier som informasjonskapsler for \u00e5 tilpasse innhold og annonsering, tilby funksjonalitet for sosiale medier og analysere trafikken p\u00e5 nettstedet. Vi deler informasjon om din bruk av nettstedet med v\u00e5re p\u00e5litelige partnere for sosiale medier, reklame og analyse.<\/p><p>For \u00e5 m\u00e5le visse statistikker knyttet til ulike kundereiser, bruker vi Google Analytics, du kan se deres konfidensialitetspolicy p\u00e5 f\u00f8lgende adresse: https:\/\/policies.google.com\/privacy?hl=fr .<\/p><p>Vi bruker ogs\u00e5 Facebook-pikselen. Du kan se deres konfidensialitetspolicy p\u00e5 f\u00f8lgende adresse: https:\/\/www.facebook.com\/payments_terms\/privacy<\/p><h2>Lagringsperioder for dataene dine<\/h2><p>Hvis du legger igjen en kommentar, beholdes kommentaren og dens metadata p\u00e5 ubestemt tid. Dette gj\u00f8r det mulig \u00e5 automatisk gjenkjenne og godkjenne etterf\u00f8lgende kommentarer i stedet for \u00e5 la dem st\u00e5 i modereringsk\u00f8en.<\/p><p>For brukere som registrerer seg p\u00e5 nettstedet v\u00e5rt (der det er mulig), lagrer vi ogs\u00e5 personopplysningene som er angitt i deres profil. Alle brukere kan se, endre eller slette sin personlige informasjon n\u00e5r som helst (med unntak av brukernavnet). Omr\u00e5deadministratorer kan ogs\u00e5 se og endre denne informasjonen.<\/p><h2>Rettighetene du har over dataene dine<\/h2><p>Hvis du har en konto eller hvis du har lagt igjen kommentarer p\u00e5 nettstedet, kan du be om \u00e5 motta en fil som inneholder alle personopplysningene vi har om deg, inkludert det du har gitt oss. Du kan ogs\u00e5 be om sletting av dine personopplysninger. Dette inkluderer ikke data som er lagret for administrative, juridiske eller sikkerhetsform\u00e5l.<\/p><h2>Overf\u00f8ring av dine personlige data<\/h2><p>Bes\u00f8kendes kommentarer kan sjekkes ved hjelp av en automatisert tjeneste for \u00e5 oppdage u\u00f8nskede kommentarer.<\/p><h2>Kontaktinformasjon<\/h2><p>Du kan kontakte oss p\u00e5 e-post p\u00e5 f\u00f8lgende adresse: contact@bisque-wasp-399565.hostingersite.com eller per post p\u00e5 Bye pain \u2013 78, Avenue des Champs-\u00c9lys\u00e9es, Bureau 562, 75008 Paris \u2013 Frankrike<\/p><h2>Det vi samler inn og lagrer<\/h2><p>Under ditt bes\u00f8k p\u00e5 nettstedet sporer vi:<\/p><ul><li>Produkter du har sett: vi bruker disse til for eksempel \u00e5 vise frem produkter du nylig har sett.<\/li><li>Plassering, IP-adresse og nettlesertype: vi bruker disse til \u00e5 beregne skatter og leveringskostnader<\/li><li>Leveringsadresse: vi vil be deg om \u00e5 oppgi denne for \u00e5 estimere leveringskostnadene f\u00f8r du legger inn bestillingen, og for \u00e5 sende deg bestillingen!<\/li><\/ul><p>Vi bruker informasjonskapsler for \u00e5 holde oversikt over innholdet i handlekurven din mens du surfer p\u00e5 siden v\u00e5r.<\/p><p>N\u00e5r du kj\u00f8per fra nettstedet v\u00e5rt, vil vi be deg om \u00e5 oppgi informasjon, inkludert navn, faktureringsadresse, leveringsadresse, e-postadresse, telefonnummer, betalings-\/kredittkortdetaljer og muligens kontodetaljer som brukernavn og passord. Denne informasjonen vil bli brukt til \u00e5:<\/p><ul><li>Sender informasjon om din konto og ordre<\/li><li>Svare p\u00e5 henvendelser, inkludert refusjoner og klager<\/li><li>Behandle betalinger og forhindre svindel<\/li><li>Sett opp kontoen din for butikken v\u00e5r<\/li><li>Overhold eventuelle juridiske forpliktelser, for eksempel \u00e5 beregne skatter<br \/>Forbedre butikktilbudet v\u00e5rt<\/li><li>Send deg markedsf\u00f8ringsmeldinger hvis du velger \u00e5 motta dem<\/li><\/ul><p>Hvis du oppretter en konto, lagrer vi navn, adresse, e-postadresse og telefonnummer, som vil bli brukt til \u00e5 forh\u00e5ndsutfylle ordrebekreftelsen for fremtidige bestillinger.<\/p><p>Vi lagrer vanligvis opplysningene dine s\u00e5 lenge vi trenger dem til form\u00e5let vi samler inn og bruker dem til, og vi er ikke juridisk forpliktet til \u00e5 beholde dem. For eksempel lagrer vi ordreinformasjon i XXX \u00e5r for skatte- og regnskapsform\u00e5l. Dette inkluderer navn, e-postadresse og fakturerings- og leveringsadresser.<\/p><p>Vi lagrer ogs\u00e5 kommentarer eller merknader, hvis du velger \u00e5 sende dem.<\/p><h2>Hvem i teamet v\u00e5rt har tilgang til dataene<\/h2><p>Medlemmer av teamet v\u00e5rt har tilgang til informasjonen du oppgir. For eksempel har butikkadministratorer og ledere tilgang til:<\/p><ul><li>Bestillingsinformasjon som hva som ble kj\u00f8pt, n\u00e5r og hvor det skal sendes<\/li><li>Kundeinformasjon som navn, e-postadresse og fakturerings- og leveringsinformasjon.<\/li><\/ul><p>Teamet v\u00e5rt har tilgang til denne informasjonen for \u00e5 behandle bestillinger, behandle refusjoner og hjelpe deg.<\/p><p>\u00a0<\/p><h2>Hva vi deler med andre<\/h2><p>Vi deler data med tredjeparter som hjelper oss med \u00e5 administrere v\u00e5re bestillinger og butikktjenester; Stripe er en kredittkortbetalingstjeneste og PayPal er en betalingsgateway.<\/p><h3>Betalinger<\/h3><p>Vi aksepterer betalinger via PayPal og Stripe. Ved behandling av betalinger vil visse data bli overf\u00f8rt til PayPal eller Stripe, inkludert informasjon som kreves for \u00e5 fullf\u00f8re betalingen, for eksempel totalbel\u00f8pet eller faktureringsinformasjon.<\/p><p>Les PayPals personvernerkl\u00e6ring for mer informasjon.<\/p><p>Vennligst les Stripes personvernerkl\u00e6ring for mer informasjon.<\/p><\/div>\t\t\t\t\t\t\t\t<\/div>\n\t\t\t\t<\/div>\n\t\t\t\t\t<\/div>\n\t\t<\/div>\n\t\t\t\t\t<\/div>\n\t\t<\/section>\n\t\t\t\t<\/div>","protected":false},"excerpt":{"rendered":"<p>Privacy Policy \u00a0 Who are we? Our website address is: https:\/\/bisque-wasp-399565.hostingersite.com You can contact us at the following email address: contact@bisque-wasp-399565.hostingersite.com Use of personal data collected By placing an order or creating an account, you agree to receive offers and promotions by email and\/or telephone. Comments When you leave a comment on our website, the [&hellip;]<\/p>\n","protected":false},"author":1,"featured_media":0,"parent":0,"menu_order":0,"comment_status":"closed","ping_status":"closed","template":"","meta":{"_seopress_robots_primary_cat":"","_seopress_titles_title":"Privacy Policy","_seopress_titles_desc":"Our privacy policy page","_seopress_robots_index":"","site-sidebar-layout":"default","site-content-layout":"","ast-site-content-layout":"default","site-content-style":"default","site-sidebar-style":"default","ast-global-header-display":"","ast-banner-title-visibility":"","ast-main-header-display":"","ast-hfb-above-header-display":"","ast-hfb-below-header-display":"","ast-hfb-mobile-header-display":"","site-post-title":"","ast-breadcrumbs-content":"","ast-featured-img":"","footer-sml-layout":"","ast-disable-related-posts":"","theme-transparent-header-meta":"","adv-header-id-meta":"","stick-header-meta":"","header-above-stick-meta":"","header-main-stick-meta":"","header-below-stick-meta":"","astra-migrate-meta-layouts":"set","ast-page-background-enabled":"default","ast-page-background-meta":{"desktop":{"background-color":"var(--ast-global-color-4)","background-image":"","background-repeat":"repeat","background-position":"center center","background-size":"auto","background-attachment":"scroll","background-type":"","background-media":"","overlay-type":"","overlay-color":"","overlay-opacity":"","overlay-gradient":""},"tablet":{"background-color":"","background-image":"","background-repeat":"repeat","background-position":"center center","background-size":"auto","background-attachment":"scroll","background-type":"","background-media":"","overlay-type":"","overlay-color":"","overlay-opacity":"","overlay-gradient":""},"mobile":{"background-color":"","background-image":"","background-repeat":"repeat","background-position":"center center","background-size":"auto","background-attachment":"scroll","background-type":"","background-media":"","overlay-type":"","overlay-color":"","overlay-opacity":"","overlay-gradient":""}},"ast-content-background-meta":{"desktop":{"background-color":"var(--ast-global-color-5)","background-image":"","background-repeat":"repeat","background-position":"center center","background-size":"auto","background-attachment":"scroll","background-type":"","background-media":"","overlay-type":"","overlay-color":"","overlay-opacity":"","overlay-gradient":""},"tablet":{"background-color":"var(--ast-global-color-5)","background-image":"","background-repeat":"repeat","background-position":"center center","background-size":"auto","background-attachment":"scroll","background-type":"","background-media":"","overlay-type":"","overlay-color":"","overlay-opacity":"","overlay-gradient":""},"mobile":{"background-color":"var(--ast-global-color-5)","background-image":"","background-repeat":"repeat","background-position":"center center","background-size":"auto","background-attachment":"scroll","background-type":"","background-media":"","overlay-type":"","overlay-color":"","overlay-opacity":"","overlay-gradient":""}},"footnotes":""},"class_list":["post-3","page","type-page","status-publish"],"_links":{"self":[{"href":"https:\/\/bye-pain.com\/nb\/wp-json\/wp\/v2\/pages\/3","targetHints":{"allow":["GET"]}}],"collection":[{"href":"https:\/\/bye-pain.com\/nb\/wp-json\/wp\/v2\/pages"}],"about":[{"href":"https:\/\/bye-pain.com\/nb\/wp-json\/wp\/v2\/types\/page"}],"author":[{"embeddable":true,"href":"https:\/\/bye-pain.com\/nb\/wp-json\/wp\/v2\/users\/1"}],"replies":[{"embeddable":true,"href":"https:\/\/bye-pain.com\/nb\/wp-json\/wp\/v2\/comments?post=3"}],"version-history":[{"count":0,"href":"https:\/\/bye-pain.com\/nb\/wp-json\/wp\/v2\/pages\/3\/revisions"}],"wp:attachment":[{"href":"https:\/\/bye-pain.com\/nb\/wp-json\/wp\/v2\/media?parent=3"}],"curies":[{"name":"wp","href":"https:\/\/api.w.org\/{rel}","templated":true}]}}