{"id":116,"date":"2021-03-11T10:05:24","date_gmt":"2021-03-11T09:05:24","guid":{"rendered":"https:\/\/bisque-wasp-399565.hostingersite.com\/?page_id=116"},"modified":"2024-02-10T22:17:48","modified_gmt":"2024-02-10T22:17:48","slug":"komme-tilbake-2","status":"publish","type":"page","link":"https:\/\/bye-pain.com\/nb\/return","title":{"rendered":"Komme tilbake"},"content":{"rendered":"<div data-elementor-type=\"wp-page\" data-elementor-id=\"116\" class=\"elementor elementor-116\" data-elementor-post-type=\"page\">\n\t\t\t\t\t\t<section class=\"elementor-section elementor-top-section elementor-element elementor-element-114367fd elementor-section-boxed elementor-section-height-default elementor-section-height-default\" data-id=\"114367fd\" data-element_type=\"section\" data-e-type=\"section\">\n\t\t\t\t\t\t<div class=\"elementor-container elementor-column-gap-default\">\n\t\t\t\t\t<div class=\"elementor-column elementor-col-100 elementor-top-column elementor-element elementor-element-7c7d0720\" data-id=\"7c7d0720\" data-element_type=\"column\" data-e-type=\"column\">\n\t\t\t<div class=\"elementor-widget-wrap elementor-element-populated\">\n\t\t\t\t\t\t<div class=\"elementor-element elementor-element-3cf7179 elementor-widget elementor-widget-heading\" data-id=\"3cf7179\" data-element_type=\"widget\" data-e-type=\"widget\" data-widget_type=\"heading.default\">\n\t\t\t\t<div class=\"elementor-widget-container\">\n\t\t\t\t\t<h1 class=\"elementor-heading-title elementor-size-default\">Returpolicy<\/h1>\t\t\t\t<\/div>\n\t\t\t\t<\/div>\n\t\t\t\t<div class=\"elementor-element elementor-element-46fafc8e elementor-widget elementor-widget-text-editor\" data-id=\"46fafc8e\" data-element_type=\"widget\" data-e-type=\"widget\" data-widget_type=\"text-editor.default\">\n\t\t\t\t<div class=\"elementor-widget-container\">\n\t\t\t\t\t\t\t\t\t<p>V\u00e5r policy varer i 30 dager. Hvis det har g\u00e5tt 30 dager siden kj\u00f8pet ditt, kan vi dessverre ikke tilby deg refusjon eller bytte.<\/p><p>For \u00e5 v\u00e6re kvalifisert for retur m\u00e5 varen din v\u00e6re ubrukt og i samme stand som du mottok den. Den m\u00e5 ogs\u00e5 v\u00e6re i originalemballasjen.<\/p><p>Flere typer produkter kan ikke returneres. Bedervelige varer som kosttilskudd eller magasiner kan ikke returneres. Vi aksepterer heller ikke produkter for intim eller sanit\u00e6r bruk, farlige produkter eller brennbare gasser eller v\u00e6sker.<\/p><p>Andre varer som ikke kan returneres:<br \/>* Gavekort<br \/>* Nedlastbar programvare<br \/>* Visse helse- og personlig pleieprodukter<\/p><p>For \u00e5 foreta en retur m\u00e5 du vise oss en kvittering eller kj\u00f8psbevis.<\/p><p>Det er noen situasjoner der bare en delvis refusjon vil bli gitt: (der det er aktuelt)<br \/>* B\u00f8ker med tydelige bruksmerker.<br \/>* CDer, DVDer, VHS-kassetter, programvare, videospill, kassetter eller vinylplater som er \u00e5pnet.<br \/>* Enhver vare som ikke er i original stand, er skadet eller mangler deler av \u00e5rsaker som ikke skyldes en feil fra v\u00e5r side.<br \/>* Enhver vare som returneres mer enn 30 dager etter levering.<\/p><h2>\u00a0<\/h2><h2>Refusjoner (hvis noen)<\/h2><p>N\u00e5r vi har mottatt og inspisert den returnerte varen, sender vi deg en e-post for \u00e5 bekrefte at vi har mottatt den. Vi vil ogs\u00e5 informere deg om v\u00e5r beslutning om \u00e5 godkjenne eller avvise refusjonsforesp\u00f8rselen din.<br \/>Hvis foresp\u00f8rselen din blir godkjent, vil refusjonen din bli behandlet og en kreditt vil automatisk bli brukt p\u00e5 kredittkortet ditt eller den opprinnelige betalingsm\u00e5ten innen et visst antall dager.<\/p><h2>Forsinkede eller manglende refusjoner (der det er aktuelt)<\/h2><p>Hvis du enn\u00e5 ikke har mottatt refusjonen, m\u00e5 du f\u00f8rst sjekke bankkontoen din p\u00e5 nytt.<br \/>Kontakt deretter kredittkortutstederen din, da det kan v\u00e6re en forsinkelse f\u00f8r refusjonen offisielt publiseres.<br \/>Ta s\u00e5 kontakt med banken din. Det er ofte en behandlingstid f\u00f8r refusjon bokf\u00f8res.<br \/>Hvis du fortsatt ikke har mottatt refusjonen etter \u00e5 ha fullf\u00f8rt alle disse trinnene, kan du kontakte oss p\u00e5 contact@bisque-wasp-399565.hostingersite.com.<br \/>Salgsvarer (der det er aktuelt)<br \/>Kun varer med ordin\u00e6r pris kan refunderes. Dessverre kan ikke salgsvarer refunderes.<\/p><h2>Utveksling (der det er aktuelt)<\/h2><p>Vi vil kun erstatte en vare hvis den er defekt eller skadet. Hvis du \u00f8nsker \u00e5 bytte den til samme vare, vennligst send oss en e-post til contact@bisque-wasp-399565.hostingersite.com<\/p><h2>Cadeaux<\/h2><p>\u00a0<\/p><p>Hvis den returnerte varen ble identifisert som en gave p\u00e5 kj\u00f8pstidspunktet og ble sendt direkte til deg, vil du motta en gavekreditt tilsvarende verdien av returen. N\u00e5r vi har mottatt den returnerte varen, vil et gavekort bli sendt til deg i posten.<\/p><p>Hvis varen ikke ble identifisert som en gave p\u00e5 kj\u00f8pstidspunktet, eller hvis gavegiveren foretrakk \u00e5 motta varen f\u00f8rst og gi den til deg senere, vil vi sende en refusjon til gavegiveren og de vil vite at du har returnert gjenstanden.<\/p><h2>Shipping<\/h2><p>For \u00e5 returnere et produkt m\u00e5 du sende det i posten, kontakt oss p\u00e5 e-post for \u00e5 f\u00e5 returadressen.<\/p><p>Du vil v\u00e6re ansvarlig for \u00e5 betale dine egne fraktkostnader for \u00e5 returnere varen. Fraktkostnader refunderes ikke. Hvis du mottar refusjon, vil returkostnadene bli trukket fra denne.<\/p><p>Avhengig av hvor du bor, kan tiden det tar \u00e5 motta bytteproduktet variere.<\/p><p>Hvis du sender en vare verdt mer enn \u00a375, b\u00f8r du vurdere \u00e5 bruke en leveringstjeneste som lar deg spore forsendelsen eller tegne leveringsforsikring. Vi garanterer ikke at vi mottar varen du returnerer.<\/p>\t\t\t\t\t\t\t\t<\/div>\n\t\t\t\t<\/div>\n\t\t\t\t\t<\/div>\n\t\t<\/div>\n\t\t\t\t\t<\/div>\n\t\t<\/section>\n\t\t\t\t<\/div>","protected":false},"excerpt":{"rendered":"<p>Return Policy Our policy lasts for 30 days. Unfortunately, if 30 days have passed since your purchase, we cannot offer you a refund or exchange. To be eligible for a return, your item must be unused and in the same condition in which you received it. It must also be in its original packaging. Several [&hellip;]<\/p>\n","protected":false},"author":1,"featured_media":0,"parent":0,"menu_order":0,"comment_status":"closed","ping_status":"closed","template":"elementor_header_footer","meta":{"_seopress_robots_primary_cat":"","_seopress_titles_title":"Returns policy","_seopress_titles_desc":"Our returns policy page.","_seopress_robots_index":"","site-sidebar-layout":"default","site-content-layout":"","ast-site-content-layout":"default","site-content-style":"default","site-sidebar-style":"default","ast-global-header-display":"","ast-banner-title-visibility":"","ast-main-header-display":"","ast-hfb-above-header-display":"","ast-hfb-below-header-display":"","ast-hfb-mobile-header-display":"","site-post-title":"","ast-breadcrumbs-content":"","ast-featured-img":"","footer-sml-layout":"","ast-disable-related-posts":"","theme-transparent-header-meta":"","adv-header-id-meta":"","stick-header-meta":"","header-above-stick-meta":"","header-main-stick-meta":"","header-below-stick-meta":"","astra-migrate-meta-layouts":"set","ast-page-background-enabled":"default","ast-page-background-meta":{"desktop":{"background-color":"var(--ast-global-color-4)","background-image":"","background-repeat":"repeat","background-position":"center center","background-size":"auto","background-attachment":"scroll","background-type":"","background-media":"","overlay-type":"","overlay-color":"","overlay-opacity":"","overlay-gradient":""},"tablet":{"background-color":"","background-image":"","background-repeat":"repeat","background-position":"center center","background-size":"auto","background-attachment":"scroll","background-type":"","background-media":"","overlay-type":"","overlay-color":"","overlay-opacity":"","overlay-gradient":""},"mobile":{"background-color":"","background-image":"","background-repeat":"repeat","background-position":"center center","background-size":"auto","background-attachment":"scroll","background-type":"","background-media":"","overlay-type":"","overlay-color":"","overlay-opacity":"","overlay-gradient":""}},"ast-content-background-meta":{"desktop":{"background-color":"var(--ast-global-color-5)","background-image":"","background-repeat":"repeat","background-position":"center center","background-size":"auto","background-attachment":"scroll","background-type":"","background-media":"","overlay-type":"","overlay-color":"","overlay-opacity":"","overlay-gradient":""},"tablet":{"background-color":"var(--ast-global-color-5)","background-image":"","background-repeat":"repeat","background-position":"center center","background-size":"auto","background-attachment":"scroll","background-type":"","background-media":"","overlay-type":"","overlay-color":"","overlay-opacity":"","overlay-gradient":""},"mobile":{"background-color":"var(--ast-global-color-5)","background-image":"","background-repeat":"repeat","background-position":"center center","background-size":"auto","background-attachment":"scroll","background-type":"","background-media":"","overlay-type":"","overlay-color":"","overlay-opacity":"","overlay-gradient":""}},"footnotes":""},"class_list":["post-116","page","type-page","status-publish"],"_links":{"self":[{"href":"https:\/\/bye-pain.com\/nb\/wp-json\/wp\/v2\/pages\/116","targetHints":{"allow":["GET"]}}],"collection":[{"href":"https:\/\/bye-pain.com\/nb\/wp-json\/wp\/v2\/pages"}],"about":[{"href":"https:\/\/bye-pain.com\/nb\/wp-json\/wp\/v2\/types\/page"}],"author":[{"embeddable":true,"href":"https:\/\/bye-pain.com\/nb\/wp-json\/wp\/v2\/users\/1"}],"replies":[{"embeddable":true,"href":"https:\/\/bye-pain.com\/nb\/wp-json\/wp\/v2\/comments?post=116"}],"version-history":[{"count":0,"href":"https:\/\/bye-pain.com\/nb\/wp-json\/wp\/v2\/pages\/116\/revisions"}],"wp:attachment":[{"href":"https:\/\/bye-pain.com\/nb\/wp-json\/wp\/v2\/media?parent=116"}],"curies":[{"name":"wp","href":"https:\/\/api.w.org\/{rel}","templated":true}]}}