{"id":112,"date":"2021-03-11T10:02:09","date_gmt":"2021-03-11T09:02:09","guid":{"rendered":"https:\/\/bisque-wasp-399565.hostingersite.com\/?page_id=112"},"modified":"2025-04-13T23:05:08","modified_gmt":"2025-04-13T22:05:08","slug":"juridiske-merknader","status":"publish","type":"page","link":"https:\/\/bye-pain.com\/nb\/legal-notices","title":{"rendered":"Juridiske merknader"},"content":{"rendered":"<div data-elementor-type=\"wp-page\" data-elementor-id=\"112\" class=\"elementor elementor-112\" data-elementor-post-type=\"page\">\n\t\t\t\t\t\t<section class=\"elementor-section elementor-top-section elementor-element elementor-element-39424204 elementor-section-boxed elementor-section-height-default elementor-section-height-default\" data-id=\"39424204\" data-element_type=\"section\" data-e-type=\"section\">\n\t\t\t\t\t\t<div class=\"elementor-container elementor-column-gap-default\">\n\t\t\t\t\t<div class=\"elementor-column elementor-col-100 elementor-top-column elementor-element elementor-element-31a035ae\" data-id=\"31a035ae\" data-element_type=\"column\" data-e-type=\"column\">\n\t\t\t<div class=\"elementor-widget-wrap elementor-element-populated\">\n\t\t\t\t\t\t<div class=\"elementor-element elementor-element-0b9f4d6 elementor-widget elementor-widget-heading\" data-id=\"0b9f4d6\" data-element_type=\"widget\" data-e-type=\"widget\" data-widget_type=\"heading.default\">\n\t\t\t\t<div class=\"elementor-widget-container\">\n\t\t\t\t\t<h1 class=\"elementor-heading-title elementor-size-default\">Juridisk informasjon<\/h1>\t\t\t\t<\/div>\n\t\t\t\t<\/div>\n\t\t\t\t<div class=\"elementor-element elementor-element-76c3e160 elementor-widget elementor-widget-text-editor\" data-id=\"76c3e160\" data-element_type=\"widget\" data-e-type=\"widget\" data-widget_type=\"text-editor.default\">\n\t\t\t\t<div class=\"elementor-widget-container\">\n\t\t\t\t\t\t\t\t\t<h1 style=\"text-align: center;\">\u00a0<\/h1><div><h2>1. Presentasjon av nettstedet.<\/h2><div><p>I henhold til artikkel 6 i lov nr. 2004-575 av 21. juni 2004 om tillit til den digitale \u00f8konomien, blir brukere av nettstedet bye-pain.com informert om identiteten til de ulike partene som er involvert i opprettelsen og overv\u00e5kingen:<\/p><p>Owner: SEBASTIEN HEIM &#8211; 78 avenue des Champs Elys\u00e9es &#8211; Bureau 562 &#8211; 75008 Paris &#8211; France. Siret: 83353766500022<\/p><p>Den ansvarlige for publisering er en enkeltperson eller en juridisk person.<\/p><p>Vert: OVH SAS: 2 rue Kellermann \u2013 BP 80157 59053 ROUBAIX CEDEX 1 \u2013 Frankrike<\/p><h3>2. Generelle vilk\u00e5r og betingelser for bruk av nettstedet og tjenestene som tilbys.<\/h3><p>Bruk av nettstedet bye-pain.com inneb\u00e6rer full aksept av de generelle bruksvilk\u00e5rene som er angitt nedenfor. Disse bruksbetingelsene kan endres eller suppleres n\u00e5r som helst, og brukere av nettstedet bye-pain.fr anbefales derfor \u00e5 konsultere dem regelmessig.<\/p><p>Denne siden er normalt tilgjengelig for brukere til enhver tid. SEBASTIEN HEIM kan imidlertid bestemme seg for \u00e5 avbryte nettstedet for teknisk vedlikehold, og i s\u00e5 fall vil det bestrebe seg p\u00e5 \u00e5 informere brukerne om datoer og klokkeslett for inngrepet p\u00e5 forh\u00e5nd.<\/p><p>Bye-pain.com-nettstedet oppdateres jevnlig av Bye Pain. P\u00e5 samme m\u00e5te kan de juridiske merknadene endres n\u00e5r som helst: de er likevel bindende for brukeren, som oppfordres til \u00e5 referere til dem s\u00e5 ofte som mulig for \u00e5 lese dem.<\/p><h3>3. Beskrivelse av tjenester som tilbys.<\/h3><p>Form\u00e5let med nettstedet bye-pain.com er \u00e5 gi informasjon om alle selskapets aktiviteter.<\/p><p>Bye Pain fors\u00f8ker \u00e5 gi informasjon p\u00e5 nettstedet bye-pain.fr som er s\u00e5 n\u00f8yaktig som mulig. Det kan imidlertid ikke holdes ansvarlig for utelatelser, un\u00f8yaktigheter eller mangler i oppdateringen, enten dette er dens feil eller feilen til tredjepartspartnere som gir den denne informasjonen.<\/p><p>All informasjon gitt p\u00e5 bye-pain.com-nettstedet er kun gitt for informasjonsform\u00e5l og kan endres. Videre er informasjonen p\u00e5 nettstedet bye-pain.com ikke utt\u00f8mmende. Det kan ha blitt gjort endringer siden det ble satt p\u00e5 nett.<\/p><h3>4. Kontraktsbegrensninger p\u00e5 tekniske data.<\/h3><p>Nettstedet bruker JavaScript-teknologi.<\/p><p>Nettstedet kan ikke holdes ansvarlig for materielle skader knyttet til bruken av nettstedet. I tillegg forplikter brukere av nettstedet seg til \u00e5 f\u00e5 tilgang til nettstedet ved hjelp av nyere, virusfritt utstyr og med en oppdatert, siste generasjons nettleser.<\/p><h3>5. Immaterielle rettigheter og forfalskning.<\/h3><p>SEBASTIEN HEIM er eieren av de immaterielle rettighetene eller har bruksrettighetene til alle elementene som er tilgjengelige p\u00e5 nettstedet, spesielt tekster, bilder, grafikk, logoer, ikoner, lyder og programvare.<\/p><p>Enhver reproduksjon, representasjon, modifikasjon, publisering, tilpasning av alle eller deler av elementene p\u00e5 nettstedet, uansett midler eller prosess som brukes, er forbudt, unntatt med skriftlig forh\u00e5ndsgodkjenning fra SEBASTIEN HEIM.<\/p><p>Enhver uautorisert bruk av nettstedet eller av noen av elementene det inneholder vil anses som en krenkelse og vil bli straffeforfulgt i samsvar med bestemmelsene i artiklene L.335-2 ff. av den franske \u00e5ndsverkloven.<\/p><h3>6. Ansvarsbegrensning.<\/h3><p>SEBASTIEN HEIM kan ikke holdes ansvarlig for direkte eller indirekte skade for\u00e5rsaket av brukerens utstyr ved tilgang til nettstedet bye-pain.com, enten som f\u00f8lge av bruk av utstyr som ikke oppfyller spesifikasjonene angitt i punkt 4, eller fra utseendet til en feil eller inkompatibilitet.<\/p><p>SEBASTIEN HEIM kan heller ikke holdes ansvarlig for indirekte skade (som tap av marked eller tap av muligheter) som f\u00f8lge av bruk av nettstedet bye-pain.fr.<\/p><p>Interaktive omr\u00e5der (mulighet for \u00e5 stille sp\u00f8rsm\u00e5l i kontaktomr\u00e5det) er tilgjengelig for brukere. SEBASTIEN HEIM forbeholder seg retten til \u00e5 slette, uten forvarsel, alt innhold som er lagt ut p\u00e5 dette omr\u00e5det som er i strid med lovgivningen som gjelder i Frankrike, spesielt bestemmelsene knyttet til databeskyttelse. Der det er aktuelt, forbeholder SEBASTIEN HEIM seg ogs\u00e5 retten til \u00e5 holde brukeren sivilt og\/eller strafferettslig ansvarlig, spesielt i tilfelle meldinger av rasistisk, forn\u00e6rmende, \u00e6rekrenkende eller pornografisk karakter, uansett hvilket medium som brukes (tekst, fotografier, etc.).<\/p><h3>7. H\u00e5ndtering av personopplysninger.<\/h3><p>I Frankrike er personopplysninger beskyttet av lov nr. 6. januar 1978, lov nr. 78-87. 2004-801 av 6. august 2004, artikkel L. 226-13 i straffeloven og det europeiske direktivet av 24. oktober 1995.<\/p><p>N\u00e5r du bruker bye-pain.com-nettstedet, kan f\u00f8lgende informasjon samles inn: URL-en til lenkene som brukeren fikk tilgang til bye-pain.com-nettstedet gjennom, brukerens tilgangsleverand\u00f8r, brukerens IP-adresse (Internet Protocol).<\/p><p>Under alle omstendigheter samler SEBASTIEN HEIM bare inn personlig informasjon knyttet til brukeren for form\u00e5lene med visse tjenester som tilbys av nettstedet bye-pain.fr. Brukere gir denne informasjonen med full kunnskap om fakta, spesielt n\u00e5r de legger inn den selv. Brukere av nettstedet bye-pain.com blir deretter informert om hvorvidt de er p\u00e5lagt \u00e5 oppgi denne informasjonen.<\/p><p>I samsvar med bestemmelsene i artikkel 38 ff. i lov 78-17 av 6. januar 1978 om databehandling, datafiler og individuelle friheter, har alle brukere rett til \u00e5 f\u00e5 tilgang til, korrigere og protestere mot alle personopplysninger som ang\u00e5r dem, ved \u00e5 fremsette en skriftlig og signert foresp\u00f8rsel, ledsaget av en kopi av identitetsdokumentet som b\u00e6rer dokumentb\u00e6rerens signatur, og som spesifiserer adressen som svaret skal sendes til.<\/p><p>Ingen personlig informasjon om brukeren av bye-pain.com-siden publiseres uten brukerens viten, utvekslet, overf\u00f8rt, tildelt eller solgt p\u00e5 noe medium til tredjeparter. Bare forutsetningen om tilbakekj\u00f8p av SEBASTIEN HEIM og dets rettigheter vil tillate overf\u00f8ring av nevnte informasjon til den mulige kj\u00f8peren, som p\u00e5 sin side vil bli holdt p\u00e5lagt den samme forpliktelsen til bevaring og endring av dataene med hensyn til brukeren av bye- pain.com-siden.<\/p><p>Databaser er beskyttet av bestemmelsene i loven av 1. juli 1998 om gjennomf\u00f8ring av direktiv 96\/9 av 11. mars 1996 om rettslig beskyttelse av databaser.<\/p><h3>8. Hypertekstlenker og informasjonskapsler.<\/h3><p>Bye-pain.com-siden inneholder en rekke hypertekstlenker til andre nettsteder, satt opp med autorisasjon fra Rocket-markedsf\u00f8ring. SEBASTIEN HEIM er imidlertid ikke i stand til \u00e5 kontrollere innholdet p\u00e5 nettsteder som bes\u00f8kes p\u00e5 denne m\u00e5ten, og p\u00e5tar seg f\u00f8lgelig intet ansvar i denne forbindelse.<\/p><p>\u00c5 surfe p\u00e5 bye-pain.com-nettstedet kan f\u00f8re til installasjon av informasjonskapsler p\u00e5 brukerens datamaskin. En informasjonskapsel er en liten fil som ikke lar brukeren identifiseres, men som registrerer informasjon knyttet til surfing p\u00e5 en datamaskin p\u00e5 et nettsted. Dataene innhentet p\u00e5 denne m\u00e5ten er ment \u00e5 lette etterf\u00f8lgende surfing p\u00e5 nettstedet og brukes ogs\u00e5 til \u00e5 m\u00e5le bes\u00f8kstall.<\/p><p>Nektelse av \u00e5 installere en informasjonskapsel kan gj\u00f8re det umulig \u00e5 f\u00e5 tilgang til visse tjenester. Brukere kan imidlertid konfigurere datamaskinen sin som f\u00f8lger for \u00e5 nekte installasjon av informasjonskapsler:<\/p><p>I Internet Explorer: Verkt\u00f8y-fanen (hjulformet ikon \u00f8verst til h\u00f8yre) \/ Internett-alternativer. Klikk p\u00e5 Konfidensialitet og velg Blokker alle informasjonskapsler. Bekreft med Ok.<\/p><p>Firefox: \u00f8verst i nettleservinduet klikker du p\u00e5 Firefox-knappen, og g\u00e5r deretter til fanen Alternativer. Klikk p\u00e5 fanen Personvern. Sett oppbevaringsreglene til \u00e5: bruke personlige innstillinger for historikk. Til slutt fjerner du merket for \u00e5 deaktivere informasjonskapsler.<\/p><p>P\u00e5 Safari: Klikk p\u00e5 menyikonet (symbolisert med et tannhjul) \u00f8verst til h\u00f8yre i nettleseren. Velg Innstillinger. Klikk p\u00e5 Vis avanserte innstillinger. I &quot;Konfidensialitet&quot;-delen klikker du p\u00e5 Innholdsinnstillinger. I delen &quot;Informasjonskapsler&quot; kan du blokkere informasjonskapsler.<\/p><p>I Chrome: Klikk p\u00e5 menyikonet (symbolisert med tre horisontale linjer) \u00f8verst til h\u00f8yre i nettleseren. Velg Innstillinger. Klikk p\u00e5 Vis avanserte innstillinger. I delen &quot;Konfidensialitet&quot; klikker du p\u00e5 preferanser. I fanen &quot;Konfidensialitet&quot; kan du blokkere informasjonskapsler.<\/p><h3>9. Gjeldende lov og jurisdiksjon.<\/h3><p>Enhver tvist som oppst\u00e5r fra bruken av nettstedet bye-pain.com er underlagt fransk lov. De kompetente domstolene i Paris har eksklusiv jurisdiksjon.<\/p><h3>10. Hovedlovene som gjelder.<\/h3><p>Lov nr. 78-17 av 6. januar 1978, som endret ved lov nr. 2004-801 av 6. august 2004 om databehandling, datafiler og individuelle friheter.<\/p><p>Lov nr. 2004-575 av 21. juni 2004 om tillit til den digitale \u00f8konomien.<\/p><h3>11. Ordliste.<\/h3><p>Bruker: Internett-bruker som kobler til og bruker det nevnte nettstedet.<\/p><p>Personopplysninger: \u00abopplysninger som muliggj\u00f8r, i enhver form, direkte eller indirekte, identifisering av de fysiske personer de gjelder\u00bb (artikkel 4 i lov 6. januar 1978 nr. 78-17).<\/p><\/div><\/div>\t\t\t\t\t\t\t\t<\/div>\n\t\t\t\t<\/div>\n\t\t\t\t\t<\/div>\n\t\t<\/div>\n\t\t\t\t\t<\/div>\n\t\t<\/section>\n\t\t\t\t<\/div>","protected":false},"excerpt":{"rendered":"<p>Legal information \u00a0 1. Presentation of the site. Pursuant to Article 6 of Law No. 2004-575 of 21 June 2004 on confidence in the digital economy, users of the bye-pain.com website are informed of the identity of the various parties involved in its creation and monitoring: Owner: SEBASTIEN HEIM &#8211; 78 avenue des Champs Elys\u00e9es [&hellip;]<\/p>\n","protected":false},"author":1,"featured_media":0,"parent":0,"menu_order":0,"comment_status":"closed","ping_status":"closed","template":"elementor_header_footer","meta":{"_seopress_robots_primary_cat":"","_seopress_titles_title":"Legal Notices","_seopress_titles_desc":"Legal notice page","_seopress_robots_index":"","site-sidebar-layout":"default","site-content-layout":"","ast-site-content-layout":"default","site-content-style":"default","site-sidebar-style":"default","ast-global-header-display":"","ast-banner-title-visibility":"","ast-main-header-display":"","ast-hfb-above-header-display":"","ast-hfb-below-header-display":"","ast-hfb-mobile-header-display":"","site-post-title":"","ast-breadcrumbs-content":"","ast-featured-img":"","footer-sml-layout":"","ast-disable-related-posts":"","theme-transparent-header-meta":"","adv-header-id-meta":"","stick-header-meta":"","header-above-stick-meta":"","header-main-stick-meta":"","header-below-stick-meta":"","astra-migrate-meta-layouts":"set","ast-page-background-enabled":"default","ast-page-background-meta":{"desktop":{"background-color":"var(--ast-global-color-4)","background-image":"","background-repeat":"repeat","background-position":"center center","background-size":"auto","background-attachment":"scroll","background-type":"","background-media":"","overlay-type":"","overlay-color":"","overlay-opacity":"","overlay-gradient":""},"tablet":{"background-color":"","background-image":"","background-repeat":"repeat","background-position":"center center","background-size":"auto","background-attachment":"scroll","background-type":"","background-media":"","overlay-type":"","overlay-color":"","overlay-opacity":"","overlay-gradient":""},"mobile":{"background-color":"","background-image":"","background-repeat":"repeat","background-position":"center center","background-size":"auto","background-attachment":"scroll","background-type":"","background-media":"","overlay-type":"","overlay-color":"","overlay-opacity":"","overlay-gradient":""}},"ast-content-background-meta":{"desktop":{"background-color":"var(--ast-global-color-5)","background-image":"","background-repeat":"repeat","background-position":"center center","background-size":"auto","background-attachment":"scroll","background-type":"","background-media":"","overlay-type":"","overlay-color":"","overlay-opacity":"","overlay-gradient":""},"tablet":{"background-color":"var(--ast-global-color-5)","background-image":"","background-repeat":"repeat","background-position":"center center","background-size":"auto","background-attachment":"scroll","background-type":"","background-media":"","overlay-type":"","overlay-color":"","overlay-opacity":"","overlay-gradient":""},"mobile":{"background-color":"var(--ast-global-color-5)","background-image":"","background-repeat":"repeat","background-position":"center center","background-size":"auto","background-attachment":"scroll","background-type":"","background-media":"","overlay-type":"","overlay-color":"","overlay-opacity":"","overlay-gradient":""}},"footnotes":""},"class_list":["post-112","page","type-page","status-publish"],"_links":{"self":[{"href":"https:\/\/bye-pain.com\/nb\/wp-json\/wp\/v2\/pages\/112","targetHints":{"allow":["GET"]}}],"collection":[{"href":"https:\/\/bye-pain.com\/nb\/wp-json\/wp\/v2\/pages"}],"about":[{"href":"https:\/\/bye-pain.com\/nb\/wp-json\/wp\/v2\/types\/page"}],"author":[{"embeddable":true,"href":"https:\/\/bye-pain.com\/nb\/wp-json\/wp\/v2\/users\/1"}],"replies":[{"embeddable":true,"href":"https:\/\/bye-pain.com\/nb\/wp-json\/wp\/v2\/comments?post=112"}],"version-history":[{"count":0,"href":"https:\/\/bye-pain.com\/nb\/wp-json\/wp\/v2\/pages\/112\/revisions"}],"wp:attachment":[{"href":"https:\/\/bye-pain.com\/nb\/wp-json\/wp\/v2\/media?parent=112"}],"curies":[{"name":"wp","href":"https:\/\/api.w.org\/{rel}","templated":true}]}}