{"id":3,"date":"2021-03-02T16:03:31","date_gmt":"2021-03-02T15:03:31","guid":{"rendered":"https:\/\/bisque-wasp-399565.hostingersite.com\/?page_id=3"},"modified":"2024-02-10T22:17:11","modified_gmt":"2024-02-10T22:17:11","slug":"politica-sulla-riservatezza","status":"publish","type":"page","link":"https:\/\/bye-pain.com\/it\/privacy-policy","title":{"rendered":"politica sulla riservatezza"},"content":{"rendered":"<div data-elementor-type=\"wp-page\" data-elementor-id=\"3\" class=\"elementor elementor-3\" data-elementor-post-type=\"page\">\n\t\t\t\t\t\t<section class=\"elementor-section elementor-top-section elementor-element elementor-element-5c56538a elementor-section-boxed elementor-section-height-default elementor-section-height-default\" data-id=\"5c56538a\" data-element_type=\"section\" data-e-type=\"section\">\n\t\t\t\t\t\t<div class=\"elementor-container elementor-column-gap-default\">\n\t\t\t\t\t<div class=\"elementor-column elementor-col-100 elementor-top-column elementor-element elementor-element-428eed4d\" data-id=\"428eed4d\" data-element_type=\"column\" data-e-type=\"column\">\n\t\t\t<div class=\"elementor-widget-wrap elementor-element-populated\">\n\t\t\t\t\t\t<div class=\"elementor-element elementor-element-dd63083 elementor-widget elementor-widget-heading\" data-id=\"dd63083\" data-element_type=\"widget\" data-e-type=\"widget\" data-widget_type=\"heading.default\">\n\t\t\t\t<div class=\"elementor-widget-container\">\n\t\t\t\t\t<h1 class=\"elementor-heading-title elementor-size-default\">politica sulla riservatezza<\/h1>\t\t\t\t<\/div>\n\t\t\t\t<\/div>\n\t\t\t\t<div class=\"elementor-element elementor-element-7880b05 elementor-widget elementor-widget-text-editor\" data-id=\"7880b05\" data-element_type=\"widget\" data-e-type=\"widget\" data-widget_type=\"text-editor.default\">\n\t\t\t\t<div class=\"elementor-widget-container\">\n\t\t\t\t\t\t\t\t\t<h1 class=\"entry-title main_title\" style=\"text-align: center;\">\u00a0<\/h1><div class=\"entry-content\"><h2>Chi siamo noi?<\/h2><p>L\u2019indirizzo del nostro sito web \u00e8: https:\/\/bisque-wasp-399565.hostingersite.com<\/p><p>Puoi contattarci al seguente indirizzo email: contact@bisque-wasp-399565.hostingersite.com<\/p><h2>Utilizzo dei dati personali raccolti<\/h2><p>Effettuando un ordine o creando un account, accetti di ricevere offerte e promozioni via e-mail e\/o telefono.<\/p><h3>Commenti<\/h3><p>Quando lasci un commento sul nostro sito web, i dati inseriti nel modulo dei commenti, il tuo indirizzo IP e lo user agent del tuo browser vengono raccolti per aiutarci a rilevare commenti indesiderati.<\/p><p>Una stringa anonimizzata creata dal tuo indirizzo email (nota anche come hash) pu\u00f2 essere inviata al servizio Gravatar per verificare se lo stai utilizzando. Le clausole di riservatezza del servizio Gravatar sono disponibili qui: https:\/\/automattic.com\/privacy\/. Una volta convalidato il tuo commento, la foto del tuo profilo sar\u00e0 visibile pubblicamente accanto al tuo commento.<\/p><h3>Media<\/h3><p>Se sei un utente registrato e carichi immagini sul sito, ti consigliamo di evitare di caricare immagini contenenti dati EXIF delle coordinate GPS. I visitatori del tuo sito web possono scaricare ed estrarre dati sulla posizione da queste immagini.<\/p><h3>Moduli di contatto<\/h3><p>Per contattarci, scriveteci a contact@bisque-wasp-399565.hostingersite.com o per posta a Bye dolore \u2013 78, Avenue des Champs-\u00c9lys\u00e9es, Bureau 562, 75008 Parigi \u2013 Francia<\/p><h3>Biscotti<\/h3><p>Se lasci un commento sul nostro sito, ti verr\u00e0 chiesto di salvare il tuo nome, indirizzo email e sito web nei cookie. Questo \u00e8 puramente per la tua comodit\u00e0, in modo che tu non debba inserire queste informazioni se lasci un altro commento in un secondo momento. Questi cookie scadono dopo un anno.<\/p><p>Se vai alla pagina di accesso, verr\u00e0 creato un cookie temporaneo per determinare se il tuo browser accetta i cookie. Non contiene dati personali e verr\u00e0 cancellato automaticamente alla chiusura del browser.<\/p><p>Quando accedi, imposteremo una serie di cookie per registrare le tue informazioni di accesso e le preferenze dello schermo. La durata di un cookie di connessione \u00e8 di due giorni, quella di un cookie di opzione dello schermo \u00e8 di un anno. Se selezioni \u201cRicordami\u201d, il tuo cookie di connessione verr\u00e0 conservato per due settimane. Se esci dal tuo account, il cookie di accesso verr\u00e0 eliminato.<\/p><p>Modificando o pubblicando una pubblicazione, un cookie aggiuntivo verr\u00e0 memorizzato nel tuo browser. Questo cookie non contiene alcun dato personale. Indica semplicemente l&#039;ID della pubblicazione che hai appena modificato. Scade dopo un giorno.<\/p><h3>Contenuti incorporati da altri siti<\/h3><p>Gli articoli su questo sito possono includere contenuti incorporati (ad esempio video, immagini, articoli, ecc.). Il contenuto incorporato da altri siti si comporta allo stesso modo come se il visitatore stesse visitando quell&#039;altro sito.<\/p><p>Questi siti Web possono raccogliere dati su di te, utilizzare cookie, incorporare strumenti di tracciamento di terze parti e tracciare le tue interazioni con questo contenuto incorporato se hai un account loggato sul loro sito Web.<\/p><h3>Statistiche e misurazione dell&#039;audience<\/h3><p>Utilizziamo tecnologie come i cookie per personalizzare contenuti e pubblicit\u00e0, fornire funzionalit\u00e0 dei social media e analizzare il traffico del sito. Condividiamo informazioni sul tuo utilizzo del sito con i nostri fidati partner di social media, pubblicit\u00e0 e analisi.<\/p><p>Per misurare alcune statistiche relative ai diversi percorsi dei clienti, utilizziamo Google Analytics, puoi consultare la loro politica di riservatezza al seguente indirizzo: https:\/\/policies.google.com\/privacy?hl=fr .<\/p><p>Utilizziamo anche il pixel di Facebook. Puoi consultare la loro politica di riservatezza al seguente indirizzo: https:\/\/www.facebook.com\/payments_terms\/privacy<\/p><h2>Periodi di conservazione dei tuoi dati<\/h2><p>Se lasci un commento, il commento e i relativi metadati vengono conservati a tempo indeterminato. Ci\u00f2 consente di riconoscere e approvare automaticamente i commenti successivi invece di lasciarli nella coda di moderazione.<\/p><p>Per gli utenti che si registrano sul nostro sito (ove possibile), memorizziamo anche i dati personali indicati nel loro profilo. Tutti gli utenti possono visualizzare, modificare o cancellare le proprie informazioni personali in qualsiasi momento (ad eccezione del proprio nome utente). I gestori del sito possono anche visualizzare e modificare queste informazioni.<\/p><h2>I diritti che hai sui tuoi dati<\/h2><p>Se hai un account o se hai lasciato commenti sul sito, puoi richiedere di ricevere un file contenente tutti i dati personali che abbiamo su di te, compresi quelli che ci hai fornito. Puoi anche richiedere la cancellazione dei tuoi dati personali. Ci\u00f2 non include i dati archiviati per scopi amministrativi, legali o di sicurezza.<\/p><h2>Trasmissione dei tuoi dati personali<\/h2><p>I commenti dei visitatori possono essere controllati utilizzando un servizio automatizzato per rilevare commenti indesiderati.<\/p><h2>Informazioni sui contatti<\/h2><p>Potete contattarci via e-mail al seguente indirizzo: contact@bisque-wasp-399565.hostingersite.com o per posta a Bye dolore \u2013 78, Avenue des Champs-\u00c9lys\u00e9es, Bureau 562, 75008 Parigi \u2013 Francia<\/p><h2>Cosa raccogliamo e conserviamo<\/h2><p>Durante la tua visita al sito, tracciamo:<\/p><ul><li>Prodotti che hai visto: li utilizziamo, ad esempio, per visualizzare i prodotti che hai visto di recente.<\/li><li>Posizione, indirizzo IP e tipo di browser: li utilizziamo per stimare tasse e spese di spedizione<\/li><li>Indirizzo di consegna: ti chiederemo di inserirlo per stimare i costi di consegna prima di effettuare l&#039;ordine e per inviarti l&#039;ordine!<\/li><\/ul><p>Utilizziamo i cookie per tenere traccia del contenuto del tuo carrello mentre navighi sul nostro sito.<\/p><p>Quando acquisti dal nostro sito web, ti chiederemo di fornire informazioni tra cui nome, indirizzo di fatturazione, indirizzo di consegna, indirizzo e-mail, numero di telefono, dettagli di pagamento\/carta di credito ed eventualmente dettagli dell&#039;account come nome utente e password. Queste informazioni verranno utilizzate per:<\/p><ul><li>Invio di informazioni sul tuo account e ordine<\/li><li>Rispondere a richieste, inclusi rimborsi e reclami<\/li><li>Elaborazione dei pagamenti e prevenzione delle frodi<\/li><li>Configura il tuo account per il nostro negozio<\/li><li>Rispettare eventuali obblighi legali, come il calcolo delle tasse<br \/>Migliora le offerte del nostro negozio<\/li><li>Inviarti messaggi di marketing, se scegli di riceverli<\/li><\/ul><p>Se crei un account, memorizziamo il tuo nome, indirizzo, indirizzo email e numero di telefono, che verranno utilizzati per precompilare la conferma dell&#039;ordine per ordini futuri.<\/p><p>Generalmente conserviamo le tue informazioni per tutto il tempo in cui ne abbiamo bisogno per lo scopo per il quale le raccogliamo e le utilizziamo, e non siamo legalmente obbligati a conservarle. Ad esempio, conserviamo le informazioni sugli ordini per XXX anni a fini fiscali e contabili. Ci\u00f2 include il tuo nome, indirizzo email e indirizzi di fatturazione e spedizione.<\/p><p>Memorizziamo anche commenti o avvisi, se scegli di inviarli.<\/p><h2>Chi nel nostro team ha accesso ai dati<\/h2><p>I membri del nostro team hanno accesso alle informazioni fornite. Ad esempio, gli amministratori e i gestori del negozio hanno accesso a:<\/p><ul><li>Informazioni sull&#039;ordine, ad esempio cosa \u00e8 stato acquistato, quando e dove deve essere inviato<\/li><li>Informazioni sul cliente come nome, indirizzo e-mail e informazioni di fatturazione e consegna.<\/li><\/ul><p>Il nostro team ha accesso a queste informazioni per elaborare gli ordini, elaborare i rimborsi e aiutarti.<\/p><p>\u00a0<\/p><h2>Ci\u00f2 che condividiamo con gli altri<\/h2><p>Condividiamo i dati con terze parti che ci aiutano a gestire i nostri ordini e i servizi di negozio; Stripe \u00e8 un servizio di pagamento con carta di credito e PayPal \u00e8 un gateway di pagamento.<\/p><h3>Pagamenti<\/h3><p>Accettiamo pagamenti tramite PayPal e Stripe. Durante l&#039;elaborazione dei pagamenti, alcuni dati verranno trasmessi a PayPal o Stripe, comprese le informazioni necessarie per completare il pagamento, come l&#039;importo totale o le informazioni di fatturazione.<\/p><p>Si prega di leggere l&#039;informativa sulla privacy di PayPal per maggiori dettagli.<\/p><p>Si prega di leggere l&#039;informativa sulla privacy di Stripe per maggiori dettagli.<\/p><\/div>\t\t\t\t\t\t\t\t<\/div>\n\t\t\t\t<\/div>\n\t\t\t\t\t<\/div>\n\t\t<\/div>\n\t\t\t\t\t<\/div>\n\t\t<\/section>\n\t\t\t\t<\/div>","protected":false},"excerpt":{"rendered":"<p>Privacy Policy \u00a0 Who are we? Our website address is: https:\/\/bisque-wasp-399565.hostingersite.com You can contact us at the following email address: contact@bisque-wasp-399565.hostingersite.com Use of personal data collected By placing an order or creating an account, you agree to receive offers and promotions by email and\/or telephone. Comments When you leave a comment on our website, the [&hellip;]<\/p>\n","protected":false},"author":1,"featured_media":0,"parent":0,"menu_order":0,"comment_status":"closed","ping_status":"closed","template":"","meta":{"_seopress_robots_primary_cat":"","_seopress_titles_title":"Privacy Policy","_seopress_titles_desc":"Our privacy policy page","_seopress_robots_index":"","site-sidebar-layout":"default","site-content-layout":"","ast-site-content-layout":"default","site-content-style":"default","site-sidebar-style":"default","ast-global-header-display":"","ast-banner-title-visibility":"","ast-main-header-display":"","ast-hfb-above-header-display":"","ast-hfb-below-header-display":"","ast-hfb-mobile-header-display":"","site-post-title":"","ast-breadcrumbs-content":"","ast-featured-img":"","footer-sml-layout":"","ast-disable-related-posts":"","theme-transparent-header-meta":"","adv-header-id-meta":"","stick-header-meta":"","header-above-stick-meta":"","header-main-stick-meta":"","header-below-stick-meta":"","astra-migrate-meta-layouts":"set","ast-page-background-enabled":"default","ast-page-background-meta":{"desktop":{"background-color":"var(--ast-global-color-4)","background-image":"","background-repeat":"repeat","background-position":"center center","background-size":"auto","background-attachment":"scroll","background-type":"","background-media":"","overlay-type":"","overlay-color":"","overlay-opacity":"","overlay-gradient":""},"tablet":{"background-color":"","background-image":"","background-repeat":"repeat","background-position":"center center","background-size":"auto","background-attachment":"scroll","background-type":"","background-media":"","overlay-type":"","overlay-color":"","overlay-opacity":"","overlay-gradient":""},"mobile":{"background-color":"","background-image":"","background-repeat":"repeat","background-position":"center center","background-size":"auto","background-attachment":"scroll","background-type":"","background-media":"","overlay-type":"","overlay-color":"","overlay-opacity":"","overlay-gradient":""}},"ast-content-background-meta":{"desktop":{"background-color":"var(--ast-global-color-5)","background-image":"","background-repeat":"repeat","background-position":"center center","background-size":"auto","background-attachment":"scroll","background-type":"","background-media":"","overlay-type":"","overlay-color":"","overlay-opacity":"","overlay-gradient":""},"tablet":{"background-color":"var(--ast-global-color-5)","background-image":"","background-repeat":"repeat","background-position":"center center","background-size":"auto","background-attachment":"scroll","background-type":"","background-media":"","overlay-type":"","overlay-color":"","overlay-opacity":"","overlay-gradient":""},"mobile":{"background-color":"var(--ast-global-color-5)","background-image":"","background-repeat":"repeat","background-position":"center center","background-size":"auto","background-attachment":"scroll","background-type":"","background-media":"","overlay-type":"","overlay-color":"","overlay-opacity":"","overlay-gradient":""}},"footnotes":""},"class_list":["post-3","page","type-page","status-publish"],"_links":{"self":[{"href":"https:\/\/bye-pain.com\/it\/wp-json\/wp\/v2\/pages\/3","targetHints":{"allow":["GET"]}}],"collection":[{"href":"https:\/\/bye-pain.com\/it\/wp-json\/wp\/v2\/pages"}],"about":[{"href":"https:\/\/bye-pain.com\/it\/wp-json\/wp\/v2\/types\/page"}],"author":[{"embeddable":true,"href":"https:\/\/bye-pain.com\/it\/wp-json\/wp\/v2\/users\/1"}],"replies":[{"embeddable":true,"href":"https:\/\/bye-pain.com\/it\/wp-json\/wp\/v2\/comments?post=3"}],"version-history":[{"count":0,"href":"https:\/\/bye-pain.com\/it\/wp-json\/wp\/v2\/pages\/3\/revisions"}],"wp:attachment":[{"href":"https:\/\/bye-pain.com\/it\/wp-json\/wp\/v2\/media?parent=3"}],"curies":[{"name":"wp","href":"https:\/\/api.w.org\/{rel}","templated":true}]}}