{"id":112,"date":"2021-03-11T10:02:09","date_gmt":"2021-03-11T09:02:09","guid":{"rendered":"https:\/\/bisque-wasp-399565.hostingersite.com\/?page_id=112"},"modified":"2025-04-13T23:05:08","modified_gmt":"2025-04-13T22:05:08","slug":"note-legali","status":"publish","type":"page","link":"https:\/\/bye-pain.com\/it\/legal-notices","title":{"rendered":"Note legali"},"content":{"rendered":"<div data-elementor-type=\"wp-page\" data-elementor-id=\"112\" class=\"elementor elementor-112\" data-elementor-post-type=\"page\">\n\t\t\t\t\t\t<section class=\"elementor-section elementor-top-section elementor-element elementor-element-39424204 elementor-section-boxed elementor-section-height-default elementor-section-height-default\" data-id=\"39424204\" data-element_type=\"section\" data-e-type=\"section\">\n\t\t\t\t\t\t<div class=\"elementor-container elementor-column-gap-default\">\n\t\t\t\t\t<div class=\"elementor-column elementor-col-100 elementor-top-column elementor-element elementor-element-31a035ae\" data-id=\"31a035ae\" data-element_type=\"column\" data-e-type=\"column\">\n\t\t\t<div class=\"elementor-widget-wrap elementor-element-populated\">\n\t\t\t\t\t\t<div class=\"elementor-element elementor-element-0b9f4d6 elementor-widget elementor-widget-heading\" data-id=\"0b9f4d6\" data-element_type=\"widget\" data-e-type=\"widget\" data-widget_type=\"heading.default\">\n\t\t\t\t<div class=\"elementor-widget-container\">\n\t\t\t\t\t<h1 class=\"elementor-heading-title elementor-size-default\">Informazione legale<\/h1>\t\t\t\t<\/div>\n\t\t\t\t<\/div>\n\t\t\t\t<div class=\"elementor-element elementor-element-76c3e160 elementor-widget elementor-widget-text-editor\" data-id=\"76c3e160\" data-element_type=\"widget\" data-e-type=\"widget\" data-widget_type=\"text-editor.default\">\n\t\t\t\t<div class=\"elementor-widget-container\">\n\t\t\t\t\t\t\t\t\t<h1 style=\"text-align: center;\">\u00a0<\/h1><div><h2>1. Presentazione del sito.<\/h2><div><p>Ai sensi dell&#039;articolo 6 della legge n. 2004-575 del 21 giugno 2004 sulla fiducia nell&#039;economia digitale, gli utenti del sito bye-pain.com sono informati dell&#039;identit\u00e0 delle diverse parti coinvolte nella sua creazione e monitoraggio:<\/p><p>Owner: SEBASTIEN HEIM &#8211; 78 avenue des Champs Elys\u00e9es &#8211; Bureau 562 &#8211; 75008 Paris &#8211; France. Siret: 83353766500022<\/p><p>Il responsabile della pubblicazione \u00e8 una persona fisica o giuridica.<\/p><p>Gestore: OVH SAS: 2 rue Kellermann \u2013 BP 80157 59053 ROUBAIX CEDEX 1 \u2013 Francia<\/p><h3>2. Termini e condizioni generali di utilizzo del sito e dei servizi offerti.<\/h3><p>L&#039;utilizzo del sito bye-pain.com implica la piena accettazione delle condizioni generali di utilizzo di seguito riportate. Le presenti condizioni d&#039;uso possono essere modificate o completate in qualsiasi momento, si consiglia pertanto agli utenti del sito bye-pain.fr di consultarle regolarmente.<\/p><p>Questo sito \u00e8 normalmente accessibile agli utenti in ogni momento. Tuttavia, SEBASTIEN HEIM pu\u00f2 decidere di interrompere il sito per motivi di manutenzione tecnica, nel qual caso si impegner\u00e0 a informare preventivamente gli utenti delle date e degli orari dell&#039;intervento.<\/p><p>Il sito web bye-pain.com viene aggiornato regolarmente da Bye Pain. Allo stesso modo, le note legali possono essere modificate in qualsiasi momento: esse sono comunque vincolanti per l&#039;utente, che \u00e8 invitato a farvi riferimento il pi\u00f9 spesso possibile per leggerle.<\/p><h3>3. Descrizione dei servizi forniti.<\/h3><p>Lo scopo del sito bye-pain.com \u00e8 quello di fornire informazioni riguardanti tutte le attivit\u00e0 dell&#039;azienda.<\/p><p>Bye Pain si impegna a fornire sul sito bye-pain.fr informazioni quanto pi\u00f9 precise possibile. Tuttavia, non potr\u00e0 essere ritenuto responsabile di omissioni, inesattezze o mancanze di aggiornamento, siano esse imputabili a sue o ai partner terzi che gli forniscono tali informazioni.<\/p><p>Tutte le informazioni fornite sul sito web bye-pain.com sono fornite solo a scopo informativo e sono soggette a modifiche. Inoltre, le informazioni presenti sul sito bye-pain.com non sono esaustive. \u00c8 soggetto a modifiche apportate da quando \u00e8 stato messo online.<\/p><h3>4. Limitazioni contrattuali sui dati tecnici.<\/h3><p>Il sito utilizza la tecnologia JavaScript.<\/p><p>Il sito web non potr\u00e0 essere ritenuto responsabile per eventuali danni materiali legati all&#039;utilizzo del sito. Inoltre, gli utenti del sito si impegnano ad accedere al sito utilizzando apparecchiature recenti, esenti da virus e con un browser aggiornato e di ultima generazione.<\/p><h3>5. Propriet\u00e0 intellettuale e contraffazione.<\/h3><p>SEBASTIEN HEIM \u00e8 titolare dei diritti di propriet\u00e0 intellettuale o detiene i diritti d&#039;uso su tutti gli elementi accessibili sul sito, in particolare testi, immagini, grafica, loghi, icone, suoni e software.<\/p><p>Qualsiasi riproduzione, rappresentazione, modifica, pubblicazione, adattamento di tutti o parte degli elementi del sito, qualunque sia il mezzo o il processo utilizzato, \u00e8 vietata, salvo previa autorizzazione scritta di SEBASTIEN HEIM.<\/p><p>Qualsiasi utilizzo non autorizzato del sito o di uno qualsiasi degli elementi in esso contenuti sar\u00e0 considerato una violazione e sar\u00e0 perseguito conformemente alle disposizioni degli articoli L.335-2 e seguenti. del Codice francese della propriet\u00e0 intellettuale.<\/p><h3>6. Limitazione di responsabilit\u00e0.<\/h3><p>SEBASTIEN HEIM non potr\u00e0 essere ritenuto responsabile dei danni diretti o indiretti causati alle apparecchiature dell&#039;utente durante l&#039;accesso al sito bye-pain.com, derivanti sia dall&#039;utilizzo di apparecchiature non conformi alle specifiche indicate al punto 4, sia dalla comparsa di un bug o un&#039;incompatibilit\u00e0.<\/p><p>SEBASTIEN HEIM non pu\u00f2 inoltre essere ritenuto responsabile dei danni indiretti (come perdita di mercato o perdita di opportunit\u00e0) derivanti dall&#039;utilizzo del sito bye-pain.fr.<\/p><p>Sono a disposizione degli utenti aree interattive (possibilit\u00e0 di porre domande nell&#039;area contatti). SEBASTIEN HEIM si riserva il diritto di eliminare, senza preavviso, qualsiasi contenuto pubblicato in quest&#039;area che contravvenga alla legislazione applicabile in Francia, in particolare alle disposizioni relative alla protezione dei dati. Se del caso, SEBASTIEN HEIM si riserva inoltre il diritto di ritenere l&#039;utente responsabile civilmente e\/o penalmente, in particolare in caso di messaggi di carattere razzista, ingiurioso, diffamatorio o pornografico, qualunque sia il mezzo utilizzato (testi, fotografie, ecc.).<\/p><h3>7. Gestione dei dati personali.<\/h3><p>In Francia i dati personali sono protetti dalla legge n. 78-87 del 6 gennaio 1978, legge n. 2004-801 del 6 agosto 2004, articolo L. 226-13 del Codice penale e direttiva europea del 24 ottobre 1995.<\/p><p>Quando si utilizza il sito web bye-pain.com, possono essere raccolte le seguenti informazioni: l&#039;URL dei collegamenti attraverso i quali l&#039;utente ha effettuato l&#039;accesso al sito web bye-pain.com, il provider di accesso dell&#039;utente, l&#039;indirizzo IP (protocollo Internet) dell&#039;utente.<\/p><p>In ogni caso, SEBASTIEN HEIM raccoglie solo informazioni personali relative all&#039;utente ai fini di alcuni servizi offerti dal sito bye-pain.fr. Gli utenti forniscono queste informazioni con piena cognizione di causa, soprattutto quando le inseriscono personalmente. Gli utenti del sito bye-pain.com vengono quindi informati se sono tenuti o meno a fornire tali informazioni.<\/p><p>In conformit\u00e0 a quanto previsto dagli artt. 38 e ss. della legge 78-17 del 6 gennaio 1978 sull&#039;informatica, gli archivi e le libert\u00e0 individuali, ogni utente ha il diritto di accesso, rettifica e opposizione a qualsiasi dato personale che lo riguardi, presentando una richiesta scritta e firmata, accompagnata da una copia del il documento di identit\u00e0 recante la firma del portatore del documento e l&#039;indicazione dell&#039;indirizzo al quale inviare la risposta.<\/p><p>Nessuna informazione personale dell&#039;utente del sito bye-pain.com viene pubblicata all&#039;insaputa dell&#039;utente, scambiata, trasferita, ceduta o venduta su qualsiasi supporto a terzi. Solo l&#039;ipotesi del riacquisto di SEBASTIEN HEIM e dei suoi diritti consentirebbe la trasmissione delle suddette informazioni al possibile acquirente che sarebbe a sua volta tenuto allo stesso obbligo di conservazione e modifica dei dati rispetto all&#039;utente del bye- sito dolore.com.<\/p><p>Le banche dati sono protette dalle disposizioni della legge del 1 luglio 1998 che recepisce la direttiva 96\/9 dell&#039;11 marzo 1996 sulla protezione giuridica delle banche dati.<\/p><h3>8. Collegamenti ipertestuali e cookie.<\/h3><p>Il sito bye-pain.com contiene una serie di collegamenti ipertestuali ad altri siti, predisposti con l&#039;autorizzazione di Rocket marketing. SEBASTIEN HEIM non \u00e8 tuttavia in grado di verificare il contenuto delle pagine visitate in questo modo e pertanto non si assume alcuna responsabilit\u00e0 al riguardo.<\/p><p>La navigazione sul sito bye-pain.com pu\u00f2 comportare l&#039;installazione di cookie sul computer dell&#039;utente. Un cookie \u00e8 un file di piccole dimensioni che non consente l&#039;identificazione dell&#039;utente, ma che registra informazioni relative alla navigazione di un computer su un sito. I dati cos\u00ec ottenuti hanno lo scopo di facilitare la successiva navigazione del sito e vengono utilizzati anche per misurare il numero dei visitatori.<\/p><p>Il rifiuto di installare un cookie potrebbe comportare l&#039;impossibilit\u00e0 di accedere ad alcuni servizi. L&#039;utente pu\u00f2 tuttavia configurare il proprio computer come segue per rifiutare l&#039;installazione dei cookie:<\/p><p>In Internet Explorer: scheda Strumenti (icona a forma di ruota in alto a destra) \/ Opzioni Internet. Fare clic su Riservatezza e scegliere Blocca tutti i cookie. Conferma con Ok.<\/p><p>Firefox: nella parte superiore della finestra del browser, fai clic sul pulsante Firefox, quindi vai alla scheda Opzioni. Fare clic sulla scheda Privacy. Imposta le regole di conservazione su: utilizza impostazioni personalizzate per la cronologia. Infine, deselezionalo per disattivare i cookie.<\/p><p>Su Safari: clicca sull&#039;icona del menu (simboleggiata da un ingranaggio) nell&#039;angolo in alto a destra del browser. Seleziona Impostazioni. Fare clic su Mostra impostazioni avanzate. Nella sezione \u201cRiservatezza\u201d, fare clic su Impostazioni contenuti. Nella sezione \u201cCookie\u201d \u00e8 possibile bloccare i cookie.<\/p><p>In Chrome: fai clic sull&#039;icona del menu (simboleggiata da tre linee orizzontali) nell&#039;angolo in alto a destra del browser. Seleziona Impostazioni. Fare clic su Mostra impostazioni avanzate. Nella sezione \u201cRiservatezza\u201d, clicca su preferenze. Nella scheda \u201cRiservatezza\u201d \u00e8 possibile bloccare i cookie.<\/p><h3>9. Legge applicabile e giurisdizione.<\/h3><p>Qualsiasi controversia derivante dall&#039;utilizzo del sito bye-pain.com \u00e8 soggetta alla legge francese. I tribunali competenti di Parigi hanno giurisdizione esclusiva.<\/p><h3>10. Le principali leggi interessate.<\/h3><p>Legge n. 78-17 del 6 gennaio 1978, come modificata dalla legge n. 2004-801 del 6 agosto 2004 relativa all&#039;informatica, ai file e alle libert\u00e0 individuali.<\/p><p>Legge n. 2004-575 del 21 giugno 2004 sulla fiducia nell&#039;economia digitale.<\/p><h3>11. Glossario.<\/h3><p>Utente: utente Internet che si connette e utilizza il predetto sito.<\/p><p>Informazioni personali: \u201cinformazioni che consentono, sotto qualsiasi forma, direttamente o indirettamente, l&#039;identificazione delle persone fisiche a cui si applicano\u201d (articolo 4 della legge n. 78-17 del 6 gennaio 1978).<\/p><\/div><\/div>\t\t\t\t\t\t\t\t<\/div>\n\t\t\t\t<\/div>\n\t\t\t\t\t<\/div>\n\t\t<\/div>\n\t\t\t\t\t<\/div>\n\t\t<\/section>\n\t\t\t\t<\/div>","protected":false},"excerpt":{"rendered":"<p>Legal information \u00a0 1. Presentation of the site. Pursuant to Article 6 of Law No. 2004-575 of 21 June 2004 on confidence in the digital economy, users of the bye-pain.com website are informed of the identity of the various parties involved in its creation and monitoring: Owner: SEBASTIEN HEIM &#8211; 78 avenue des Champs Elys\u00e9es [&hellip;]<\/p>\n","protected":false},"author":1,"featured_media":0,"parent":0,"menu_order":0,"comment_status":"closed","ping_status":"closed","template":"elementor_header_footer","meta":{"_seopress_robots_primary_cat":"","_seopress_titles_title":"Legal Notices","_seopress_titles_desc":"Legal notice page","_seopress_robots_index":"","site-sidebar-layout":"default","site-content-layout":"","ast-site-content-layout":"default","site-content-style":"default","site-sidebar-style":"default","ast-global-header-display":"","ast-banner-title-visibility":"","ast-main-header-display":"","ast-hfb-above-header-display":"","ast-hfb-below-header-display":"","ast-hfb-mobile-header-display":"","site-post-title":"","ast-breadcrumbs-content":"","ast-featured-img":"","footer-sml-layout":"","ast-disable-related-posts":"","theme-transparent-header-meta":"","adv-header-id-meta":"","stick-header-meta":"","header-above-stick-meta":"","header-main-stick-meta":"","header-below-stick-meta":"","astra-migrate-meta-layouts":"set","ast-page-background-enabled":"default","ast-page-background-meta":{"desktop":{"background-color":"var(--ast-global-color-4)","background-image":"","background-repeat":"repeat","background-position":"center center","background-size":"auto","background-attachment":"scroll","background-type":"","background-media":"","overlay-type":"","overlay-color":"","overlay-opacity":"","overlay-gradient":""},"tablet":{"background-color":"","background-image":"","background-repeat":"repeat","background-position":"center center","background-size":"auto","background-attachment":"scroll","background-type":"","background-media":"","overlay-type":"","overlay-color":"","overlay-opacity":"","overlay-gradient":""},"mobile":{"background-color":"","background-image":"","background-repeat":"repeat","background-position":"center center","background-size":"auto","background-attachment":"scroll","background-type":"","background-media":"","overlay-type":"","overlay-color":"","overlay-opacity":"","overlay-gradient":""}},"ast-content-background-meta":{"desktop":{"background-color":"var(--ast-global-color-5)","background-image":"","background-repeat":"repeat","background-position":"center center","background-size":"auto","background-attachment":"scroll","background-type":"","background-media":"","overlay-type":"","overlay-color":"","overlay-opacity":"","overlay-gradient":""},"tablet":{"background-color":"var(--ast-global-color-5)","background-image":"","background-repeat":"repeat","background-position":"center center","background-size":"auto","background-attachment":"scroll","background-type":"","background-media":"","overlay-type":"","overlay-color":"","overlay-opacity":"","overlay-gradient":""},"mobile":{"background-color":"var(--ast-global-color-5)","background-image":"","background-repeat":"repeat","background-position":"center center","background-size":"auto","background-attachment":"scroll","background-type":"","background-media":"","overlay-type":"","overlay-color":"","overlay-opacity":"","overlay-gradient":""}},"footnotes":""},"class_list":["post-112","page","type-page","status-publish"],"_links":{"self":[{"href":"https:\/\/bye-pain.com\/it\/wp-json\/wp\/v2\/pages\/112","targetHints":{"allow":["GET"]}}],"collection":[{"href":"https:\/\/bye-pain.com\/it\/wp-json\/wp\/v2\/pages"}],"about":[{"href":"https:\/\/bye-pain.com\/it\/wp-json\/wp\/v2\/types\/page"}],"author":[{"embeddable":true,"href":"https:\/\/bye-pain.com\/it\/wp-json\/wp\/v2\/users\/1"}],"replies":[{"embeddable":true,"href":"https:\/\/bye-pain.com\/it\/wp-json\/wp\/v2\/comments?post=112"}],"version-history":[{"count":0,"href":"https:\/\/bye-pain.com\/it\/wp-json\/wp\/v2\/pages\/112\/revisions"}],"wp:attachment":[{"href":"https:\/\/bye-pain.com\/it\/wp-json\/wp\/v2\/media?parent=112"}],"curies":[{"name":"wp","href":"https:\/\/api.w.org\/{rel}","templated":true}]}}