{"id":3,"date":"2021-03-02T16:03:31","date_gmt":"2021-03-02T15:03:31","guid":{"rendered":"https:\/\/bisque-wasp-399565.hostingersite.com\/?page_id=3"},"modified":"2024-02-10T22:17:11","modified_gmt":"2024-02-10T22:17:11","slug":"tietosuojakaytanto","status":"publish","type":"page","link":"https:\/\/bye-pain.com\/fi\/privacy-policy","title":{"rendered":"Tietosuojak\u00e4yt\u00e4nt\u00f6"},"content":{"rendered":"<div data-elementor-type=\"wp-page\" data-elementor-id=\"3\" class=\"elementor elementor-3\" data-elementor-post-type=\"page\">\n\t\t\t\t\t\t<section class=\"elementor-section elementor-top-section elementor-element elementor-element-5c56538a elementor-section-boxed elementor-section-height-default elementor-section-height-default\" data-id=\"5c56538a\" data-element_type=\"section\" data-e-type=\"section\">\n\t\t\t\t\t\t<div class=\"elementor-container elementor-column-gap-default\">\n\t\t\t\t\t<div class=\"elementor-column elementor-col-100 elementor-top-column elementor-element elementor-element-428eed4d\" data-id=\"428eed4d\" data-element_type=\"column\" data-e-type=\"column\">\n\t\t\t<div class=\"elementor-widget-wrap elementor-element-populated\">\n\t\t\t\t\t\t<div class=\"elementor-element elementor-element-dd63083 elementor-widget elementor-widget-heading\" data-id=\"dd63083\" data-element_type=\"widget\" data-e-type=\"widget\" data-widget_type=\"heading.default\">\n\t\t\t\t<div class=\"elementor-widget-container\">\n\t\t\t\t\t<h1 class=\"elementor-heading-title elementor-size-default\">Tietosuojak\u00e4yt\u00e4nt\u00f6<\/h1>\t\t\t\t<\/div>\n\t\t\t\t<\/div>\n\t\t\t\t<div class=\"elementor-element elementor-element-7880b05 elementor-widget elementor-widget-text-editor\" data-id=\"7880b05\" data-element_type=\"widget\" data-e-type=\"widget\" data-widget_type=\"text-editor.default\">\n\t\t\t\t<div class=\"elementor-widget-container\">\n\t\t\t\t\t\t\t\t\t<h1 class=\"entry-title main_title\" style=\"text-align: center;\">\u00a0<\/h1><div class=\"entry-content\"><h2>Keit\u00e4 me olemme?<\/h2><p>Verkkosivustomme osoite on: https:\/\/bisque-wasp-399565.hostingersite.com<\/p><p>Voit ottaa meihin yhteytt\u00e4 seuraavaan s\u00e4hk\u00f6postiosoitteeseen: contact@bisque-wasp-399565.hostingersite.com<\/p><h2>Ker\u00e4ttyjen henkil\u00f6tietojen k\u00e4ytt\u00f6<\/h2><p>Tekem\u00e4ll\u00e4 tilauksen tai luomalla tilin hyv\u00e4ksyt tarjouksia ja kampanjoita s\u00e4hk\u00f6postitse ja\/tai puhelimitse.<\/p><h3>Kommentit<\/h3><p>Kun j\u00e4t\u00e4t kommentin verkkosivuillemme, kommenttilomakkeeseen sy\u00f6tetyt tiedot, IP-osoitteesi ja selaimesi k\u00e4ytt\u00e4j\u00e4agentti ker\u00e4t\u00e4\u00e4n auttamaan meit\u00e4 havaitsemaan ei-toivotut kommentit.<\/p><p>S\u00e4hk\u00f6postiosoitteestasi luotu anonymisoitu merkkijono (tunnetaan my\u00f6s nimell\u00e4 hash) voidaan l\u00e4hett\u00e4\u00e4 Gravatar-palveluun tarkistamaan, k\u00e4yt\u00e4tk\u00f6 sit\u00e4. Gravatar-palvelun luottamuksellisuuslausekkeet ovat saatavilla t\u00e4\u00e4lt\u00e4: https:\/\/automattic.com\/privacy\/. Kun kommenttisi on vahvistettu, profiilikuvasi n\u00e4kyy julkisesti kommenttisi vieress\u00e4.<\/p><h3>Media<\/h3><p>Jos olet rekister\u00f6itynyt k\u00e4ytt\u00e4j\u00e4 ja lataat kuvia verkkosivustolle, suosittelemme v\u00e4ltt\u00e4m\u00e4\u00e4n GPS-koordinaattien EXIF-tietoja sis\u00e4lt\u00e4vien kuvien lataamista. Verkkosivustosi vierailijat voivat ladata ja poimia sijaintitietoja n\u00e4ist\u00e4 kuvista.<\/p><h3>Yhteydenottolomakkeet<\/h3><p>Jos haluat ottaa meihin yhteytt\u00e4, kirjoita meille osoitteeseen contact@bisque-wasp-399565.hostingersite.com tai postitse osoitteeseen Bye pain \u2013 78, Avenue des Champs-\u00c9lys\u00e9es, Bureau 562, 75008 Paris \u2013 France<\/p><h3>Keksit<\/h3><p>Jos j\u00e4t\u00e4t kommentin sivuillemme, sinua pyydet\u00e4\u00e4n tallentamaan nimesi, s\u00e4hk\u00f6postiosoitteesi ja verkkosivustosi ev\u00e4steisiin. T\u00e4m\u00e4 on puhtaasti avuksesi, jotta sinun ei tarvitse sy\u00f6tt\u00e4\u00e4 n\u00e4it\u00e4 tietoja, jos j\u00e4t\u00e4t toisen kommentin my\u00f6hemmin. N\u00e4m\u00e4 ev\u00e4steet vanhenevat vuoden kuluttua.<\/p><p>Jos siirryt kirjautumissivulle, v\u00e4liaikainen ev\u00e4ste luodaan sen m\u00e4\u00e4ritt\u00e4miseksi, hyv\u00e4ksyyk\u00f6 selaimesi ev\u00e4steet. Se ei sis\u00e4ll\u00e4 henkil\u00f6tietoja, ja se poistetaan automaattisesti, kun suljet selaimesi.<\/p><p>Kun kirjaudut sis\u00e4\u00e4n, asetamme ev\u00e4steit\u00e4 tallentamaan kirjautumistietosi ja n\u00e4ytt\u00f6asetukset. Yhteysev\u00e4steen k\u00e4ytt\u00f6ik\u00e4 on kaksi p\u00e4iv\u00e4\u00e4, n\u00e4ytt\u00f6vaihtoehtoev\u00e4steen yksi vuosi. Jos valitset &quot;Muista minut&quot;, yhteysev\u00e4stett\u00e4si s\u00e4ilytet\u00e4\u00e4n kaksi viikkoa. Jos kirjaudut ulos tililt\u00e4si, kirjautumisev\u00e4ste poistetaan.<\/p><p>Kun muokkaat tai julkaiset julkaisun, selaimeesi tallennetaan lis\u00e4ev\u00e4ste. T\u00e4m\u00e4 ev\u00e4ste ei sis\u00e4ll\u00e4 henkil\u00f6tietoja. Se osoittaa yksinkertaisesti juuri muokkaamasi julkaisun tunnuksen. Se vanhenee yhden p\u00e4iv\u00e4n kuluttua.<\/p><h3>Upotettu sis\u00e4lt\u00f6 muilta sivustoilta<\/h3><p>T\u00e4m\u00e4n sivuston artikkelit voivat sis\u00e4lt\u00e4\u00e4 upotettua sis\u00e4lt\u00f6\u00e4 (esim. videoita, kuvia, artikkeleita jne.). Muiden sivustojen upotettu sis\u00e4lt\u00f6 k\u00e4ytt\u00e4ytyy samalla tavalla kuin vierailija k\u00e4visi toisella sivustolla.<\/p><p>N\u00e4m\u00e4 verkkosivustot voivat ker\u00e4t\u00e4 tietoja sinusta, k\u00e4ytt\u00e4\u00e4 ev\u00e4steit\u00e4, upottaa kolmannen osapuolen seurantaty\u00f6kaluja ja seurata vuorovaikutustasi t\u00e4m\u00e4n upotetun sis\u00e4ll\u00f6n kanssa, jos sinulla on kirjautunut tili heid\u00e4n verkkosivustollaan.<\/p><h3>Tilastot ja yleis\u00f6mittaus<\/h3><p>K\u00e4yt\u00e4mme teknologioita, kuten ev\u00e4steit\u00e4, mukauttaaksemme sis\u00e4lt\u00f6\u00e4 ja mainoksia, tarjotaksemme sosiaalisen median toimintoja ja analysoidaksemme sivuston liikennett\u00e4. Jaamme tietoja sivuston k\u00e4yt\u00f6st\u00e4si luotettujen sosiaalisen median, mainos- ja analytiikkakumppaneidemme kanssa.<\/p><p>K\u00e4yt\u00e4mme Google Analyticsin mittaamiseen tiettyj\u00e4 eri asiakaspolkuihin liittyvi\u00e4 tilastoja, joiden luottamuksellisuusk\u00e4yt\u00e4nt\u00f6\u00f6n voit tutustua seuraavasta osoitteesta: https:\/\/policies.google.com\/privacy?hl=fr .<\/p><p>K\u00e4yt\u00e4mme my\u00f6s Facebook-pikseli\u00e4. Voit tutustua heid\u00e4n luottamuksellisuusk\u00e4yt\u00e4nt\u00f6ins\u00e4 seuraavassa osoitteessa: https:\/\/www.facebook.com\/payments_terms\/privacy<\/p><h2>Tietojesi s\u00e4ilytysajat<\/h2><p>Jos j\u00e4t\u00e4t kommentin, kommenttia ja sen metatietoja s\u00e4ilytet\u00e4\u00e4n toistaiseksi. T\u00e4m\u00e4 mahdollistaa my\u00f6hempien kommenttien automaattisen tunnistamisen ja hyv\u00e4ksymisen sen sijaan, ett\u00e4 ne j\u00e4tt\u00e4isiv\u00e4t ne valvontajonoon.<\/p><p>Sivustollemme rekister\u00f6ityneiden k\u00e4ytt\u00e4jien osalta (jos mahdollista) tallennamme my\u00f6s heid\u00e4n profiilissaan ilmoitetut henkil\u00f6tiedot. Kaikki k\u00e4ytt\u00e4j\u00e4t voivat tarkastella, muokata tai poistaa henkil\u00f6kohtaisia tietojaan milloin tahansa (k\u00e4ytt\u00e4j\u00e4nime\u00e4\u00e4n lukuun ottamatta). Sivuston yll\u00e4pit\u00e4j\u00e4t voivat my\u00f6s tarkastella ja muokata n\u00e4it\u00e4 tietoja.<\/p><h2>Oikeudet, jotka sinulla on tietoihisi<\/h2><p>Jos sinulla on tili tai olet j\u00e4tt\u00e4nyt kommentteja sivustolle, voit pyyt\u00e4\u00e4 tiedoston, joka sis\u00e4lt\u00e4\u00e4 kaikki hallussamme olevat henkil\u00f6tiedot sinusta, mukaan lukien meille toimittamasi tiedot. Voit my\u00f6s pyyt\u00e4\u00e4 henkil\u00f6tietojesi poistamista. T\u00e4m\u00e4 ei sis\u00e4ll\u00e4 tietoja, jotka on tallennettu hallinnollisiin, juridisiin tai turvallisuustarkoituksiin.<\/p><h2>Henkil\u00f6tietojesi siirt\u00e4minen<\/h2><p>Vierailijoiden kommentit voidaan tarkistaa automaattisella palvelulla ei-toivottujen kommenttien havaitsemiseksi.<\/p><h2>Yhteystiedot<\/h2><p>Voit ottaa meihin yhteytt\u00e4 s\u00e4hk\u00f6postitse osoitteeseen contact@bisque-wasp-399565.hostingersite.com tai postitse osoitteeseen Bye pain \u2013 78, Avenue des Champs-\u00c9lys\u00e9es, Bureau 562, 75008 Paris \u2013 France<\/p><h2>Mit\u00e4 ker\u00e4\u00e4mme ja varastoimme<\/h2><p>Vierailun aikana sivustolla seuraamme:<\/p><ul><li>N\u00e4kem\u00e4si tuotteet: k\u00e4yt\u00e4mme n\u00e4it\u00e4 esimerkiksi \u00e4skett\u00e4in n\u00e4kemiesi tuotteiden esittelyyn.<\/li><li>Sijainti, IP-osoite ja selaintyyppi: k\u00e4yt\u00e4mme n\u00e4it\u00e4 verojen ja toimituskulujen arvioimiseen<\/li><li>Toimitusosoite: Pyyd\u00e4mme sinua sy\u00f6tt\u00e4m\u00e4\u00e4n t\u00e4m\u00e4n arvioidaksemme toimituskulut ennen tilauksen tekemist\u00e4 ja l\u00e4hett\u00e4\u00e4ksemme sinulle tilauksen!<\/li><\/ul><p>K\u00e4yt\u00e4mme ev\u00e4steit\u00e4 seurataksemme ostoskorisi sis\u00e4lt\u00f6\u00e4, kun selaat sivustoamme.<\/p><p>Kun ostat verkkosivustoltamme, pyyd\u00e4mme sinua antamaan tietoja, kuten nimesi, laskutusosoitteesi, toimitusosoitteesi, s\u00e4hk\u00f6postiosoitteesi, puhelinnumerosi, maksu-\/luottokorttitiedot ja mahdollisesti tilitiedot, kuten k\u00e4ytt\u00e4j\u00e4tunnus ja salasana. N\u00e4it\u00e4 tietoja k\u00e4ytet\u00e4\u00e4n:<\/p><ul><li>Tietojen l\u00e4hett\u00e4minen tilist\u00e4si ja tilauksestasi<\/li><li>Tiedusteluihin vastaaminen, mukaan lukien palautukset ja valitukset<\/li><li>Maksujen k\u00e4sittely ja petosten torjunta<\/li><li>Luo tili myym\u00e4l\u00e4\u00e4mme varten<\/li><li>Noudata kaikkia lakis\u00e4\u00e4teisi\u00e4 velvoitteita, kuten verojen laskemista<br \/>Paranna myym\u00e4l\u00e4tarjontaamme<\/li><li>L\u00e4het\u00e4 sinulle markkinointiviestej\u00e4, jos haluat vastaanottaa niit\u00e4<\/li><\/ul><p>Jos luot tilin, tallennamme nimesi, osoitteesi, s\u00e4hk\u00f6postiosoitteesi ja puhelinnumerosi, joita k\u00e4ytet\u00e4\u00e4n tilausvahvistuksen esit\u00e4ytt\u00f6\u00f6n tulevia tilauksia varten.<\/p><p>S\u00e4ilyt\u00e4mme tietojasi yleens\u00e4 niin kauan kuin tarvitsemme niit\u00e4 siihen tarkoitukseen, johon ker\u00e4\u00e4mme ja k\u00e4yt\u00e4mme niit\u00e4, eik\u00e4 meill\u00e4 ole laillista velvollisuutta s\u00e4ilytt\u00e4\u00e4 niit\u00e4. S\u00e4ilyt\u00e4mme esimerkiksi tilaustietoja XXX vuoden ajan verotusta ja kirjanpitoa varten. T\u00e4m\u00e4 sis\u00e4lt\u00e4\u00e4 nimesi, s\u00e4hk\u00f6postiosoitteesi sek\u00e4 laskutus- ja toimitusosoitteesi.<\/p><p>Tallennamme my\u00f6s kommentit tai ilmoitukset, jos p\u00e4\u00e4t\u00e4t l\u00e4hett\u00e4\u00e4 ne.<\/p><h2>Kenell\u00e4 tiimiss\u00e4mme on p\u00e4\u00e4sy tietoihin<\/h2><p>Tiimimme j\u00e4senill\u00e4 on p\u00e4\u00e4sy antamiisi tietoihin. Esimerkiksi kaupan yll\u00e4pit\u00e4jill\u00e4 ja johtajilla on p\u00e4\u00e4sy seuraaviin tarkoituksiin:<\/p><ul><li>Tilaustiedot, kuten mit\u00e4 ostettiin, milloin ja minne se tulee l\u00e4hett\u00e4\u00e4<\/li><li>Asiakastiedot, kuten nimesi, s\u00e4hk\u00f6postiosoitteesi sek\u00e4 laskutus- ja toimitustiedot.<\/li><\/ul><p>Tiimill\u00e4mme on p\u00e4\u00e4sy n\u00e4ihin tietoihin tilausten k\u00e4sittely\u00e4, hyvitysten k\u00e4sittely\u00e4 ja apua varten.<\/p><p>\u00a0<\/p><h2>Mit\u00e4 jaamme muiden kanssa<\/h2><p>Jaamme tietoja kolmansille osapuolille, jotka auttavat meit\u00e4 hallitsemaan tilauksiamme ja myym\u00e4l\u00e4palvelujamme; Stripe on luottokorttimaksupalvelu ja PayPal maksuyhdysk\u00e4yt\u00e4v\u00e4.<\/p><h3>Maksut<\/h3><p>Hyv\u00e4ksymme maksut PayPalin ja Stripen kautta. Maksuja k\u00e4sitelt\u00e4ess\u00e4 tiettyj\u00e4 tietoja v\u00e4litet\u00e4\u00e4n PayPalille tai Stripelle, mukaan lukien maksun suorittamiseen tarvittavat tiedot, kuten kokonaissumma tai laskutustiedot.<\/p><p>Lue lis\u00e4tietoja PayPalin tietosuojak\u00e4yt\u00e4nn\u00f6st\u00e4.<\/p><p>Lue lis\u00e4\u00e4 Stripen tietosuojak\u00e4yt\u00e4nn\u00f6st\u00e4.<\/p><\/div>\t\t\t\t\t\t\t\t<\/div>\n\t\t\t\t<\/div>\n\t\t\t\t\t<\/div>\n\t\t<\/div>\n\t\t\t\t\t<\/div>\n\t\t<\/section>\n\t\t\t\t<\/div>","protected":false},"excerpt":{"rendered":"<p>Privacy Policy \u00a0 Who are we? Our website address is: https:\/\/bisque-wasp-399565.hostingersite.com You can contact us at the following email address: contact@bisque-wasp-399565.hostingersite.com Use of personal data collected By placing an order or creating an account, you agree to receive offers and promotions by email and\/or telephone. Comments When you leave a comment on our website, the [&hellip;]<\/p>\n","protected":false},"author":1,"featured_media":0,"parent":0,"menu_order":0,"comment_status":"closed","ping_status":"closed","template":"","meta":{"_seopress_robots_primary_cat":"","_seopress_titles_title":"Privacy Policy","_seopress_titles_desc":"Our privacy policy page","_seopress_robots_index":"","site-sidebar-layout":"default","site-content-layout":"","ast-site-content-layout":"default","site-content-style":"default","site-sidebar-style":"default","ast-global-header-display":"","ast-banner-title-visibility":"","ast-main-header-display":"","ast-hfb-above-header-display":"","ast-hfb-below-header-display":"","ast-hfb-mobile-header-display":"","site-post-title":"","ast-breadcrumbs-content":"","ast-featured-img":"","footer-sml-layout":"","ast-disable-related-posts":"","theme-transparent-header-meta":"","adv-header-id-meta":"","stick-header-meta":"","header-above-stick-meta":"","header-main-stick-meta":"","header-below-stick-meta":"","astra-migrate-meta-layouts":"set","ast-page-background-enabled":"default","ast-page-background-meta":{"desktop":{"background-color":"var(--ast-global-color-4)","background-image":"","background-repeat":"repeat","background-position":"center center","background-size":"auto","background-attachment":"scroll","background-type":"","background-media":"","overlay-type":"","overlay-color":"","overlay-opacity":"","overlay-gradient":""},"tablet":{"background-color":"","background-image":"","background-repeat":"repeat","background-position":"center center","background-size":"auto","background-attachment":"scroll","background-type":"","background-media":"","overlay-type":"","overlay-color":"","overlay-opacity":"","overlay-gradient":""},"mobile":{"background-color":"","background-image":"","background-repeat":"repeat","background-position":"center center","background-size":"auto","background-attachment":"scroll","background-type":"","background-media":"","overlay-type":"","overlay-color":"","overlay-opacity":"","overlay-gradient":""}},"ast-content-background-meta":{"desktop":{"background-color":"var(--ast-global-color-5)","background-image":"","background-repeat":"repeat","background-position":"center center","background-size":"auto","background-attachment":"scroll","background-type":"","background-media":"","overlay-type":"","overlay-color":"","overlay-opacity":"","overlay-gradient":""},"tablet":{"background-color":"var(--ast-global-color-5)","background-image":"","background-repeat":"repeat","background-position":"center center","background-size":"auto","background-attachment":"scroll","background-type":"","background-media":"","overlay-type":"","overlay-color":"","overlay-opacity":"","overlay-gradient":""},"mobile":{"background-color":"var(--ast-global-color-5)","background-image":"","background-repeat":"repeat","background-position":"center center","background-size":"auto","background-attachment":"scroll","background-type":"","background-media":"","overlay-type":"","overlay-color":"","overlay-opacity":"","overlay-gradient":""}},"footnotes":""},"class_list":["post-3","page","type-page","status-publish"],"_links":{"self":[{"href":"https:\/\/bye-pain.com\/fi\/wp-json\/wp\/v2\/pages\/3","targetHints":{"allow":["GET"]}}],"collection":[{"href":"https:\/\/bye-pain.com\/fi\/wp-json\/wp\/v2\/pages"}],"about":[{"href":"https:\/\/bye-pain.com\/fi\/wp-json\/wp\/v2\/types\/page"}],"author":[{"embeddable":true,"href":"https:\/\/bye-pain.com\/fi\/wp-json\/wp\/v2\/users\/1"}],"replies":[{"embeddable":true,"href":"https:\/\/bye-pain.com\/fi\/wp-json\/wp\/v2\/comments?post=3"}],"version-history":[{"count":0,"href":"https:\/\/bye-pain.com\/fi\/wp-json\/wp\/v2\/pages\/3\/revisions"}],"wp:attachment":[{"href":"https:\/\/bye-pain.com\/fi\/wp-json\/wp\/v2\/media?parent=3"}],"curies":[{"name":"wp","href":"https:\/\/api.w.org\/{rel}","templated":true}]}}