{"id":116,"date":"2021-03-11T10:05:24","date_gmt":"2021-03-11T09:05:24","guid":{"rendered":"https:\/\/bisque-wasp-399565.hostingersite.com\/?page_id=116"},"modified":"2024-02-10T22:17:48","modified_gmt":"2024-02-10T22:17:48","slug":"palata","status":"publish","type":"page","link":"https:\/\/bye-pain.com\/fi\/return","title":{"rendered":"Palata"},"content":{"rendered":"<div data-elementor-type=\"wp-page\" data-elementor-id=\"116\" class=\"elementor elementor-116\" data-elementor-post-type=\"page\">\n\t\t\t\t\t\t<section class=\"elementor-section elementor-top-section elementor-element elementor-element-114367fd elementor-section-boxed elementor-section-height-default elementor-section-height-default\" data-id=\"114367fd\" data-element_type=\"section\" data-e-type=\"section\">\n\t\t\t\t\t\t<div class=\"elementor-container elementor-column-gap-default\">\n\t\t\t\t\t<div class=\"elementor-column elementor-col-100 elementor-top-column elementor-element elementor-element-7c7d0720\" data-id=\"7c7d0720\" data-element_type=\"column\" data-e-type=\"column\">\n\t\t\t<div class=\"elementor-widget-wrap elementor-element-populated\">\n\t\t\t\t\t\t<div class=\"elementor-element elementor-element-3cf7179 elementor-widget elementor-widget-heading\" data-id=\"3cf7179\" data-element_type=\"widget\" data-e-type=\"widget\" data-widget_type=\"heading.default\">\n\t\t\t\t<div class=\"elementor-widget-container\">\n\t\t\t\t\t<h1 class=\"elementor-heading-title elementor-size-default\">PALAUTUSK\u00c4YT\u00c4NT\u00d6<\/h1>\t\t\t\t<\/div>\n\t\t\t\t<\/div>\n\t\t\t\t<div class=\"elementor-element elementor-element-46fafc8e elementor-widget elementor-widget-text-editor\" data-id=\"46fafc8e\" data-element_type=\"widget\" data-e-type=\"widget\" data-widget_type=\"text-editor.default\">\n\t\t\t\t<div class=\"elementor-widget-container\">\n\t\t\t\t\t\t\t\t\t<p>Vakuutuksemme on voimassa 30 p\u00e4iv\u00e4\u00e4. Jos ostoksestasi on kulunut 30 p\u00e4iv\u00e4\u00e4, emme valitettavasti voi tarjota sinulle hyvityst\u00e4 tai vaihtoa.<\/p><p>Palautuksen edellytyksen\u00e4 on, ett\u00e4 tuotteesi on k\u00e4ytt\u00e4m\u00e4t\u00f6n ja samassa kunnossa kuin sen vastaanotit. Sen on oltava my\u00f6s alkuper\u00e4isess\u00e4 pakkauksessaan.<\/p><p>Useita erityyppisi\u00e4 tuotteita ei voi palauttaa. Helposti pilaantuvia tavaroita, kuten ravintolisi\u00e4 tai lehti\u00e4, ei voi palauttaa. Emme my\u00f6sk\u00e4\u00e4n ota vastaan intiimi- tai hygieniak\u00e4ytt\u00f6\u00f6n tarkoitettuja tuotteita, vaarallisia tuotteita tai syttyvi\u00e4 kaasuja tai nesteit\u00e4.<\/p><p>Muut tuotteet, joita ei voi palauttaa:<br \/>* Lahjakortit<br \/>* Ladattava ohjelmisto<br \/>* Tietyt terveys- ja henkil\u00f6kohtaisen hygienian tuotteet<\/p><p>Palauttaaksesi sinun tulee n\u00e4ytt\u00e4\u00e4 meille ostokuitti tai kuitti.<\/p><p>Joissakin tilanteissa hyvitys my\u00f6nnet\u00e4\u00e4n vain osittain: (tarvittaessa)<br \/>* Kirjat, joissa on selvi\u00e4 k\u00e4yt\u00f6n j\u00e4lki\u00e4.<br \/>* CD-levyt, DVD-levyt, VHS-nauhat, ohjelmistot, videopelit, kasetit tai vinyylilevyt, jotka on avattu.<br \/>* Mik\u00e4 tahansa esine, joka ei ole alkuper\u00e4isess\u00e4 kunnossaan, on vaurioitunut tai josta puuttuu osia syist\u00e4, jotka eiv\u00e4t johdu meid\u00e4n virheest\u00e4mme.<br \/>* Kaikki tuotteet, jotka palautetaan yli 30 p\u00e4iv\u00e4\u00e4 toimituksen j\u00e4lkeen.<\/p><h2>\u00a0<\/h2><h2>Hyvitykset (jos sellaisia on)<\/h2><p>Kun olemme vastaanottaneet ja tarkastaneet palautetun tuotteen, l\u00e4het\u00e4mme sinulle s\u00e4hk\u00f6postin vahvistaaksemme, ett\u00e4 olemme vastaanottaneet sen. Ilmoitamme sinulle my\u00f6s p\u00e4\u00e4t\u00f6ksest\u00e4mme hyv\u00e4ksy\u00e4 tai hyl\u00e4t\u00e4 hyvityspyynt\u00f6si.<br \/>Jos pyynt\u00f6si hyv\u00e4ksyt\u00e4\u00e4n, hyvityksesi k\u00e4sitell\u00e4\u00e4n ja luottokorttiasi tai alkuper\u00e4ist\u00e4 maksutapaasi lis\u00e4t\u00e4\u00e4n automaattisesti tietyn p\u00e4iv\u00e4n kuluessa.<\/p><h2>My\u00f6h\u00e4styneet tai puuttuvat palautukset (tarvittaessa)<\/h2><p>Jos et ole viel\u00e4 saanut hyvityst\u00e4si, tarkista ensin pankkitilisi uudelleen.<br \/>Ota sitten yhteytt\u00e4 luottokorttisi my\u00f6nt\u00e4j\u00e4\u00e4n, sill\u00e4 hyvityksen viralliseen l\u00e4hett\u00e4miseen voi kulua viive.<br \/>Ota sitten yhteytt\u00e4 pankkiisi. Usein k\u00e4sittely kest\u00e4\u00e4 ennen kuin hyvitys l\u00e4hetet\u00e4\u00e4n.<br \/>Jos et ole viel\u00e4k\u00e4\u00e4n saanut hyvityst\u00e4 kaikkien n\u00e4iden vaiheiden suorittamisen j\u00e4lkeen, ota meihin yhteytt\u00e4 osoitteeseen contact@bisque-wasp-399565.hostingersite.com.<br \/>Myyntituotteet (tarvittaessa)<br \/>Vain normaalihintaiset tuotteet voidaan palauttaa. Valitettavasti myyntituotteita ei palauteta.<\/p><h2>Vaihto (tarvittaessa)<\/h2><p>Vaihdamme tuotteen vain, jos se on viallinen tai vaurioitunut. Jos haluat vaihtaa sen samaan tuotteeseen, l\u00e4het\u00e4 meille s\u00e4hk\u00f6postia osoitteeseen contact@bisque-wasp-399565.hostingersite.com<\/p><h2>Cadeaux<\/h2><p>\u00a0<\/p><p>Jos palautettu tuote tunnistettiin lahjaksi ostohetkell\u00e4 ja l\u00e4hetettiin suoraan sinulle, saat palautuksesi arvon suuruisen lahjahyvityksen. Kun olemme vastaanottaneet palautetun tuotteen, l\u00e4het\u00e4mme sinulle lahjakortin postitse.<\/p><p>Jos tuotetta ei tunnistettu lahjaksi ostohetkell\u00e4 tai jos lahjan antaja halusi saada tavaran ensin ja antaa sen sinulle my\u00f6hemmin, l\u00e4het\u00e4mme lahjan antajalle hyvityksen ja h\u00e4n tiet\u00e4\u00e4, ett\u00e4 olet palauttanut esine.<\/p><h2>laivaus<\/h2><p>Palauttaaksesi tuotteen, sinun on l\u00e4hetett\u00e4v\u00e4 se postitse, ota yhteytt\u00e4 s\u00e4hk\u00f6postitse saadaksesi palautusosoitteen.<\/p><p>Olet itse vastuussa tuotteen palautuksen toimituskulujen maksamisesta. Toimituskuluja ei palauteta. Jos saat hyvityksen, palautuskulut v\u00e4hennet\u00e4\u00e4n siit\u00e4.<\/p><p>Vaihdetun tuotteen vastaanottamiseen kuluva aika voi vaihdella asuinpaikastasi riippuen.<\/p><p>Jos l\u00e4het\u00e4t tavaraa, jonka arvo on yli 75 puntaa, sinun kannattaa harkita toimituspalvelun k\u00e4ytt\u00f6\u00e4, jonka avulla voit seurata l\u00e4hetyst\u00e4 tai ottaa toimitusvakuutus. Emme takaa, ett\u00e4 saamme palauttamasi tuotteen.<\/p>\t\t\t\t\t\t\t\t<\/div>\n\t\t\t\t<\/div>\n\t\t\t\t\t<\/div>\n\t\t<\/div>\n\t\t\t\t\t<\/div>\n\t\t<\/section>\n\t\t\t\t<\/div>","protected":false},"excerpt":{"rendered":"<p>Return Policy Our policy lasts for 30 days. Unfortunately, if 30 days have passed since your purchase, we cannot offer you a refund or exchange. To be eligible for a return, your item must be unused and in the same condition in which you received it. It must also be in its original packaging. Several [&hellip;]<\/p>\n","protected":false},"author":1,"featured_media":0,"parent":0,"menu_order":0,"comment_status":"closed","ping_status":"closed","template":"elementor_header_footer","meta":{"_seopress_robots_primary_cat":"","_seopress_titles_title":"Returns policy","_seopress_titles_desc":"Our returns policy page.","_seopress_robots_index":"","site-sidebar-layout":"default","site-content-layout":"","ast-site-content-layout":"default","site-content-style":"default","site-sidebar-style":"default","ast-global-header-display":"","ast-banner-title-visibility":"","ast-main-header-display":"","ast-hfb-above-header-display":"","ast-hfb-below-header-display":"","ast-hfb-mobile-header-display":"","site-post-title":"","ast-breadcrumbs-content":"","ast-featured-img":"","footer-sml-layout":"","ast-disable-related-posts":"","theme-transparent-header-meta":"","adv-header-id-meta":"","stick-header-meta":"","header-above-stick-meta":"","header-main-stick-meta":"","header-below-stick-meta":"","astra-migrate-meta-layouts":"set","ast-page-background-enabled":"default","ast-page-background-meta":{"desktop":{"background-color":"var(--ast-global-color-4)","background-image":"","background-repeat":"repeat","background-position":"center center","background-size":"auto","background-attachment":"scroll","background-type":"","background-media":"","overlay-type":"","overlay-color":"","overlay-opacity":"","overlay-gradient":""},"tablet":{"background-color":"","background-image":"","background-repeat":"repeat","background-position":"center center","background-size":"auto","background-attachment":"scroll","background-type":"","background-media":"","overlay-type":"","overlay-color":"","overlay-opacity":"","overlay-gradient":""},"mobile":{"background-color":"","background-image":"","background-repeat":"repeat","background-position":"center center","background-size":"auto","background-attachment":"scroll","background-type":"","background-media":"","overlay-type":"","overlay-color":"","overlay-opacity":"","overlay-gradient":""}},"ast-content-background-meta":{"desktop":{"background-color":"var(--ast-global-color-5)","background-image":"","background-repeat":"repeat","background-position":"center center","background-size":"auto","background-attachment":"scroll","background-type":"","background-media":"","overlay-type":"","overlay-color":"","overlay-opacity":"","overlay-gradient":""},"tablet":{"background-color":"var(--ast-global-color-5)","background-image":"","background-repeat":"repeat","background-position":"center center","background-size":"auto","background-attachment":"scroll","background-type":"","background-media":"","overlay-type":"","overlay-color":"","overlay-opacity":"","overlay-gradient":""},"mobile":{"background-color":"var(--ast-global-color-5)","background-image":"","background-repeat":"repeat","background-position":"center center","background-size":"auto","background-attachment":"scroll","background-type":"","background-media":"","overlay-type":"","overlay-color":"","overlay-opacity":"","overlay-gradient":""}},"footnotes":""},"class_list":["post-116","page","type-page","status-publish"],"_links":{"self":[{"href":"https:\/\/bye-pain.com\/fi\/wp-json\/wp\/v2\/pages\/116","targetHints":{"allow":["GET"]}}],"collection":[{"href":"https:\/\/bye-pain.com\/fi\/wp-json\/wp\/v2\/pages"}],"about":[{"href":"https:\/\/bye-pain.com\/fi\/wp-json\/wp\/v2\/types\/page"}],"author":[{"embeddable":true,"href":"https:\/\/bye-pain.com\/fi\/wp-json\/wp\/v2\/users\/1"}],"replies":[{"embeddable":true,"href":"https:\/\/bye-pain.com\/fi\/wp-json\/wp\/v2\/comments?post=116"}],"version-history":[{"count":0,"href":"https:\/\/bye-pain.com\/fi\/wp-json\/wp\/v2\/pages\/116\/revisions"}],"wp:attachment":[{"href":"https:\/\/bye-pain.com\/fi\/wp-json\/wp\/v2\/media?parent=116"}],"curies":[{"name":"wp","href":"https:\/\/api.w.org\/{rel}","templated":true}]}}