{"id":112,"date":"2021-03-11T10:02:09","date_gmt":"2021-03-11T09:02:09","guid":{"rendered":"https:\/\/bisque-wasp-399565.hostingersite.com\/?page_id=112"},"modified":"2025-04-13T23:05:08","modified_gmt":"2025-04-13T22:05:08","slug":"lailliset-huomautukset","status":"publish","type":"page","link":"https:\/\/bye-pain.com\/fi\/legal-notices","title":{"rendered":"Lailliset huomautukset"},"content":{"rendered":"<div data-elementor-type=\"wp-page\" data-elementor-id=\"112\" class=\"elementor elementor-112\" data-elementor-post-type=\"page\">\n\t\t\t\t\t\t<section class=\"elementor-section elementor-top-section elementor-element elementor-element-39424204 elementor-section-boxed elementor-section-height-default elementor-section-height-default\" data-id=\"39424204\" data-element_type=\"section\" data-e-type=\"section\">\n\t\t\t\t\t\t<div class=\"elementor-container elementor-column-gap-default\">\n\t\t\t\t\t<div class=\"elementor-column elementor-col-100 elementor-top-column elementor-element elementor-element-31a035ae\" data-id=\"31a035ae\" data-element_type=\"column\" data-e-type=\"column\">\n\t\t\t<div class=\"elementor-widget-wrap elementor-element-populated\">\n\t\t\t\t\t\t<div class=\"elementor-element elementor-element-0b9f4d6 elementor-widget elementor-widget-heading\" data-id=\"0b9f4d6\" data-element_type=\"widget\" data-e-type=\"widget\" data-widget_type=\"heading.default\">\n\t\t\t\t<div class=\"elementor-widget-container\">\n\t\t\t\t\t<h1 class=\"elementor-heading-title elementor-size-default\">Lakitiedot<\/h1>\t\t\t\t<\/div>\n\t\t\t\t<\/div>\n\t\t\t\t<div class=\"elementor-element elementor-element-76c3e160 elementor-widget elementor-widget-text-editor\" data-id=\"76c3e160\" data-element_type=\"widget\" data-e-type=\"widget\" data-widget_type=\"text-editor.default\">\n\t\t\t\t<div class=\"elementor-widget-container\">\n\t\t\t\t\t\t\t\t\t<h1 style=\"text-align: center;\">\u00a0<\/h1><div><h2>1. Sivuston esittely.<\/h2><div><p>Luottamuksesta digitaalitalouteen 21. kes\u00e4kuuta 2004 annetun lain nro 2004-575 pyk\u00e4l\u00e4n 6 mukaisesti bye-pain.com-sivuston k\u00e4ytt\u00e4jille ilmoitetaan sen luomiseen ja seurantaan osallistuvien eri osapuolten henkil\u00f6llisyydest\u00e4:<\/p><p>Owner: SEBASTIEN HEIM &#8211; 78 avenue des Champs Elys\u00e9es &#8211; Bureau 562 &#8211; 75008 Paris &#8211; France. Siret: 83353766500022<\/p><p>Julkaisemisesta vastaava henkil\u00f6 on yksityishenkil\u00f6 tai oikeushenkil\u00f6.<\/p><p>J\u00e4rjest\u00e4j\u00e4: OVH SAS: 2 rue Kellermann \u2013 BP 80157 59053 ROUBAIX CEDEX 1 \u2013 Ranska<\/p><h3>2. Sivuston ja tarjottujen palvelujen yleiset k\u00e4ytt\u00f6ehdot.<\/h3><p>Bye-pain.com-verkkosivuston k\u00e4ytt\u00f6 edellytt\u00e4\u00e4 alla esitettyjen yleisten k\u00e4ytt\u00f6ehtojen t\u00e4ytt\u00e4 hyv\u00e4ksymist\u00e4. N\u00e4it\u00e4 k\u00e4ytt\u00f6ehtoja voidaan muuttaa tai t\u00e4ydent\u00e4\u00e4 milloin tahansa, ja siksi bye-pain.fr-sivuston k\u00e4ytt\u00e4ji\u00e4 kehotetaan tutustumaan niihin s\u00e4\u00e4nn\u00f6llisesti.<\/p><p>T\u00e4m\u00e4 sivusto on yleens\u00e4 k\u00e4ytt\u00e4jien k\u00e4ytett\u00e4viss\u00e4 aina. SEBASTIEN HEIM voi kuitenkin p\u00e4\u00e4tt\u00e4\u00e4 keskeytt\u00e4\u00e4 ty\u00f6maan teknisen yll\u00e4pidon vuoksi, jolloin se pyrkii ilmoittamaan k\u00e4ytt\u00e4jille toimenpiteiden p\u00e4iv\u00e4m\u00e4\u00e4r\u00e4t ja kellonajat etuk\u00e4teen.<\/p><p>Bye Pain p\u00e4ivitt\u00e4\u00e4 bye-pain.com-sivustoa s\u00e4\u00e4nn\u00f6llisesti. Vastaavasti oikeudellisia huomautuksia voidaan muuttaa milloin tahansa: ne kuitenkin sitovat k\u00e4ytt\u00e4j\u00e4\u00e4, jota kehotetaan tutustumaan niihin mahdollisimman usein lukeakseen ne.<\/p><h3>3. Kuvaus tarjotuista palveluista.<\/h3><p>Bye-pain.com-sivuston tarkoituksena on tarjota tietoa kaikesta yhti\u00f6n toiminnasta.<\/p><p>Bye Pain pyrkii tarjoamaan bye-pain.fr-verkkosivustolle mahdollisimman tarkkoja tietoja. Se ei kuitenkaan ole vastuussa p\u00e4ivityksen puutteista, ep\u00e4tarkkuuksista tai puutteista riippumatta siit\u00e4, ovatko ne sen tai kolmannen osapuolen syyt\u00e4, jotka toimittavat sille n\u00e4m\u00e4 tiedot.<\/p><p>Kaikki bye-pain.com-sivustolla annetut tiedot on tarkoitettu vain tiedoksi ja ne voivat muuttua. Lis\u00e4ksi bye-pain.com-sivustolla olevat tiedot eiv\u00e4t ole tyhjent\u00e4vi\u00e4. Siihen voidaan tehd\u00e4 muutoksia sen j\u00e4lkeen, kun se otettiin k\u00e4ytt\u00f6\u00f6n.<\/p><h3>4. Teknisi\u00e4 tietoja koskevat sopimusrajoitukset.<\/h3><p>Sivusto k\u00e4ytt\u00e4\u00e4 JavaScript-tekniikkaa.<\/p><p>Sivusto ei ole vastuussa mist\u00e4\u00e4n sivuston k\u00e4ytt\u00f6\u00f6n liittyvist\u00e4 aineellisista vahingoista. Lis\u00e4ksi sivuston k\u00e4ytt\u00e4j\u00e4t sitoutuvat k\u00e4ytt\u00e4m\u00e4\u00e4n sivustoa uusimmalla, viruksellisella laitteistolla ja ajan tasalla, uusimman sukupolven selaimella.<\/p><h3>5. Immateriaalioikeudet ja v\u00e4\u00e4rent\u00e4minen.<\/h3><p>SEBASTIEN HEIM omistaa immateriaalioikeudet tai omistaa k\u00e4ytt\u00f6oikeudet kaikkiin sivustolla oleviin elementteihin, erityisesti teksteihin, kuviin, grafiikkaan, logoihin, kuvakkeisiin, \u00e4\u00e4niin ja ohjelmistoihin.<\/p><p>Kaikkien sivuston elementtien tai osien kopioiminen, esitt\u00e4minen, muuttaminen, julkaiseminen, mukauttaminen k\u00e4ytetyist\u00e4 keinoista tai prosessista riippumatta on kielletty\u00e4 paitsi SEBASTIEN HEIMin etuk\u00e4teen antamalla kirjallisella luvalla.<\/p><p>Sivuston tai sen sis\u00e4lt\u00e4mien osien luvaton k\u00e4ytt\u00f6 katsotaan loukkaukseksi ja siit\u00e4 asetetaan syytteeseen L.335-2 ja sit\u00e4 seuraavien artiklojen m\u00e4\u00e4r\u00e4ysten mukaisesti. Ranskan henkisen omaisuuden s\u00e4\u00e4nn\u00f6st\u00f6n mukaisesti.<\/p><h3>6. Vastuun rajoitus.<\/h3><p>SEBASTIEN HEIM ei ole vastuussa suorista tai ep\u00e4suorista vahingoista, jotka aiheutuvat k\u00e4ytt\u00e4j\u00e4n laitteille k\u00e4ydess\u00e4\u00e4n bye-pain.com-sivustolla ja jotka johtuvat joko sellaisten laitteiden k\u00e4yt\u00f6st\u00e4, jotka eiv\u00e4t t\u00e4yt\u00e4 kohdassa 4 ilmoitettuja vaatimuksia, tai siit\u00e4, ett\u00e4 bugi tai yhteensopimattomuus.<\/p><p>SEBASTIEN HEIM ei my\u00f6sk\u00e4\u00e4n v\u00e4ltt\u00e4m\u00e4tt\u00e4 ole vastuussa ep\u00e4suorista vahingoista (kuten markkinoiden menetyksest\u00e4 tai mahdollisuuksien menetyksest\u00e4), jotka johtuvat bye-pain.fr-verkkosivuston k\u00e4yt\u00f6st\u00e4.<\/p><p>K\u00e4ytt\u00e4jien k\u00e4ytett\u00e4viss\u00e4 on interaktiivisia alueita (mahdollisuutta esitt\u00e4\u00e4 kysymyksi\u00e4 yhteysalueella). SEBASTIEN HEIM pid\u00e4tt\u00e4\u00e4 oikeuden poistaa ilman ennakkoilmoitusta kaiken t\u00e4ll\u00e4 alueella julkaistun sis\u00e4ll\u00f6n, joka rikkoo Ranskassa sovellettavaa lains\u00e4\u00e4d\u00e4nt\u00f6\u00e4, erityisesti tietosuojaa koskevia m\u00e4\u00e4r\u00e4yksi\u00e4. Soveltuvin osin SEBASTIEN HEIM varaa my\u00f6s oikeuden asettaa k\u00e4ytt\u00e4j\u00e4 siviili- ja\/tai rikosoikeudelliseen vastuuseen erityisesti rasististen, loukkaavien, herjaavien tai pornografisten viestien yhteydess\u00e4 k\u00e4ytetyst\u00e4 v\u00e4lineest\u00e4 (teksti, valokuvat jne.) riippumatta.<\/p><h3>7. Henkil\u00f6tietojen hallinta.<\/h3><p>Ranskassa henkil\u00f6tiedot on suojattu lailla nro. 78-87, 6. tammikuuta 1978, laki nro. 2004-801, 6. elokuuta 2004, rikoslain L. 226-13 \u00a7 ja 24. lokakuuta 1995 annettu eurooppalainen direktiivi.<\/p><p>Bye-pain.com-sivustoa k\u00e4ytett\u00e4ess\u00e4 voidaan ker\u00e4t\u00e4 seuraavia tietoja: niiden linkkien URL-osoite, joiden kautta k\u00e4ytt\u00e4j\u00e4 p\u00e4\u00e4si bye-pain.com-sivustolle, k\u00e4ytt\u00e4j\u00e4n p\u00e4\u00e4syntarjoaja, k\u00e4ytt\u00e4j\u00e4n IP-osoite.<\/p><p>Joka tapauksessa SEBASTIEN HEIM ker\u00e4\u00e4 k\u00e4ytt\u00e4j\u00e4\u00e4 koskevia henkil\u00f6tietoja vain tiettyj\u00e4 bye-pain.fr-sivuston tarjoamia palveluja varten. K\u00e4ytt\u00e4j\u00e4t antavat n\u00e4m\u00e4 tiedot t\u00e4ysin tietoisina tosiseikoista, etenkin kun he sy\u00f6tt\u00e4v\u00e4t ne itse. Bye-pain.com-sivuston k\u00e4ytt\u00e4jille ilmoitetaan sitten, onko heid\u00e4n annettava n\u00e4m\u00e4 tiedot.<\/p><p>38 artiklojen ja sit\u00e4 seuraavien artiklojen mukaisesti. Tietojen k\u00e4sittelyst\u00e4, tiedostoista ja yksil\u00f6nvapauksista 6. tammikuuta 1978 annetun lain 78-17 mukaisesti kaikilla k\u00e4ytt\u00e4jill\u00e4 on oikeus p\u00e4\u00e4st\u00e4 k\u00e4siksi, oikaista ja vastustaa heit\u00e4 koskevia henkil\u00f6tietoja tekem\u00e4ll\u00e4 kirjallinen ja allekirjoitettu pyynt\u00f6, johon on liitetty kopio henkil\u00f6llisyystodistus, jossa on asiakirjan haltijan allekirjoitus ja osoite, johon vastaus l\u00e4hetet\u00e4\u00e4n.<\/p><p>Mit\u00e4\u00e4n bye-pain.com-sivuston k\u00e4ytt\u00e4j\u00e4n henkil\u00f6kohtaisia tietoja ei julkaista ilman k\u00e4ytt\u00e4j\u00e4n tiet\u00e4myst\u00e4, vaihdeta, siirt\u00e4\u00e4, luovuttaa tai myyd\u00e4 mill\u00e4\u00e4n v\u00e4lineell\u00e4 kolmansille osapuolille. Ainoastaan SEBASTIEN HEIM:n ja sen oikeuksien takaisinoston olettaminen mahdollistaisi edell\u00e4 mainittujen tietojen v\u00e4litt\u00e4misen mahdolliselle ostajalle, jolla puolestaan olisi sama tietojen s\u00e4ilytt\u00e4mis- ja muuttamisvelvollisuus koskien tervehtimien k\u00e4ytt\u00e4j\u00e4\u00e4. pain.com-sivusto.<\/p><p>Tietokannat on suojattu tietokantojen oikeudellisesta suojasta 11. maaliskuuta 1996 annetun direktiivin 96\/9\/EY t\u00e4yt\u00e4nt\u00f6\u00f6npanosta 1. hein\u00e4kuuta 1998 annetulla lailla.<\/p><h3>8. Hypertekstilinkit ja ev\u00e4steet.<\/h3><p>Bye-pain.com-sivusto sis\u00e4lt\u00e4\u00e4 useita hypertekstilinkkej\u00e4 muille sivustoille, jotka on perustettu Rocket-markkinoinnin luvalla. SEBASTIEN HEIM ei kuitenkaan pysty tarkastamaan t\u00e4ll\u00e4 tavalla vierailtujen sivustojen sis\u00e4lt\u00f6\u00e4, joten se ei ota vastuuta t\u00e4ss\u00e4 suhteessa.<\/p><p>Bye-pain.com-sivuston selaaminen voi johtaa ev\u00e4steiden asentamiseen k\u00e4ytt\u00e4j\u00e4n tietokoneelle. Ev\u00e4ste on pieni tiedosto, jonka avulla k\u00e4ytt\u00e4j\u00e4\u00e4 ei voida tunnistaa, mutta joka tallentaa tietoja, jotka liittyv\u00e4t tietokoneen selailuun sivustolla. T\u00e4ll\u00e4 tavalla saadut tiedot on tarkoitettu helpottamaan sivuston my\u00f6hemp\u00e4\u00e4 selaamista ja niit\u00e4 k\u00e4ytet\u00e4\u00e4n my\u00f6s k\u00e4vij\u00e4m\u00e4\u00e4rien mittaamiseen.<\/p><p>Ev\u00e4steen asennuksen kielt\u00e4minen voi est\u00e4\u00e4 p\u00e4\u00e4syn tiettyihin palveluihin. K\u00e4ytt\u00e4j\u00e4t voivat kuitenkin m\u00e4\u00e4ritt\u00e4\u00e4 tietokoneensa seuraavasti kielt\u00e4ytym\u00e4\u00e4n ev\u00e4steiden asennuksesta:<\/p><p>Internet Explorerissa: Ty\u00f6kalut-v\u00e4lilehti (py\u00f6r\u00e4n muotoinen kuvake oikeassa yl\u00e4kulmassa) \/ Internet-asetukset. Napsauta Luottamuksellisuus ja valitse Est\u00e4 kaikki ev\u00e4steet. Vahvista painamalla OK.<\/p><p>Firefox: napsauta selainikkunan yl\u00e4osassa Firefox-painiketta ja siirry sitten Asetukset-v\u00e4lilehteen. Napsauta Tietosuoja-v\u00e4lilehte\u00e4. Aseta s\u00e4ilytyss\u00e4\u00e4nn\u00f6t seuraavasti: K\u00e4yt\u00e4 historian mukautettuja asetuksia. Poista lopuksi valinta poistaaksesi ev\u00e4steet k\u00e4yt\u00f6st\u00e4.<\/p><p>Safarissa: Napsauta selaimen oikeassa yl\u00e4kulmassa olevaa valikkokuvaketta (symboloitu hammaspy\u00f6r\u00e4ll\u00e4). Valitse Asetukset. Napsauta N\u00e4yt\u00e4 lis\u00e4asetukset. Napsauta &quot;Luottamuksellisuus&quot;-osiossa Sis\u00e4lt\u00f6asetukset. Ev\u00e4steet-osiossa voit est\u00e4\u00e4 ev\u00e4steet.<\/p><p>Chromessa: Napsauta selaimen oikeassa yl\u00e4kulmassa olevaa valikkokuvaketta (symbolisoitu kolmella vaakaviivalla). Valitse Asetukset. Napsauta N\u00e4yt\u00e4 lis\u00e4asetukset. Napsauta &quot;Luottamuksellisuus&quot;-osiossa asetuksia. &quot;Luottamuksellisuus&quot;-v\u00e4lilehdell\u00e4 voit est\u00e4\u00e4 ev\u00e4steet.<\/p><h3>9. Sovellettava laki ja toimivalta.<\/h3><p>Kaikki bye-pain.com-sivuston k\u00e4yt\u00f6st\u00e4 johtuvat riidat ovat Ranskan lain alaisia. Pariisin toimivaltaisilla tuomioistuimilla on yksinomainen toimivalta.<\/p><h3>10. P\u00e4\u00e4asialliset lait.<\/h3><p>Laki nro 78-17, 6. tammikuuta 1978, sellaisena kuin se on muutettuna lailla nro. 2004-801, 6. elokuuta 2004, tietojenk\u00e4sittelyst\u00e4, tiedostoista ja yksil\u00f6nvapauksista.<\/p><p>Laki nro 2004-575, 21. kes\u00e4kuuta 2004 luottamuksesta digitaalitalouteen.<\/p><h3>11. Sanasto.<\/h3><p>K\u00e4ytt\u00e4j\u00e4: Internetin k\u00e4ytt\u00e4j\u00e4, joka muodostaa yhteyden yll\u00e4 mainittuun sivustoon ja k\u00e4ytt\u00e4\u00e4 sit\u00e4.<\/p><p>Henkil\u00f6tiedot: &quot;tiedot, jotka mahdollistavat miss\u00e4 tahansa muodossa suoraan tai v\u00e4lillisesti niiden luonnollisten henkil\u00f6iden tunnistamisen, joita ne koskevat&quot; (6. tammikuuta 1978 annetun lain nro 78-17 4 \u00a7).<\/p><\/div><\/div>\t\t\t\t\t\t\t\t<\/div>\n\t\t\t\t<\/div>\n\t\t\t\t\t<\/div>\n\t\t<\/div>\n\t\t\t\t\t<\/div>\n\t\t<\/section>\n\t\t\t\t<\/div>","protected":false},"excerpt":{"rendered":"<p>Legal information \u00a0 1. Presentation of the site. Pursuant to Article 6 of Law No. 2004-575 of 21 June 2004 on confidence in the digital economy, users of the bye-pain.com website are informed of the identity of the various parties involved in its creation and monitoring: Owner: SEBASTIEN HEIM &#8211; 78 avenue des Champs Elys\u00e9es [&hellip;]<\/p>\n","protected":false},"author":1,"featured_media":0,"parent":0,"menu_order":0,"comment_status":"closed","ping_status":"closed","template":"elementor_header_footer","meta":{"_seopress_robots_primary_cat":"","_seopress_titles_title":"Legal Notices","_seopress_titles_desc":"Legal notice page","_seopress_robots_index":"","site-sidebar-layout":"default","site-content-layout":"","ast-site-content-layout":"default","site-content-style":"default","site-sidebar-style":"default","ast-global-header-display":"","ast-banner-title-visibility":"","ast-main-header-display":"","ast-hfb-above-header-display":"","ast-hfb-below-header-display":"","ast-hfb-mobile-header-display":"","site-post-title":"","ast-breadcrumbs-content":"","ast-featured-img":"","footer-sml-layout":"","ast-disable-related-posts":"","theme-transparent-header-meta":"","adv-header-id-meta":"","stick-header-meta":"","header-above-stick-meta":"","header-main-stick-meta":"","header-below-stick-meta":"","astra-migrate-meta-layouts":"set","ast-page-background-enabled":"default","ast-page-background-meta":{"desktop":{"background-color":"var(--ast-global-color-4)","background-image":"","background-repeat":"repeat","background-position":"center center","background-size":"auto","background-attachment":"scroll","background-type":"","background-media":"","overlay-type":"","overlay-color":"","overlay-opacity":"","overlay-gradient":""},"tablet":{"background-color":"","background-image":"","background-repeat":"repeat","background-position":"center center","background-size":"auto","background-attachment":"scroll","background-type":"","background-media":"","overlay-type":"","overlay-color":"","overlay-opacity":"","overlay-gradient":""},"mobile":{"background-color":"","background-image":"","background-repeat":"repeat","background-position":"center center","background-size":"auto","background-attachment":"scroll","background-type":"","background-media":"","overlay-type":"","overlay-color":"","overlay-opacity":"","overlay-gradient":""}},"ast-content-background-meta":{"desktop":{"background-color":"var(--ast-global-color-5)","background-image":"","background-repeat":"repeat","background-position":"center center","background-size":"auto","background-attachment":"scroll","background-type":"","background-media":"","overlay-type":"","overlay-color":"","overlay-opacity":"","overlay-gradient":""},"tablet":{"background-color":"var(--ast-global-color-5)","background-image":"","background-repeat":"repeat","background-position":"center center","background-size":"auto","background-attachment":"scroll","background-type":"","background-media":"","overlay-type":"","overlay-color":"","overlay-opacity":"","overlay-gradient":""},"mobile":{"background-color":"var(--ast-global-color-5)","background-image":"","background-repeat":"repeat","background-position":"center center","background-size":"auto","background-attachment":"scroll","background-type":"","background-media":"","overlay-type":"","overlay-color":"","overlay-opacity":"","overlay-gradient":""}},"footnotes":""},"class_list":["post-112","page","type-page","status-publish"],"_links":{"self":[{"href":"https:\/\/bye-pain.com\/fi\/wp-json\/wp\/v2\/pages\/112","targetHints":{"allow":["GET"]}}],"collection":[{"href":"https:\/\/bye-pain.com\/fi\/wp-json\/wp\/v2\/pages"}],"about":[{"href":"https:\/\/bye-pain.com\/fi\/wp-json\/wp\/v2\/types\/page"}],"author":[{"embeddable":true,"href":"https:\/\/bye-pain.com\/fi\/wp-json\/wp\/v2\/users\/1"}],"replies":[{"embeddable":true,"href":"https:\/\/bye-pain.com\/fi\/wp-json\/wp\/v2\/comments?post=112"}],"version-history":[{"count":0,"href":"https:\/\/bye-pain.com\/fi\/wp-json\/wp\/v2\/pages\/112\/revisions"}],"wp:attachment":[{"href":"https:\/\/bye-pain.com\/fi\/wp-json\/wp\/v2\/media?parent=112"}],"curies":[{"name":"wp","href":"https:\/\/api.w.org\/{rel}","templated":true}]}}