{"id":3,"date":"2021-03-02T16:03:31","date_gmt":"2021-03-02T15:03:31","guid":{"rendered":"https:\/\/bisque-wasp-399565.hostingersite.com\/?page_id=3"},"modified":"2024-02-10T22:17:11","modified_gmt":"2024-02-10T22:17:11","slug":"politica-de-privacidad","status":"publish","type":"page","link":"https:\/\/bye-pain.com\/es\/privacy-policy","title":{"rendered":"pol\u00edtica de privacidad"},"content":{"rendered":"<div data-elementor-type=\"wp-page\" data-elementor-id=\"3\" class=\"elementor elementor-3\" data-elementor-post-type=\"page\">\n\t\t\t\t\t\t<section class=\"elementor-section elementor-top-section elementor-element elementor-element-5c56538a elementor-section-boxed elementor-section-height-default elementor-section-height-default\" data-id=\"5c56538a\" data-element_type=\"section\" data-e-type=\"section\">\n\t\t\t\t\t\t<div class=\"elementor-container elementor-column-gap-default\">\n\t\t\t\t\t<div class=\"elementor-column elementor-col-100 elementor-top-column elementor-element elementor-element-428eed4d\" data-id=\"428eed4d\" data-element_type=\"column\" data-e-type=\"column\">\n\t\t\t<div class=\"elementor-widget-wrap elementor-element-populated\">\n\t\t\t\t\t\t<div class=\"elementor-element elementor-element-dd63083 elementor-widget elementor-widget-heading\" data-id=\"dd63083\" data-element_type=\"widget\" data-e-type=\"widget\" data-widget_type=\"heading.default\">\n\t\t\t\t<div class=\"elementor-widget-container\">\n\t\t\t\t\t<h1 class=\"elementor-heading-title elementor-size-default\">pol\u00edtica de privacidad<\/h1>\t\t\t\t<\/div>\n\t\t\t\t<\/div>\n\t\t\t\t<div class=\"elementor-element elementor-element-7880b05 elementor-widget elementor-widget-text-editor\" data-id=\"7880b05\" data-element_type=\"widget\" data-e-type=\"widget\" data-widget_type=\"text-editor.default\">\n\t\t\t\t<div class=\"elementor-widget-container\">\n\t\t\t\t\t\t\t\t\t<h1 class=\"entry-title main_title\" style=\"text-align: center;\">\u00a0<\/h1><div class=\"entry-content\"><h2>\u00bfQuienes somos?<\/h2><p>La direcci\u00f3n de nuestro sitio web es: https:\/\/bisque-wasp-399565.hostingersite.com<\/p><p>Puede contactar con nosotros en la siguiente direcci\u00f3n de correo electr\u00f3nico: contact@bisque-wasp-399565.hostingersite.com<\/p><h2>Uso de los datos personales recopilados<\/h2><p>Al realizar un pedido o crear una cuenta, aceptas recibir ofertas y promociones por correo electr\u00f3nico y\/o tel\u00e9fono.<\/p><h3>Comentarios<\/h3><p>Cuando deja un comentario en nuestro sitio web, los datos ingresados en el formulario de comentarios, su direcci\u00f3n IP y el agente de usuario de su navegador se recopilan para ayudarnos a detectar comentarios no deseados.<\/p><p>Se puede enviar una cadena an\u00f3nima creada a partir de su direcci\u00f3n de correo electr\u00f3nico (tambi\u00e9n conocida como hash) al servicio Gravatar para verificar si la est\u00e1 utilizando. Las cl\u00e1usulas de confidencialidad del servicio Gravatar est\u00e1n disponibles aqu\u00ed: https:\/\/automattic.com\/privacy\/. Una vez que tu comentario haya sido validado, tu foto de perfil ser\u00e1 visible p\u00fablicamente junto a tu comentario.<\/p><h3>Medios de comunicaci\u00f3n<\/h3><p>Si eres un usuario registrado y subes im\u00e1genes al sitio web, te aconsejamos que evites subir im\u00e1genes que contengan datos EXIF de coordenadas GPS. Los visitantes de su sitio web pueden descargar y extraer datos de ubicaci\u00f3n de estas im\u00e1genes.<\/p><h3>Formularios de contacto<\/h3><p>Para contactarnos, escr\u00edbanos a contact@bisque-wasp-399565.hostingersite.com o por correo postal a Bye Pain \u2013 78, Avenue des Champs-\u00c9lys\u00e9es, Bureau 562, 75008 Par\u00eds \u2013 Francia<\/p><h3>Galletas<\/h3><p>Si deja un comentario en nuestro sitio, se le pedir\u00e1 que guarde su nombre, direcci\u00f3n de correo electr\u00f3nico y sitio web en cookies. Esto es puramente para su conveniencia, para que no tenga que ingresar esta informaci\u00f3n si deja otro comentario m\u00e1s adelante. Estas cookies caducan al cabo de un a\u00f1o.<\/p><p>Si va a la p\u00e1gina de inicio de sesi\u00f3n, se crear\u00e1 una cookie temporal para determinar si su navegador acepta cookies. No contiene ning\u00fan dato personal y se eliminar\u00e1 autom\u00e1ticamente cuando cierre su navegador.<\/p><p>Cuando inicie sesi\u00f3n, configuraremos una serie de cookies para registrar su informaci\u00f3n de inicio de sesi\u00f3n y sus preferencias de pantalla. La duraci\u00f3n de una cookie de conexi\u00f3n es de dos d\u00edas, la de una cookie de opci\u00f3n de pantalla es de un a\u00f1o. Si marcas \u201cRecordarme\u201d, tu cookie de conexi\u00f3n se conservar\u00e1 durante quince d\u00edas. Si cierra sesi\u00f3n en su cuenta, la cookie de inicio de sesi\u00f3n se eliminar\u00e1.<\/p><p>Al modificar o publicar una publicaci\u00f3n, se almacenar\u00e1 una cookie adicional en su navegador. Esta cookie no contiene ning\u00fan dato personal. Simplemente indica el ID de la publicaci\u00f3n que acabas de modificar. Caduca al cabo de un d\u00eda.<\/p><h3>Contenido incrustado de otros sitios<\/h3><p>Los art\u00edculos de este sitio pueden incluir contenido incrustado (por ejemplo, v\u00eddeos, im\u00e1genes, art\u00edculos, etc.). El contenido incrustado de otros sitios se comporta de la misma manera que si el visitante estuviera visitando ese otro sitio.<\/p><p>Estos sitios web pueden recopilar datos sobre usted, utilizar cookies, incorporar herramientas de seguimiento de terceros y realizar un seguimiento de sus interacciones con este contenido integrado si ha iniciado sesi\u00f3n en su sitio web.<\/p><h3>Estad\u00edsticas y medici\u00f3n de audiencia<\/h3><p>Utilizamos tecnolog\u00edas como cookies para personalizar el contenido y la publicidad, proporcionar funcionalidad de redes sociales y analizar el tr\u00e1fico del sitio. Compartimos informaci\u00f3n sobre su uso del sitio con nuestros socios confiables de redes sociales, publicidad y an\u00e1lisis.<\/p><p>Para medir determinadas estad\u00edsticas relacionadas con los diferentes recorridos de los clientes, utilizamos Google Analytics, puede consultar su pol\u00edtica de confidencialidad en la siguiente direcci\u00f3n: https:\/\/policies.google.com\/privacy?hl=fr.<\/p><p>Tambi\u00e9n utilizamos el p\u00edxel de Facebook. Puede consultar su pol\u00edtica de confidencialidad en la siguiente direcci\u00f3n: https:\/\/www.facebook.com\/paids_terms\/privacy<\/p><h2>Plazos de conservaci\u00f3n de sus datos<\/h2><p>Si deja un comentario, el comentario y sus metadatos se conservan indefinidamente. Esto hace posible reconocer y aprobar autom\u00e1ticamente comentarios posteriores en lugar de dejarlos en la cola de moderaci\u00f3n.<\/p><p>Para los usuarios que se registran en nuestro sitio (cuando sea posible), tambi\u00e9n almacenamos los datos personales indicados en su perfil. Todos los usuarios pueden ver, modificar o eliminar su informaci\u00f3n personal en cualquier momento (a excepci\u00f3n de su nombre de usuario). Los administradores del sitio tambi\u00e9n pueden ver y modificar esta informaci\u00f3n.<\/p><h2>Los derechos que tienes sobre tus datos<\/h2><p>Si tiene una cuenta o si ha dejado comentarios en el sitio, puede solicitar recibir un archivo que contenga todos los datos personales que tenemos sobre usted, incluidos los que nos ha proporcionado. Tambi\u00e9n podr\u00e1 solicitar la eliminaci\u00f3n de sus datos personales. Esto no incluye datos almacenados con fines administrativos, legales o de seguridad.<\/p><h2>Transmisi\u00f3n de sus datos personales<\/h2><p>Los comentarios de los visitantes se pueden verificar utilizando un servicio automatizado para detectar comentarios no deseados.<\/p><h2>Informaci\u00f3n del contacto<\/h2><p>Puede ponerse en contacto con nosotros por correo electr\u00f3nico a la siguiente direcci\u00f3n: contact@bisque-wasp-399565.hostingersite.com o por correo postal a Bye Pain \u2013 78, Avenue des Champs-\u00c9lys\u00e9es, Bureau 562, 75008 Par\u00eds \u2013 Francia<\/p><h2>Qu\u00e9 recopilamos y almacenamos<\/h2><p>Durante su visita al sitio, rastreamos:<\/p><ul><li>Productos que has visto: los utilizamos, por ejemplo, para mostrar productos que has visto recientemente.<\/li><li>Ubicaci\u00f3n, direcci\u00f3n IP y tipo de navegador: los utilizamos para estimar los impuestos y los gastos de env\u00edo.<\/li><li>Direcci\u00f3n de entrega: le pediremos que la ingrese para estimar los costos de entrega antes de realizar su pedido y para enviarle el pedido.<\/li><\/ul><p>Utilizamos cookies para realizar un seguimiento del contenido de su carrito de compras mientras navega por nuestro sitio.<\/p><p>Cuando compre en nuestro sitio web, le pediremos que proporcione informaci\u00f3n que incluya su nombre, direcci\u00f3n de facturaci\u00f3n, direcci\u00f3n de entrega, direcci\u00f3n de correo electr\u00f3nico, n\u00famero de tel\u00e9fono, detalles de pago\/tarjeta de cr\u00e9dito y posiblemente detalles de la cuenta, como nombre de usuario y contrase\u00f1a. Esta informaci\u00f3n se utilizar\u00e1 para:<\/p><ul><li>Env\u00edo de informaci\u00f3n sobre su cuenta y pedido<\/li><li>Responder a consultas, incluidos reembolsos y quejas.<\/li><li>Procesar pagos y prevenir fraudes<\/li><li>Configura tu cuenta para nuestra tienda<\/li><li>Cumplir con cualquier obligaci\u00f3n legal, como el c\u00e1lculo de impuestos.<br \/>Mejorar la oferta de nuestra tienda.<\/li><li>Enviarle mensajes de marketing, si elige recibirlos.<\/li><\/ul><p>Si crea una cuenta, almacenamos su nombre, direcci\u00f3n, direcci\u00f3n de correo electr\u00f3nico y n\u00famero de tel\u00e9fono, que se utilizar\u00e1n para completar previamente la confirmaci\u00f3n del pedido para pedidos futuros.<\/p><p>Generalmente almacenamos su informaci\u00f3n durante el tiempo que la necesitemos para el prop\u00f3sito para el cual la recopilamos y utilizamos, y no estamos legalmente obligados a conservarla. Por ejemplo, almacenamos informaci\u00f3n de pedidos durante XXX a\u00f1os con fines fiscales y contables. Esto incluye su nombre, direcci\u00f3n de correo electr\u00f3nico y direcciones de facturaci\u00f3n y env\u00edo.<\/p><p>Tambi\u00e9n almacenamos comentarios o avisos, si decide enviarlos.<\/p><h2>\u00bfQui\u00e9n en nuestro equipo tiene acceso a los datos?<\/h2><p>Los miembros de nuestro equipo tienen acceso a la informaci\u00f3n que usted proporciona. Por ejemplo, los administradores y gerentes de la tienda tienen acceso a:<\/p><ul><li>Informaci\u00f3n del pedido, como qu\u00e9 se compr\u00f3, cu\u00e1ndo y d\u00f3nde se debe enviar.<\/li><li>Informaci\u00f3n del cliente, como su nombre, direcci\u00f3n de correo electr\u00f3nico e informaci\u00f3n de facturaci\u00f3n y entrega.<\/li><\/ul><p>Nuestro equipo tiene acceso a esta informaci\u00f3n para procesar pedidos, procesar reembolsos y ayudarlo.<\/p><p>\u00a0<\/p><h2>Lo que compartimos con los dem\u00e1s.<\/h2><p>Compartimos datos con terceros que nos ayudan a gestionar nuestros pedidos y servicios de compra; Stripe es un servicio de pago con tarjeta de cr\u00e9dito y PayPal es una pasarela de pago.<\/p><h3>Pagos<\/h3><p>Aceptamos pagos a trav\u00e9s de PayPal y Stripe. Al procesar pagos, ciertos datos se transmitir\u00e1n a PayPal o Stripe, incluida la informaci\u00f3n necesaria para completar el pago, como el monto total o la informaci\u00f3n de facturaci\u00f3n.<\/p><p>Lea la pol\u00edtica de privacidad de PayPal para obtener m\u00e1s detalles.<\/p><p>Lea la pol\u00edtica de privacidad de Stripe para obtener m\u00e1s detalles.<\/p><\/div>\t\t\t\t\t\t\t\t<\/div>\n\t\t\t\t<\/div>\n\t\t\t\t\t<\/div>\n\t\t<\/div>\n\t\t\t\t\t<\/div>\n\t\t<\/section>\n\t\t\t\t<\/div>","protected":false},"excerpt":{"rendered":"<p>Privacy Policy \u00a0 Who are we? Our website address is: https:\/\/bisque-wasp-399565.hostingersite.com You can contact us at the following email address: contact@bisque-wasp-399565.hostingersite.com Use of personal data collected By placing an order or creating an account, you agree to receive offers and promotions by email and\/or telephone. Comments When you leave a comment on our website, the [&hellip;]<\/p>\n","protected":false},"author":1,"featured_media":0,"parent":0,"menu_order":0,"comment_status":"closed","ping_status":"closed","template":"","meta":{"_seopress_robots_primary_cat":"","_seopress_titles_title":"Privacy Policy","_seopress_titles_desc":"Our privacy policy page","_seopress_robots_index":"","site-sidebar-layout":"default","site-content-layout":"","ast-site-content-layout":"default","site-content-style":"default","site-sidebar-style":"default","ast-global-header-display":"","ast-banner-title-visibility":"","ast-main-header-display":"","ast-hfb-above-header-display":"","ast-hfb-below-header-display":"","ast-hfb-mobile-header-display":"","site-post-title":"","ast-breadcrumbs-content":"","ast-featured-img":"","footer-sml-layout":"","ast-disable-related-posts":"","theme-transparent-header-meta":"","adv-header-id-meta":"","stick-header-meta":"","header-above-stick-meta":"","header-main-stick-meta":"","header-below-stick-meta":"","astra-migrate-meta-layouts":"set","ast-page-background-enabled":"default","ast-page-background-meta":{"desktop":{"background-color":"var(--ast-global-color-4)","background-image":"","background-repeat":"repeat","background-position":"center center","background-size":"auto","background-attachment":"scroll","background-type":"","background-media":"","overlay-type":"","overlay-color":"","overlay-opacity":"","overlay-gradient":""},"tablet":{"background-color":"","background-image":"","background-repeat":"repeat","background-position":"center center","background-size":"auto","background-attachment":"scroll","background-type":"","background-media":"","overlay-type":"","overlay-color":"","overlay-opacity":"","overlay-gradient":""},"mobile":{"background-color":"","background-image":"","background-repeat":"repeat","background-position":"center center","background-size":"auto","background-attachment":"scroll","background-type":"","background-media":"","overlay-type":"","overlay-color":"","overlay-opacity":"","overlay-gradient":""}},"ast-content-background-meta":{"desktop":{"background-color":"var(--ast-global-color-5)","background-image":"","background-repeat":"repeat","background-position":"center center","background-size":"auto","background-attachment":"scroll","background-type":"","background-media":"","overlay-type":"","overlay-color":"","overlay-opacity":"","overlay-gradient":""},"tablet":{"background-color":"var(--ast-global-color-5)","background-image":"","background-repeat":"repeat","background-position":"center center","background-size":"auto","background-attachment":"scroll","background-type":"","background-media":"","overlay-type":"","overlay-color":"","overlay-opacity":"","overlay-gradient":""},"mobile":{"background-color":"var(--ast-global-color-5)","background-image":"","background-repeat":"repeat","background-position":"center center","background-size":"auto","background-attachment":"scroll","background-type":"","background-media":"","overlay-type":"","overlay-color":"","overlay-opacity":"","overlay-gradient":""}},"footnotes":""},"class_list":["post-3","page","type-page","status-publish"],"_links":{"self":[{"href":"https:\/\/bye-pain.com\/es\/wp-json\/wp\/v2\/pages\/3","targetHints":{"allow":["GET"]}}],"collection":[{"href":"https:\/\/bye-pain.com\/es\/wp-json\/wp\/v2\/pages"}],"about":[{"href":"https:\/\/bye-pain.com\/es\/wp-json\/wp\/v2\/types\/page"}],"author":[{"embeddable":true,"href":"https:\/\/bye-pain.com\/es\/wp-json\/wp\/v2\/users\/1"}],"replies":[{"embeddable":true,"href":"https:\/\/bye-pain.com\/es\/wp-json\/wp\/v2\/comments?post=3"}],"version-history":[{"count":0,"href":"https:\/\/bye-pain.com\/es\/wp-json\/wp\/v2\/pages\/3\/revisions"}],"wp:attachment":[{"href":"https:\/\/bye-pain.com\/es\/wp-json\/wp\/v2\/media?parent=3"}],"curies":[{"name":"wp","href":"https:\/\/api.w.org\/{rel}","templated":true}]}}