{"id":116,"date":"2021-03-11T10:05:24","date_gmt":"2021-03-11T09:05:24","guid":{"rendered":"https:\/\/bisque-wasp-399565.hostingersite.com\/?page_id=116"},"modified":"2024-02-10T22:17:48","modified_gmt":"2024-02-10T22:17:48","slug":"devolver","status":"publish","type":"page","link":"https:\/\/bye-pain.com\/es\/return","title":{"rendered":"Devolver"},"content":{"rendered":"<div data-elementor-type=\"wp-page\" data-elementor-id=\"116\" class=\"elementor elementor-116\" data-elementor-post-type=\"page\">\n\t\t\t\t\t\t<section class=\"elementor-section elementor-top-section elementor-element elementor-element-114367fd elementor-section-boxed elementor-section-height-default elementor-section-height-default\" data-id=\"114367fd\" data-element_type=\"section\" data-e-type=\"section\">\n\t\t\t\t\t\t<div class=\"elementor-container elementor-column-gap-default\">\n\t\t\t\t\t<div class=\"elementor-column elementor-col-100 elementor-top-column elementor-element elementor-element-7c7d0720\" data-id=\"7c7d0720\" data-element_type=\"column\" data-e-type=\"column\">\n\t\t\t<div class=\"elementor-widget-wrap elementor-element-populated\">\n\t\t\t\t\t\t<div class=\"elementor-element elementor-element-3cf7179 elementor-widget elementor-widget-heading\" data-id=\"3cf7179\" data-element_type=\"widget\" data-e-type=\"widget\" data-widget_type=\"heading.default\">\n\t\t\t\t<div class=\"elementor-widget-container\">\n\t\t\t\t\t<h1 class=\"elementor-heading-title elementor-size-default\">Pol\u00edtica de devoluciones<\/h1>\t\t\t\t<\/div>\n\t\t\t\t<\/div>\n\t\t\t\t<div class=\"elementor-element elementor-element-46fafc8e elementor-widget elementor-widget-text-editor\" data-id=\"46fafc8e\" data-element_type=\"widget\" data-e-type=\"widget\" data-widget_type=\"text-editor.default\">\n\t\t\t\t<div class=\"elementor-widget-container\">\n\t\t\t\t\t\t\t\t\t<p>Nuestra p\u00f3liza tiene una duraci\u00f3n de 30 d\u00edas. Desafortunadamente, si han pasado 30 d\u00edas desde su compra, no podemos ofrecerle un reembolso o cambio.<\/p><p>Para ser elegible para una devoluci\u00f3n, su art\u00edculo debe estar sin usar y en las mismas condiciones en que lo recibi\u00f3. Tambi\u00e9n debe estar en su embalaje original.<\/p><p>Varios tipos de producto no se pueden devolver. No se admiten devoluciones de productos perecederos como complementos alimenticios o revistas. Tampoco aceptamos productos de uso \u00edntimo o sanitario, productos peligrosos o gases o l\u00edquidos inflamables.<\/p><p>Otros art\u00edculos que no se pueden devolver:<br \/>* Tarjetas de regalo<br \/>* Software descargable<br \/>* Ciertos productos de salud y cuidado personal.<\/p><p>Para realizar una devoluci\u00f3n, deber\u00e1 mostrarnos un recibo o comprobante de compra.<\/p><p>Hay algunas situaciones en las que solo se otorgar\u00e1 un reembolso parcial: (cuando corresponda)<br \/>* Libros con signos evidentes de uso.<br \/>* CD, DVD, cintas VHS, software, videojuegos, casetes o discos de vinilo que hayan sido abiertos.<br \/>*Cualquier art\u00edculo que no se encuentre en su estado original, est\u00e9 da\u00f1ado o le falten piezas por motivos que no se deban a un error de nuestra parte.<br \/>* Cualquier art\u00edculo que se devuelva m\u00e1s de 30 d\u00edas despu\u00e9s de la entrega.<\/p><h2>\u00a0<\/h2><h2>Reembolsos (si los hay)<\/h2><p>Una vez que hayamos recibido e inspeccionado el art\u00edculo devuelto, le enviaremos un correo electr\u00f3nico para confirmar que lo hemos recibido. Tambi\u00e9n le informaremos de nuestra decisi\u00f3n de aprobar o rechazar su solicitud de reembolso.<br \/>Si se aprueba su solicitud, se procesar\u00e1 su reembolso y se aplicar\u00e1 autom\u00e1ticamente un cr\u00e9dito a su tarjeta de cr\u00e9dito o m\u00e9todo de pago original dentro de una cierta cantidad de d\u00edas.<\/p><h2>Reembolsos tard\u00edos o faltantes (cuando corresponda)<\/h2><p>Si a\u00fan no ha recibido su reembolso, primero verifique su cuenta bancaria nuevamente.<br \/>Luego comun\u00edquese con el emisor de su tarjeta de cr\u00e9dito, ya que puede haber una demora antes de que su reembolso se publique oficialmente.<br \/>Entonces contacta con tu banco. A menudo hay un tiempo de procesamiento antes de que se publique un reembolso.<br \/>Si despu\u00e9s de completar todos estos pasos a\u00fan no has recibido tu reembolso, por favor cont\u00e1ctanos en contact@bisque-wasp-399565.hostingersite.com.<br \/>Art\u00edculos en oferta (cuando corresponda)<br \/>S\u00f3lo se pueden reembolsar los art\u00edculos con precio regular. Desafortunadamente, los art\u00edculos en oferta no son reembolsables.<\/p><h2>Intercambios (cuando corresponda)<\/h2><p>S\u00f3lo reemplazaremos un art\u00edculo si est\u00e1 defectuoso o da\u00f1ado. Si desea cambiarlo por el mismo art\u00edculo, env\u00edenos un correo electr\u00f3nico a contact@bisque-wasp-399565.hostingersite.com<\/p><h2>cadeau<\/h2><p>\u00a0<\/p><p>Si el art\u00edculo devuelto se identific\u00f3 como un regalo en el momento de la compra y se le envi\u00f3 directamente, recibir\u00e1 un cr\u00e9dito de regalo equivalente al valor de su devoluci\u00f3n. Una vez que hayamos recibido el art\u00edculo devuelto, le enviaremos por correo un vale regalo.<\/p><p>Si el art\u00edculo no se identific\u00f3 como un regalo en el momento de la compra, o si la persona que lo regal\u00f3 prefiri\u00f3 recibir el art\u00edculo primero y entreg\u00e1rselo despu\u00e9s, le enviaremos un reembolso al donante y \u00e9l sabr\u00e1 que usted lo ha devuelto. el objeto.<\/p><h2>Env\u00edo<\/h2><p>Para devolver un producto, deber\u00e1 enviarlo por correo postal, cont\u00e1ctenos por correo electr\u00f3nico para obtener la direcci\u00f3n de devoluci\u00f3n.<\/p><p>Usted ser\u00e1 responsable de pagar sus propios costos de env\u00edo para devolver su art\u00edculo. Los gastos de env\u00edo no son reembolsables. Si recibe un reembolso, se descontar\u00e1n del mismo los gastos de devoluci\u00f3n.<\/p><p>Dependiendo de d\u00f3nde viva, el tiempo que lleva recibir el producto intercambiado puede variar.<\/p><p>Si env\u00eda un art\u00edculo por valor de m\u00e1s de \u00a3 75, deber\u00eda considerar utilizar un servicio de entrega que le permita rastrear el env\u00edo o contratar un seguro de entrega. No garantizamos que recibiremos el art\u00edculo que devuelva.<\/p>\t\t\t\t\t\t\t\t<\/div>\n\t\t\t\t<\/div>\n\t\t\t\t\t<\/div>\n\t\t<\/div>\n\t\t\t\t\t<\/div>\n\t\t<\/section>\n\t\t\t\t<\/div>","protected":false},"excerpt":{"rendered":"<p>Return Policy Our policy lasts for 30 days. Unfortunately, if 30 days have passed since your purchase, we cannot offer you a refund or exchange. To be eligible for a return, your item must be unused and in the same condition in which you received it. It must also be in its original packaging. Several [&hellip;]<\/p>\n","protected":false},"author":1,"featured_media":0,"parent":0,"menu_order":0,"comment_status":"closed","ping_status":"closed","template":"elementor_header_footer","meta":{"_seopress_robots_primary_cat":"","_seopress_titles_title":"Returns policy","_seopress_titles_desc":"Our returns policy page.","_seopress_robots_index":"","site-sidebar-layout":"default","site-content-layout":"","ast-site-content-layout":"default","site-content-style":"default","site-sidebar-style":"default","ast-global-header-display":"","ast-banner-title-visibility":"","ast-main-header-display":"","ast-hfb-above-header-display":"","ast-hfb-below-header-display":"","ast-hfb-mobile-header-display":"","site-post-title":"","ast-breadcrumbs-content":"","ast-featured-img":"","footer-sml-layout":"","ast-disable-related-posts":"","theme-transparent-header-meta":"","adv-header-id-meta":"","stick-header-meta":"","header-above-stick-meta":"","header-main-stick-meta":"","header-below-stick-meta":"","astra-migrate-meta-layouts":"set","ast-page-background-enabled":"default","ast-page-background-meta":{"desktop":{"background-color":"var(--ast-global-color-4)","background-image":"","background-repeat":"repeat","background-position":"center center","background-size":"auto","background-attachment":"scroll","background-type":"","background-media":"","overlay-type":"","overlay-color":"","overlay-opacity":"","overlay-gradient":""},"tablet":{"background-color":"","background-image":"","background-repeat":"repeat","background-position":"center center","background-size":"auto","background-attachment":"scroll","background-type":"","background-media":"","overlay-type":"","overlay-color":"","overlay-opacity":"","overlay-gradient":""},"mobile":{"background-color":"","background-image":"","background-repeat":"repeat","background-position":"center center","background-size":"auto","background-attachment":"scroll","background-type":"","background-media":"","overlay-type":"","overlay-color":"","overlay-opacity":"","overlay-gradient":""}},"ast-content-background-meta":{"desktop":{"background-color":"var(--ast-global-color-5)","background-image":"","background-repeat":"repeat","background-position":"center center","background-size":"auto","background-attachment":"scroll","background-type":"","background-media":"","overlay-type":"","overlay-color":"","overlay-opacity":"","overlay-gradient":""},"tablet":{"background-color":"var(--ast-global-color-5)","background-image":"","background-repeat":"repeat","background-position":"center center","background-size":"auto","background-attachment":"scroll","background-type":"","background-media":"","overlay-type":"","overlay-color":"","overlay-opacity":"","overlay-gradient":""},"mobile":{"background-color":"var(--ast-global-color-5)","background-image":"","background-repeat":"repeat","background-position":"center center","background-size":"auto","background-attachment":"scroll","background-type":"","background-media":"","overlay-type":"","overlay-color":"","overlay-opacity":"","overlay-gradient":""}},"footnotes":""},"class_list":["post-116","page","type-page","status-publish"],"_links":{"self":[{"href":"https:\/\/bye-pain.com\/es\/wp-json\/wp\/v2\/pages\/116","targetHints":{"allow":["GET"]}}],"collection":[{"href":"https:\/\/bye-pain.com\/es\/wp-json\/wp\/v2\/pages"}],"about":[{"href":"https:\/\/bye-pain.com\/es\/wp-json\/wp\/v2\/types\/page"}],"author":[{"embeddable":true,"href":"https:\/\/bye-pain.com\/es\/wp-json\/wp\/v2\/users\/1"}],"replies":[{"embeddable":true,"href":"https:\/\/bye-pain.com\/es\/wp-json\/wp\/v2\/comments?post=116"}],"version-history":[{"count":0,"href":"https:\/\/bye-pain.com\/es\/wp-json\/wp\/v2\/pages\/116\/revisions"}],"wp:attachment":[{"href":"https:\/\/bye-pain.com\/es\/wp-json\/wp\/v2\/media?parent=116"}],"curies":[{"name":"wp","href":"https:\/\/api.w.org\/{rel}","templated":true}]}}