{"id":112,"date":"2021-03-11T10:02:09","date_gmt":"2021-03-11T09:02:09","guid":{"rendered":"https:\/\/bisque-wasp-399565.hostingersite.com\/?page_id=112"},"modified":"2025-04-13T23:05:08","modified_gmt":"2025-04-13T22:05:08","slug":"avisos-legales-2","status":"publish","type":"page","link":"https:\/\/bye-pain.com\/es\/legal-notices","title":{"rendered":"Avisos legales"},"content":{"rendered":"<div data-elementor-type=\"wp-page\" data-elementor-id=\"112\" class=\"elementor elementor-112\" data-elementor-post-type=\"page\">\n\t\t\t\t\t\t<section class=\"elementor-section elementor-top-section elementor-element elementor-element-39424204 elementor-section-boxed elementor-section-height-default elementor-section-height-default\" data-id=\"39424204\" data-element_type=\"section\" data-e-type=\"section\">\n\t\t\t\t\t\t<div class=\"elementor-container elementor-column-gap-default\">\n\t\t\t\t\t<div class=\"elementor-column elementor-col-100 elementor-top-column elementor-element elementor-element-31a035ae\" data-id=\"31a035ae\" data-element_type=\"column\" data-e-type=\"column\">\n\t\t\t<div class=\"elementor-widget-wrap elementor-element-populated\">\n\t\t\t\t\t\t<div class=\"elementor-element elementor-element-0b9f4d6 elementor-widget elementor-widget-heading\" data-id=\"0b9f4d6\" data-element_type=\"widget\" data-e-type=\"widget\" data-widget_type=\"heading.default\">\n\t\t\t\t<div class=\"elementor-widget-container\">\n\t\t\t\t\t<h1 class=\"elementor-heading-title elementor-size-default\">Informaci\u00f3n legal<\/h1>\t\t\t\t<\/div>\n\t\t\t\t<\/div>\n\t\t\t\t<div class=\"elementor-element elementor-element-76c3e160 elementor-widget elementor-widget-text-editor\" data-id=\"76c3e160\" data-element_type=\"widget\" data-e-type=\"widget\" data-widget_type=\"text-editor.default\">\n\t\t\t\t<div class=\"elementor-widget-container\">\n\t\t\t\t\t\t\t\t\t<h1 style=\"text-align: center;\">\u00a0<\/h1><div><h2>1. Presentaci\u00f3n del sitio.<\/h2><div><p>De conformidad con el art\u00edculo 6 de la Ley n\u00ba 2004-575, de 21 de junio de 2004, sobre la confianza en la econom\u00eda digital, los usuarios del sitio web bye-pain.com son informados de la identidad de las distintas partes que intervienen en su creaci\u00f3n y seguimiento:<\/p><p>Owner: SEBASTIEN HEIM &#8211; 78 avenue des Champs Elys\u00e9es &#8211; Bureau 562 &#8211; 75008 Paris &#8211; France. Siret: 83353766500022<\/p><p>El responsable de la publicaci\u00f3n es una persona f\u00edsica o jur\u00eddica.<\/p><p>Anfitri\u00f3n: OVH SAS: 2 rue Kellermann \u2013 BP 80157 59053 ROUBAIX CEDEX 1 \u2013 Francia<\/p><h3>2. T\u00e9rminos y condiciones generales de uso del sitio y de los servicios ofrecidos.<\/h3><p>El uso del sitio web bye-pain.com implica la plena aceptaci\u00f3n de las condiciones generales de uso que se detallan a continuaci\u00f3n. Estas condiciones de uso pueden modificarse o completarse en cualquier momento, por lo que se recomienda a los usuarios del sitio web bye-pain.fr que las consulten peri\u00f3dicamente.<\/p><p>Este sitio normalmente es accesible para los usuarios en todo momento. No obstante, SEBASTIEN HEIM podr\u00e1 decidir interrumpir el sitio por motivos de mantenimiento t\u00e9cnico, en cuyo caso procurar\u00e1 informar a los usuarios con antelaci\u00f3n de las fechas y horas de la intervenci\u00f3n.<\/p><p>Bye Pain actualiza peri\u00f3dicamente el sitio web bye-pain.com. Asimismo, los avisos legales pueden modificarse en cualquier momento: no obstante, son vinculantes para el usuario, que est\u00e1 invitado a consultarlos con la mayor frecuencia posible para poder leerlos.<\/p><h3>3. Descripci\u00f3n de los servicios prestados.<\/h3><p>La finalidad del sitio web bye-pain.com es proporcionar informaci\u00f3n sobre todas las actividades de la empresa.<\/p><p>Bye Pain se esfuerza por ofrecer en el sitio web bye-pain.fr informaci\u00f3n lo m\u00e1s precisa posible. Sin embargo, no podr\u00e1 ser considerada responsable de omisiones, inexactitudes o deficiencias en la actualizaci\u00f3n, ya sean culpa suya o de terceros socios que le proporcionen esta informaci\u00f3n.<\/p><p>Toda la informaci\u00f3n proporcionada en el sitio web bye-pain.com se proporciona \u00fanicamente con fines informativos y est\u00e1 sujeta a cambios. Adem\u00e1s, la informaci\u00f3n contenida en el sitio web bye-pain.com no es exhaustiva. Est\u00e1 sujeto a modificaciones que se hayan realizado desde su puesta en funcionamiento.<\/p><h3>4. Limitaciones contractuales de los datos t\u00e9cnicos.<\/h3><p>El sitio utiliza tecnolog\u00eda JavaScript.<\/p><p>El sitio web no se hace responsable de ning\u00fan da\u00f1o material relacionado con el uso del sitio. Adem\u00e1s, los usuarios del sitio se comprometen a acceder al sitio utilizando equipos recientes, libres de virus y con un navegador actualizado de \u00faltima generaci\u00f3n.<\/p><h3>5. Propiedad intelectual y falsificaci\u00f3n.<\/h3><p>SEBASTIEN HEIM es propietario de los derechos de propiedad intelectual o posee los derechos de uso sobre todos los elementos accesibles en el sitio, en particular los textos, im\u00e1genes, gr\u00e1ficos, logotipos, iconos, sonidos y software.<\/p><p>Cualquier reproducci\u00f3n, representaci\u00f3n, modificaci\u00f3n, publicaci\u00f3n, adaptaci\u00f3n de la totalidad o parte de los elementos del sitio, cualquiera que sea el medio o proceso utilizado, queda prohibida, salvo autorizaci\u00f3n previa y por escrito de SEBASTIEN HEIM.<\/p><p>Cualquier utilizaci\u00f3n no autorizada del sitio o de cualquiera de los elementos que contiene se considerar\u00e1 una infracci\u00f3n y ser\u00e1 perseguida de conformidad con lo dispuesto en los art\u00edculos L.335-2 y siguientes. del C\u00f3digo de Propiedad Intelectual franc\u00e9s.<\/p><h3>6. Limitaci\u00f3n de responsabilidad.<\/h3><p>SEBASTIEN HEIM no se hace responsable de los da\u00f1os directos o indirectos causados al equipo del usuario al acceder al sitio web bye-pain.com, ya sea por el uso de un equipo que no cumpla con las especificaciones indicadas en el punto 4, o por la apariencia de un error o incompatibilidad.<\/p><p>SEBASTIEN HEIM tampoco ser\u00e1 responsable de los da\u00f1os indirectos (como la p\u00e9rdida de mercado o la p\u00e9rdida de oportunidades) resultantes del uso del sitio web bye-pain.fr.<\/p><p>Se ponen a disposici\u00f3n de los usuarios \u00e1reas interactivas (posibilidad de realizar consultas en el \u00e1rea de contacto). SEBASTIEN HEIM se reserva el derecho de eliminar, sin previo aviso, cualquier contenido publicado en este espacio que contravenga la legislaci\u00f3n aplicable en Francia, en particular las disposiciones relativas a la protecci\u00f3n de datos. En su caso, SEBASTIEN HEIM tambi\u00e9n se reserva el derecho de responsabilizar civil y\/o penalmente al usuario, en particular en caso de mensajes de car\u00e1cter racista, injurioso, difamatorio o pornogr\u00e1fico, cualquiera que sea el soporte utilizado (texto, fotograf\u00edas, etc.).<\/p><h3>7. Gesti\u00f3n de datos personales.<\/h3><p>En Francia, los datos personales est\u00e1n protegidos por la ley no. 78-87 de 6 de enero de 1978, ley n\u00fam. 2004-801 de 6 de agosto de 2004, art\u00edculo L. 226-13 del C\u00f3digo Penal y Directiva europea de 24 de octubre de 1995.<\/p><p>Al utilizar el sitio web bye-pain.com, se puede recopilar la siguiente informaci\u00f3n: la URL de los enlaces a trav\u00e9s de los cuales el usuario accedi\u00f3 al sitio web bye-pain.com, el proveedor de acceso del usuario, la direcci\u00f3n de Protocolo de Internet (IP) del usuario.<\/p><p>En cualquier caso, SEBASTIEN HEIM \u00fanicamente recoge informaci\u00f3n personal relativa al usuario para la prestaci\u00f3n de determinados servicios ofrecidos por el sitio web bye-pain.fr. Los usuarios proporcionan esta informaci\u00f3n con pleno conocimiento de causa, particularmente cuando la ingresan ellos mismos. A continuaci\u00f3n se informa a los usuarios del sitio web bye-pain.com si est\u00e1n obligados o no a facilitar esta informaci\u00f3n.<\/p><p>De conformidad con lo dispuesto en los art\u00edculos 38 y siguientes. de la Ley 78-17, de 6 de enero de 1978, sobre Inform\u00e1tica, Ficheros de Datos y Libertades Individuales, todo usuario tiene derecho a acceder, rectificar y oponerse a cualquier dato personal que le concierna, mediante solicitud escrita y firmada, acompa\u00f1ada de copia de el documento de identidad que lleve la firma del portador del documento, y especificando la direcci\u00f3n a la que deber\u00e1 enviarse la respuesta.<\/p><p>Ninguna informaci\u00f3n personal del usuario del sitio bye-pain.com se publica sin el conocimiento del usuario, se intercambia, se transfiere, se cede o se vende por cualquier medio a terceros. S\u00f3lo la asunci\u00f3n de la recompra de SEBASTIEN HEIM y sus derechos permitir\u00eda la transmisi\u00f3n de la citada informaci\u00f3n al posible comprador quien quedar\u00eda a su vez sujeto de la misma obligaci\u00f3n de conservaci\u00f3n y modificaci\u00f3n de los datos respecto del usuario del bye- Sitio Pain.com.<\/p><p>Las bases de datos est\u00e1n protegidas por lo dispuesto en la Ley de 1 de julio de 1998 por la que se transpone la Directiva 96\/9, de 11 de marzo de 1996, sobre protecci\u00f3n jur\u00eddica de las bases de datos.<\/p><h3>8. Enlaces de hipertexto y cookies.<\/h3><p>El sitio bye-pain.com contiene una serie de enlaces de hipertexto a otros sitios, creados con la autorizaci\u00f3n de Rocket marketing. Sin embargo, SEBASTIEN HEIM no est\u00e1 en condiciones de comprobar el contenido de los sitios visitados de esta forma y, por tanto, no asume ninguna responsabilidad al respecto.<\/p><p>La navegaci\u00f3n por el sitio web bye-pain.com puede provocar la instalaci\u00f3n de cookies en el ordenador del usuario. Una cookie es un peque\u00f1o archivo que no permite identificar al usuario, pero que registra informaci\u00f3n relativa a la navegaci\u00f3n de un ordenador en un sitio. Los datos obtenidos de esta manera est\u00e1n destinados a facilitar la navegaci\u00f3n posterior por el sitio y tambi\u00e9n se utilizan para medir el n\u00famero de visitantes.<\/p><p>La negativa a instalar una cookie puede imposibilitar el acceso a determinados servicios. El Usuario podr\u00e1, no obstante, configurar su ordenador de la siguiente manera para rechazar la instalaci\u00f3n de cookies:<\/p><p>En Internet Explorer: Pesta\u00f1a Herramientas (icono con forma de rueda arriba a la derecha) \/ Opciones de Internet. Haga clic en Confidencialidad y elija Bloquear todas las cookies. Confirme con Aceptar.<\/p><p>Firefox: en la parte superior de la ventana del navegador, haga clic en el bot\u00f3n Firefox y luego vaya a la pesta\u00f1a Opciones. Haga clic en la pesta\u00f1a Privacidad. Establezca las Reglas de retenci\u00f3n para: usar configuraciones personalizadas para el historial. Finalmente, desm\u00e1rcala para desactivar las cookies.<\/p><p>En Safari: haga clic en el icono de men\u00fa (simbolizado por una rueda dentada) en la esquina superior derecha del navegador. Seleccione Configuraci\u00f3n. Haga clic en Mostrar configuraci\u00f3n avanzada. En la secci\u00f3n \u201cConfidencialidad\u201d, haga clic en Configuraci\u00f3n de contenido. En la secci\u00f3n \u201cCookies\u201d puedes bloquear las cookies.<\/p><p>En Chrome: haga clic en el icono de men\u00fa (simbolizado por tres l\u00edneas horizontales) en la esquina superior derecha del navegador. Seleccione Configuraci\u00f3n. Haga clic en Mostrar configuraci\u00f3n avanzada. En la secci\u00f3n \u201cConfidencialidad\u201d, haga clic en preferencias. En la pesta\u00f1a \u201cConfidencialidad\u201d puede bloquear las cookies.<\/p><h3>9. Ley aplicable y jurisdicci\u00f3n.<\/h3><p>Cualquier conflicto que surja del uso del sitio web bye-pain.com est\u00e1 sujeto a la ley francesa. Los tribunales competentes de Par\u00eds tienen competencia exclusiva.<\/p><h3>10. Las principales leyes en cuesti\u00f3n.<\/h3><p>Ley n\u00fam. 78-17 de 6 de enero de 1978, modificada por la Ley n\u00fam. 2004-801, de 6 de agosto de 2004, sobre inform\u00e1tica, ficheros de datos y libertades individuales.<\/p><p>Ley n\u00fam. 2004-575, de 21 de junio de 2004, sobre la confianza en la econom\u00eda digital.<\/p><h3>11. Glosario.<\/h3><p>Usuario: Usuario de Internet que se conecta y utiliza el sitio antes mencionado.<\/p><p>Informaci\u00f3n personal: \u201cinformaci\u00f3n que permite, bajo cualquier forma, directa o indirectamente, la identificaci\u00f3n de las personas f\u00edsicas a las que se aplica\u201d (art\u00edculo 4 de la ley n\u00ba 78-17, de 6 de enero de 1978).<\/p><\/div><\/div>\t\t\t\t\t\t\t\t<\/div>\n\t\t\t\t<\/div>\n\t\t\t\t\t<\/div>\n\t\t<\/div>\n\t\t\t\t\t<\/div>\n\t\t<\/section>\n\t\t\t\t<\/div>","protected":false},"excerpt":{"rendered":"<p>Legal information \u00a0 1. Presentation of the site. Pursuant to Article 6 of Law No. 2004-575 of 21 June 2004 on confidence in the digital economy, users of the bye-pain.com website are informed of the identity of the various parties involved in its creation and monitoring: Owner: SEBASTIEN HEIM &#8211; 78 avenue des Champs Elys\u00e9es [&hellip;]<\/p>\n","protected":false},"author":1,"featured_media":0,"parent":0,"menu_order":0,"comment_status":"closed","ping_status":"closed","template":"elementor_header_footer","meta":{"_seopress_robots_primary_cat":"","_seopress_titles_title":"Legal Notices","_seopress_titles_desc":"Legal notice page","_seopress_robots_index":"","site-sidebar-layout":"default","site-content-layout":"","ast-site-content-layout":"default","site-content-style":"default","site-sidebar-style":"default","ast-global-header-display":"","ast-banner-title-visibility":"","ast-main-header-display":"","ast-hfb-above-header-display":"","ast-hfb-below-header-display":"","ast-hfb-mobile-header-display":"","site-post-title":"","ast-breadcrumbs-content":"","ast-featured-img":"","footer-sml-layout":"","ast-disable-related-posts":"","theme-transparent-header-meta":"","adv-header-id-meta":"","stick-header-meta":"","header-above-stick-meta":"","header-main-stick-meta":"","header-below-stick-meta":"","astra-migrate-meta-layouts":"set","ast-page-background-enabled":"default","ast-page-background-meta":{"desktop":{"background-color":"var(--ast-global-color-4)","background-image":"","background-repeat":"repeat","background-position":"center center","background-size":"auto","background-attachment":"scroll","background-type":"","background-media":"","overlay-type":"","overlay-color":"","overlay-opacity":"","overlay-gradient":""},"tablet":{"background-color":"","background-image":"","background-repeat":"repeat","background-position":"center center","background-size":"auto","background-attachment":"scroll","background-type":"","background-media":"","overlay-type":"","overlay-color":"","overlay-opacity":"","overlay-gradient":""},"mobile":{"background-color":"","background-image":"","background-repeat":"repeat","background-position":"center center","background-size":"auto","background-attachment":"scroll","background-type":"","background-media":"","overlay-type":"","overlay-color":"","overlay-opacity":"","overlay-gradient":""}},"ast-content-background-meta":{"desktop":{"background-color":"var(--ast-global-color-5)","background-image":"","background-repeat":"repeat","background-position":"center center","background-size":"auto","background-attachment":"scroll","background-type":"","background-media":"","overlay-type":"","overlay-color":"","overlay-opacity":"","overlay-gradient":""},"tablet":{"background-color":"var(--ast-global-color-5)","background-image":"","background-repeat":"repeat","background-position":"center center","background-size":"auto","background-attachment":"scroll","background-type":"","background-media":"","overlay-type":"","overlay-color":"","overlay-opacity":"","overlay-gradient":""},"mobile":{"background-color":"var(--ast-global-color-5)","background-image":"","background-repeat":"repeat","background-position":"center center","background-size":"auto","background-attachment":"scroll","background-type":"","background-media":"","overlay-type":"","overlay-color":"","overlay-opacity":"","overlay-gradient":""}},"footnotes":""},"class_list":["post-112","page","type-page","status-publish"],"_links":{"self":[{"href":"https:\/\/bye-pain.com\/es\/wp-json\/wp\/v2\/pages\/112","targetHints":{"allow":["GET"]}}],"collection":[{"href":"https:\/\/bye-pain.com\/es\/wp-json\/wp\/v2\/pages"}],"about":[{"href":"https:\/\/bye-pain.com\/es\/wp-json\/wp\/v2\/types\/page"}],"author":[{"embeddable":true,"href":"https:\/\/bye-pain.com\/es\/wp-json\/wp\/v2\/users\/1"}],"replies":[{"embeddable":true,"href":"https:\/\/bye-pain.com\/es\/wp-json\/wp\/v2\/comments?post=112"}],"version-history":[{"count":0,"href":"https:\/\/bye-pain.com\/es\/wp-json\/wp\/v2\/pages\/112\/revisions"}],"wp:attachment":[{"href":"https:\/\/bye-pain.com\/es\/wp-json\/wp\/v2\/media?parent=112"}],"curies":[{"name":"wp","href":"https:\/\/api.w.org\/{rel}","templated":true}]}}