{"id":3,"date":"2021-03-02T16:03:31","date_gmt":"2021-03-02T15:03:31","guid":{"rendered":"https:\/\/bisque-wasp-399565.hostingersite.com\/?page_id=3"},"modified":"2024-02-10T22:17:11","modified_gmt":"2024-02-10T22:17:11","slug":"datenschutzrichtlinie","status":"publish","type":"page","link":"https:\/\/bye-pain.com\/de\/privacy-policy","title":{"rendered":"Datenschutzrichtlinie"},"content":{"rendered":"<div data-elementor-type=\"wp-page\" data-elementor-id=\"3\" class=\"elementor elementor-3\" data-elementor-post-type=\"page\">\n\t\t\t\t\t\t<section class=\"elementor-section elementor-top-section elementor-element elementor-element-5c56538a elementor-section-boxed elementor-section-height-default elementor-section-height-default\" data-id=\"5c56538a\" data-element_type=\"section\" data-e-type=\"section\">\n\t\t\t\t\t\t<div class=\"elementor-container elementor-column-gap-default\">\n\t\t\t\t\t<div class=\"elementor-column elementor-col-100 elementor-top-column elementor-element elementor-element-428eed4d\" data-id=\"428eed4d\" data-element_type=\"column\" data-e-type=\"column\">\n\t\t\t<div class=\"elementor-widget-wrap elementor-element-populated\">\n\t\t\t\t\t\t<div class=\"elementor-element elementor-element-dd63083 elementor-widget elementor-widget-heading\" data-id=\"dd63083\" data-element_type=\"widget\" data-e-type=\"widget\" data-widget_type=\"heading.default\">\n\t\t\t\t<div class=\"elementor-widget-container\">\n\t\t\t\t\t<h1 class=\"elementor-heading-title elementor-size-default\">Datenschutzrichtlinie<\/h1>\t\t\t\t<\/div>\n\t\t\t\t<\/div>\n\t\t\t\t<div class=\"elementor-element elementor-element-7880b05 elementor-widget elementor-widget-text-editor\" data-id=\"7880b05\" data-element_type=\"widget\" data-e-type=\"widget\" data-widget_type=\"text-editor.default\">\n\t\t\t\t<div class=\"elementor-widget-container\">\n\t\t\t\t\t\t\t\t\t<h1 class=\"entry-title main_title\" style=\"text-align: center;\">\u00a0<\/h1><div class=\"entry-content\"><h2>Wer sind wir?<\/h2><p>Unsere Website-Adresse lautet: https:\/\/bisque-wasp-399565.hostingersite.com<\/p><p>Sie k\u00f6nnen uns unter der folgenden E-Mail-Adresse kontaktieren: contact@bisque-wasp-399565.hostingersite.com<\/p><h2>Verwendung der erhobenen personenbezogenen Daten<\/h2><p>Indem Sie eine Bestellung aufgeben oder ein Konto erstellen, erkl\u00e4ren Sie sich damit einverstanden, Angebote und Werbeaktionen per E-Mail und\/oder Telefon zu erhalten.<\/p><h3>Kommentare<\/h3><p>Wenn Sie auf unserer Website einen Kommentar hinterlassen, werden die im Kommentarformular eingegebenen Daten, Ihre IP-Adresse und der User-Agent Ihres Browsers erfasst, um uns dabei zu helfen, unerw\u00fcnschte Kommentare zu erkennen.<\/p><p>Eine aus Ihrer E-Mail-Adresse erstellte anonymisierte Zeichenfolge (auch Hash genannt) kann an den Gravatar-Dienst gesendet werden, um zu \u00fcberpr\u00fcfen, ob Sie ihn verwenden. Die Vertraulichkeitsklauseln des Gravatar-Dienstes finden Sie hier: https:\/\/automattic.com\/privacy\/. Sobald Ihr Kommentar validiert wurde, wird Ihr Profilfoto neben Ihrem Kommentar \u00f6ffentlich sichtbar sein.<\/p><h3>Medien<\/h3><p>Wenn Sie ein registrierter Benutzer sind und Bilder auf die Website hochladen, empfehlen wir Ihnen, das Hochladen von Bildern mit EXIF-Daten von GPS-Koordinaten zu vermeiden. Besucher Ihrer Website k\u00f6nnen Standortdaten aus diesen Bildern herunterladen und extrahieren.<\/p><h3>Kontaktformulare<\/h3><p>Um mit uns Kontakt aufzunehmen, schreiben Sie uns bitte an contact@bisque-wasp-399565.hostingersite.com oder per Post an Bye Pain \u2013 78, Avenue des Champs-\u00c9lys\u00e9es, Bureau 562, 75008 Paris \u2013 Frankreich<\/p><h3>Kekse<\/h3><p>Wenn Sie einen Kommentar auf unserer Seite hinterlassen, werden Sie gebeten, Ihren Namen, Ihre E-Mail-Adresse und Ihre Website in Cookies zu speichern. Dies dient lediglich Ihrer Bequemlichkeit, damit Sie diese Informationen nicht erneut eingeben m\u00fcssen, wenn Sie zu einem sp\u00e4teren Zeitpunkt einen weiteren Kommentar hinterlassen. Diese Cookies verlieren nach einem Jahr ihre G\u00fcltigkeit.<\/p><p>Wenn Sie die Anmeldeseite aufrufen, wird ein tempor\u00e4res Cookie erstellt, um festzustellen, ob Ihr Browser Cookies akzeptiert. Sie enthalten keine personenbezogenen Daten und werden automatisch gel\u00f6scht, wenn Sie Ihren Browser schlie\u00dfen.<\/p><p>Wenn Sie sich anmelden, setzen wir eine Reihe von Cookies, um Ihre Anmeldeinformationen und Bildschirmeinstellungen aufzuzeichnen. Die Lebensdauer eines Verbindungscookies betr\u00e4gt zwei Tage, die eines Bildschirmoptionscookies ein Jahr. Wenn Sie \u201eAngemeldet bleiben\u201c ankreuzen, wird Ihr Verbindungs-Cookie zwei Wochen lang gespeichert. Wenn Sie sich von Ihrem Konto abmelden, wird das Anmelde-Cookie gel\u00f6scht.<\/p><p>Durch die \u00c4nderung oder Ver\u00f6ffentlichung einer Publikation wird ein zus\u00e4tzlicher Cookie in Ihrem Browser gespeichert. Dieses Cookie enth\u00e4lt keine personenbezogenen Daten. Es gibt lediglich die ID der Ver\u00f6ffentlichung an, die Sie gerade ge\u00e4ndert haben. Es verf\u00e4llt nach einem Tag.<\/p><h3>Eingebettete Inhalte von anderen Websites<\/h3><p>Artikel auf dieser Website k\u00f6nnen eingebettete Inhalte enthalten (z. B. Videos, Bilder, Artikel usw.). Eingebettete Inhalte von anderen Websites verhalten sich genauso, als ob der Besucher diese andere Website besuchen w\u00fcrde.<\/p><p>Diese Websites k\u00f6nnen Daten \u00fcber Sie sammeln, Cookies verwenden, Tracking-Tools von Drittanbietern einbetten und Ihre Interaktionen mit diesen eingebetteten Inhalten verfolgen, wenn Sie \u00fcber ein angemeldetes Konto auf deren Website verf\u00fcgen.<\/p><h3>Statistiken und Publikumsmessung<\/h3><p>Wir verwenden Technologien wie Cookies, um Inhalte und Werbung zu personalisieren, Funktionen f\u00fcr soziale Medien bereitzustellen und den Website-Verkehr zu analysieren. Wir geben Informationen \u00fcber Ihre Nutzung der Website an unsere vertrauensw\u00fcrdigen Partner f\u00fcr soziale Medien, Werbung und Analysen weiter.<\/p><p>Um bestimmte Statistiken zu verschiedenen Kundenreisen zu messen, verwenden wir Google Analytics. Sie k\u00f6nnen deren Vertraulichkeitsrichtlinie unter der folgenden Adresse einsehen: https:\/\/policies.google.com\/privacy?hl=fr.<\/p><p>Wir nutzen au\u00dferdem den Facebook-Pixel. Sie k\u00f6nnen ihre Vertraulichkeitsrichtlinie unter der folgenden Adresse einsehen: https:\/\/www.facebook.com\/zahlungs_terms\/privacy<\/p><h2>Speicherfristen Ihrer Daten<\/h2><p>Wenn Sie einen Kommentar hinterlassen, werden der Kommentar und seine Metadaten auf unbestimmte Zeit gespeichert. Dadurch ist es m\u00f6glich, nachfolgende Kommentare automatisch zu erkennen und freizugeben, anstatt sie in der Moderationswarteschlange zu belassen.<\/p><p>F\u00fcr Nutzer, die sich auf unserer Seite registrieren, speichern wir (sofern m\u00f6glich) auch die in ihrem Profil angegebenen personenbezogenen Daten. Alle Benutzer k\u00f6nnen ihre pers\u00f6nlichen Daten jederzeit einsehen, \u00e4ndern oder l\u00f6schen (mit Ausnahme ihres Benutzernamens). Site-Manager k\u00f6nnen diese Informationen auch anzeigen und \u00e4ndern.<\/p><h2>Die Rechte, die Sie an Ihren Daten haben<\/h2><p>Wenn Sie ein Konto haben oder Kommentare auf der Website hinterlassen haben, k\u00f6nnen Sie den Erhalt einer Datei mit allen personenbezogenen Daten anfordern, die wir \u00fcber Sie gespeichert haben, einschlie\u00dflich der Daten, die Sie uns zur Verf\u00fcgung gestellt haben. Sie k\u00f6nnen auch die L\u00f6schung Ihrer personenbezogenen Daten verlangen. Davon ausgenommen sind Daten, die zu administrativen, rechtlichen oder Sicherheitszwecken gespeichert werden.<\/p><h2>\u00dcbermittlung Ihrer personenbezogenen Daten<\/h2><p>Besucherkommentare k\u00f6nnen mithilfe eines automatisierten Dienstes \u00fcberpr\u00fcft werden, um unerw\u00fcnschte Kommentare zu erkennen.<\/p><h2>Kontaktinformationen<\/h2><p>Sie k\u00f6nnen uns per E-Mail unter folgender Adresse kontaktieren: contact@bisque-wasp-399565.hostingersite.com oder per Post unter Bye Pain \u2013 78, Avenue des Champs-\u00c9lys\u00e9es, Bureau 562, 75008 Paris \u2013 Frankreich<\/p><h2>Was wir sammeln und speichern<\/h2><p>W\u00e4hrend Ihres Besuchs auf der Website verfolgen wir:<\/p><ul><li>Produkte, die Sie gesehen haben: Wir verwenden diese, um beispielsweise Produkte anzuzeigen, die Sie k\u00fcrzlich gesehen haben.<\/li><li>Standort, IP-Adresse und Browsertyp: Wir verwenden diese Daten, um Steuern und Liefergeb\u00fchren abzusch\u00e4tzen<\/li><li>Lieferadresse: Wir werden Sie bitten, diese einzugeben, um die Versandkosten abzusch\u00e4tzen, bevor Sie Ihre Bestellung aufgeben und Ihnen die Bestellung zusenden!<\/li><\/ul><p>Wir verwenden Cookies, um den Inhalt Ihres Warenkorbs zu verfolgen, w\u00e4hrend Sie auf unserer Website surfen.<\/p><p>Wenn Sie auf unserer Website einkaufen, bitten wir Sie um die Angabe von Informationen wie Ihrem Namen, Ihrer Rechnungsadresse, Lieferadresse, E-Mail-Adresse, Telefonnummer, Zahlungs-\/Kreditkartendaten und m\u00f6glicherweise Kontodaten wie Benutzername und Passwort. Diese Informationen werden verwendet, um:<\/p><ul><li>Senden von Informationen zu Ihrem Konto und Ihrer Bestellung<\/li><li>Beantwortung von Anfragen, einschlie\u00dflich R\u00fcckerstattungen und Beschwerden<\/li><li>Zahlungsabwicklung und Betrugspr\u00e4vention<\/li><li>Richten Sie Ihr Konto f\u00fcr unseren Shop ein<\/li><li>Halten Sie alle gesetzlichen Verpflichtungen ein, beispielsweise zur Berechnung von Steuern<br \/>Verbessern Sie unser Shop-Angebot<\/li><li>Ihnen Marketingnachrichten zu senden, wenn Sie sich daf\u00fcr entscheiden, diese zu erhalten<\/li><\/ul><p>Wenn Sie ein Konto erstellen, speichern wir Ihren Namen, Ihre Adresse, Ihre E-Mail-Adresse und Ihre Telefonnummer, die zum Vorabausf\u00fcllen der Bestellbest\u00e4tigung f\u00fcr zuk\u00fcnftige Bestellungen verwendet werden.<\/p><p>Wir speichern Ihre Daten grunds\u00e4tzlich so lange, wie wir sie f\u00fcr den Zweck ben\u00f6tigen, f\u00fcr den wir sie erheben und verwenden, und wir sind nicht gesetzlich dazu verpflichtet, sie aufzubewahren. Beispielsweise speichern wir Bestellinformationen f\u00fcr XXX Jahre f\u00fcr Steuer- und Buchhaltungszwecke. Dazu geh\u00f6ren Ihr Name, Ihre E-Mail-Adresse sowie Rechnungs- und Lieferadressen.<\/p><p>Wir speichern auch Kommentare oder Mitteilungen, wenn Sie diese versenden m\u00f6chten.<\/p><h2>Wer in unserem Team hat Zugriff auf die Daten?<\/h2><p>Mitglieder unseres Teams haben Zugriff auf die von Ihnen bereitgestellten Informationen. Shop-Administratoren und -Manager haben beispielsweise Zugriff auf:<\/p><ul><li>Bestellinformationen, z. B. was gekauft wurde, wann und wohin es gesendet werden soll<\/li><li>Kundeninformationen wie Ihr Name, Ihre E-Mail-Adresse sowie Rechnungs- und Lieferinformationen.<\/li><\/ul><p>Unser Team hat Zugriff auf diese Informationen, um Bestellungen zu bearbeiten, R\u00fcckerstattungen abzuwickeln und Ihnen zu helfen.<\/p><p>\u00a0<\/p><h2>Was wir mit anderen teilen<\/h2><p>Wir geben Daten an Dritte weiter, die uns bei der Verwaltung unserer Bestellungen und Shop-Services unterst\u00fctzen; Stripe ist ein Kreditkartenzahlungsdienst und PayPal ist ein Zahlungsgateway.<\/p><h3>Zahlungen<\/h3><p>Wir akzeptieren Zahlungen \u00fcber PayPal und Stripe. Bei der Zahlungsabwicklung werden bestimmte Daten an PayPal bzw. Stripe \u00fcbermittelt, darunter auch die zur Abwicklung der Zahlung erforderlichen Informationen, wie beispielsweise der Gesamtbetrag oder Rechnungsinformationen.<\/p><p>Weitere Informationen finden Sie in der Datenschutzerkl\u00e4rung von PayPal.<\/p><p>Weitere Einzelheiten finden Sie in der Datenschutzerkl\u00e4rung von Stripe.<\/p><\/div>\t\t\t\t\t\t\t\t<\/div>\n\t\t\t\t<\/div>\n\t\t\t\t\t<\/div>\n\t\t<\/div>\n\t\t\t\t\t<\/div>\n\t\t<\/section>\n\t\t\t\t<\/div>","protected":false},"excerpt":{"rendered":"<p>Privacy Policy \u00a0 Who are we? Our website address is: https:\/\/bisque-wasp-399565.hostingersite.com You can contact us at the following email address: contact@bisque-wasp-399565.hostingersite.com Use of personal data collected By placing an order or creating an account, you agree to receive offers and promotions by email and\/or telephone. Comments When you leave a comment on our website, the [&hellip;]<\/p>\n","protected":false},"author":1,"featured_media":0,"parent":0,"menu_order":0,"comment_status":"closed","ping_status":"closed","template":"","meta":{"_seopress_robots_primary_cat":"","_seopress_titles_title":"Privacy Policy","_seopress_titles_desc":"Our privacy policy page","_seopress_robots_index":"","site-sidebar-layout":"default","site-content-layout":"","ast-site-content-layout":"default","site-content-style":"default","site-sidebar-style":"default","ast-global-header-display":"","ast-banner-title-visibility":"","ast-main-header-display":"","ast-hfb-above-header-display":"","ast-hfb-below-header-display":"","ast-hfb-mobile-header-display":"","site-post-title":"","ast-breadcrumbs-content":"","ast-featured-img":"","footer-sml-layout":"","ast-disable-related-posts":"","theme-transparent-header-meta":"","adv-header-id-meta":"","stick-header-meta":"","header-above-stick-meta":"","header-main-stick-meta":"","header-below-stick-meta":"","astra-migrate-meta-layouts":"set","ast-page-background-enabled":"default","ast-page-background-meta":{"desktop":{"background-color":"var(--ast-global-color-4)","background-image":"","background-repeat":"repeat","background-position":"center center","background-size":"auto","background-attachment":"scroll","background-type":"","background-media":"","overlay-type":"","overlay-color":"","overlay-opacity":"","overlay-gradient":""},"tablet":{"background-color":"","background-image":"","background-repeat":"repeat","background-position":"center center","background-size":"auto","background-attachment":"scroll","background-type":"","background-media":"","overlay-type":"","overlay-color":"","overlay-opacity":"","overlay-gradient":""},"mobile":{"background-color":"","background-image":"","background-repeat":"repeat","background-position":"center center","background-size":"auto","background-attachment":"scroll","background-type":"","background-media":"","overlay-type":"","overlay-color":"","overlay-opacity":"","overlay-gradient":""}},"ast-content-background-meta":{"desktop":{"background-color":"var(--ast-global-color-5)","background-image":"","background-repeat":"repeat","background-position":"center center","background-size":"auto","background-attachment":"scroll","background-type":"","background-media":"","overlay-type":"","overlay-color":"","overlay-opacity":"","overlay-gradient":""},"tablet":{"background-color":"var(--ast-global-color-5)","background-image":"","background-repeat":"repeat","background-position":"center center","background-size":"auto","background-attachment":"scroll","background-type":"","background-media":"","overlay-type":"","overlay-color":"","overlay-opacity":"","overlay-gradient":""},"mobile":{"background-color":"var(--ast-global-color-5)","background-image":"","background-repeat":"repeat","background-position":"center center","background-size":"auto","background-attachment":"scroll","background-type":"","background-media":"","overlay-type":"","overlay-color":"","overlay-opacity":"","overlay-gradient":""}},"footnotes":""},"class_list":["post-3","page","type-page","status-publish"],"_links":{"self":[{"href":"https:\/\/bye-pain.com\/de\/wp-json\/wp\/v2\/pages\/3","targetHints":{"allow":["GET"]}}],"collection":[{"href":"https:\/\/bye-pain.com\/de\/wp-json\/wp\/v2\/pages"}],"about":[{"href":"https:\/\/bye-pain.com\/de\/wp-json\/wp\/v2\/types\/page"}],"author":[{"embeddable":true,"href":"https:\/\/bye-pain.com\/de\/wp-json\/wp\/v2\/users\/1"}],"replies":[{"embeddable":true,"href":"https:\/\/bye-pain.com\/de\/wp-json\/wp\/v2\/comments?post=3"}],"version-history":[{"count":0,"href":"https:\/\/bye-pain.com\/de\/wp-json\/wp\/v2\/pages\/3\/revisions"}],"wp:attachment":[{"href":"https:\/\/bye-pain.com\/de\/wp-json\/wp\/v2\/media?parent=3"}],"curies":[{"name":"wp","href":"https:\/\/api.w.org\/{rel}","templated":true}]}}