{"id":116,"date":"2021-03-11T10:05:24","date_gmt":"2021-03-11T09:05:24","guid":{"rendered":"https:\/\/bisque-wasp-399565.hostingersite.com\/?page_id=116"},"modified":"2024-02-10T22:17:48","modified_gmt":"2024-02-10T22:17:48","slug":"zuruckkehren","status":"publish","type":"page","link":"https:\/\/bye-pain.com\/de\/return","title":{"rendered":"Zur\u00fcckkehren"},"content":{"rendered":"<div data-elementor-type=\"wp-page\" data-elementor-id=\"116\" class=\"elementor elementor-116\" data-elementor-post-type=\"page\">\n\t\t\t\t\t\t<section class=\"elementor-section elementor-top-section elementor-element elementor-element-114367fd elementor-section-boxed elementor-section-height-default elementor-section-height-default\" data-id=\"114367fd\" data-element_type=\"section\" data-e-type=\"section\">\n\t\t\t\t\t\t<div class=\"elementor-container elementor-column-gap-default\">\n\t\t\t\t\t<div class=\"elementor-column elementor-col-100 elementor-top-column elementor-element elementor-element-7c7d0720\" data-id=\"7c7d0720\" data-element_type=\"column\" data-e-type=\"column\">\n\t\t\t<div class=\"elementor-widget-wrap elementor-element-populated\">\n\t\t\t\t\t\t<div class=\"elementor-element elementor-element-3cf7179 elementor-widget elementor-widget-heading\" data-id=\"3cf7179\" data-element_type=\"widget\" data-e-type=\"widget\" data-widget_type=\"heading.default\">\n\t\t\t\t<div class=\"elementor-widget-container\">\n\t\t\t\t\t<h1 class=\"elementor-heading-title elementor-size-default\">R\u00fcckgaberecht<\/h1>\t\t\t\t<\/div>\n\t\t\t\t<\/div>\n\t\t\t\t<div class=\"elementor-element elementor-element-46fafc8e elementor-widget elementor-widget-text-editor\" data-id=\"46fafc8e\" data-element_type=\"widget\" data-e-type=\"widget\" data-widget_type=\"text-editor.default\">\n\t\t\t\t<div class=\"elementor-widget-container\">\n\t\t\t\t\t\t\t\t\t<p>Unsere Police gilt f\u00fcr 30 Tage. Wenn seit Ihrem Kauf 30 Tage vergangen sind, k\u00f6nnen wir Ihnen leider keine R\u00fcckerstattung oder keinen Umtausch anbieten.<\/p><p>Um Anspruch auf eine R\u00fcckgabe zu haben, muss Ihr Artikel unbenutzt sein und sich in demselben Zustand befinden, in dem Sie ihn erhalten haben. Es muss au\u00dferdem in der Originalverpackung sein.<\/p><p>Bestimmte Produkttypen k\u00f6nnen nicht zur\u00fcckgegeben werden. Verderbliche Waren wie Nahrungserg\u00e4nzungsmittel oder Zeitschriften k\u00f6nnen nicht zur\u00fcckgegeben werden. Wir akzeptieren auch keine Produkte f\u00fcr den Intim- oder Hygienebereich, gef\u00e4hrliche Produkte oder brennbare Gase oder Fl\u00fcssigkeiten.<\/p><p>Weitere Artikel, die nicht zur\u00fcckgegeben werden k\u00f6nnen:<br \/>* Geschenkkarten<br \/>* Herunterladbare Software<br \/>* Bestimmte Gesundheits- und K\u00f6rperpflegeprodukte<\/p><p>F\u00fcr eine R\u00fccksendung m\u00fcssen Sie uns eine Quittung oder einen Kaufbeleg vorlegen.<\/p><p>Es gibt Situationen, in denen nur eine teilweise R\u00fcckerstattung gew\u00e4hrt wird: (falls zutreffend)<br \/>* B\u00fccher mit deutlichen Gebrauchsspuren.<br \/>* Ge\u00f6ffnete CDs, DVDs, VHS-Kassetten, Software, Videospiele, Kassetten oder Schallplatten.<br \/>* Jeder Artikel, der sich nicht im Originalzustand befindet, besch\u00e4digt ist oder Teile fehlen, die nicht auf einen Fehler unsererseits zur\u00fcckzuf\u00fchren sind.<br \/>* Jeder Artikel, der mehr als 30 Tage nach der Lieferung zur\u00fcckgegeben wird.<\/p><h2>\u00a0<\/h2><h2>R\u00fcckerstattungen (falls vorhanden)<\/h2><p>Sobald wir den zur\u00fcckgegebenen Artikel erhalten und gepr\u00fcft haben, senden wir Ihnen eine E-Mail, um den Erhalt zu best\u00e4tigen. Wir werden Sie auch \u00fcber unsere Entscheidung informieren, Ihren R\u00fcckerstattungsantrag zu genehmigen oder abzulehnen.<br \/>Wenn Ihr Antrag genehmigt wird, wird Ihre R\u00fcckerstattung bearbeitet und innerhalb einer bestimmten Anzahl von Tagen automatisch eine Gutschrift auf Ihre Kreditkarte oder die urspr\u00fcngliche Zahlungsmethode vorgenommen.<\/p><h2>Versp\u00e4tete oder fehlende R\u00fcckerstattungen (falls zutreffend)<\/h2><p>Sollten Sie Ihre R\u00fcckerstattung noch nicht erhalten haben, \u00fcberpr\u00fcfen Sie bitte zun\u00e4chst noch einmal Ihr Bankkonto.<br \/>Wenden Sie sich dann an Ihren Kreditkartenaussteller, da es zu einer Verz\u00f6gerung bis zur offiziellen Verbuchung Ihrer R\u00fcckerstattung kommen kann.<br \/>Dann wenden Sie sich an Ihre Bank. Es dauert oft eine Bearbeitungszeit, bis eine R\u00fcckerstattung gebucht wird.<br \/>Wenn Sie nach Abschluss aller dieser Schritte immer noch keine R\u00fcckerstattung erhalten haben, kontaktieren Sie uns bitte unter contact@bisque-wasp-399565.hostingersite.com.<br \/>Ausverkaufsartikel (falls zutreffend)<br \/>Es k\u00f6nnen nur Artikel zum regul\u00e4ren Preis erstattet werden. Ausverkaufte Artikel sind leider nicht erstattungsf\u00e4hig.<\/p><h2>Umtausch (falls zutreffend)<\/h2><p>Wir ersetzen einen Artikel nur, wenn er fehlerhaft oder besch\u00e4digt ist. Wenn Sie es gegen den gleichen Artikel umtauschen m\u00f6chten, senden Sie uns bitte eine E-Mail an contact@bisque-wasp-399565.hostingersite.com<\/p><h2>Cadeaux<\/h2><p>\u00a0<\/p><p>Wenn der zur\u00fcckgegebene Artikel zum Zeitpunkt des Kaufs als Geschenk gekennzeichnet war und direkt an Sie gesendet wurde, erhalten Sie eine Geschenkgutschrift in H\u00f6he des Wertes Ihrer R\u00fccksendung. Sobald wir den retournierten Artikel erhalten haben, wird Ihnen ein Geschenkgutschein per Post zugesandt.<\/p><p>Wenn der Artikel zum Zeitpunkt des Kaufs nicht als Geschenk gekennzeichnet war oder der Schenkende den Artikel lieber zuerst erhalten und Ihnen sp\u00e4ter schenken wollte, erstatten wir dem Schenkenden eine R\u00fcckerstattung und er wei\u00df, dass Sie ihn zur\u00fcckgegeben haben der Artikel.<\/p><h2>Versand<\/h2><p>Um ein Produkt zur\u00fcckzusenden, m\u00fcssen Sie es per Post senden. Kontaktieren Sie uns per E-Mail, um die R\u00fccksendeadresse zu erhalten.<\/p><p>Sie sind f\u00fcr die Kosten der R\u00fccksendung Ihres Artikels selbst verantwortlich. Versandkosten werden nicht erstattet. Wenn Sie eine R\u00fcckerstattung erhalten, werden die R\u00fccksendekosten davon abgezogen.<\/p><p>Je nachdem, wo Sie wohnen, kann es unterschiedlich lange dauern, bis Sie Ihr umgetauschtes Produkt erhalten.<\/p><p>Wenn Sie einen Artikel im Wert von mehr als 75 \u00a3 versenden, sollten Sie die Nutzung eines Lieferdienstes in Betracht ziehen, der Ihnen die Sendungsverfolgung erm\u00f6glicht, oder den Abschluss einer Lieferversicherung. Wir garantieren nicht, dass wir den von Ihnen zur\u00fcckgegebenen Artikel erhalten.<\/p>\t\t\t\t\t\t\t\t<\/div>\n\t\t\t\t<\/div>\n\t\t\t\t\t<\/div>\n\t\t<\/div>\n\t\t\t\t\t<\/div>\n\t\t<\/section>\n\t\t\t\t<\/div>","protected":false},"excerpt":{"rendered":"<p>Return Policy Our policy lasts for 30 days. Unfortunately, if 30 days have passed since your purchase, we cannot offer you a refund or exchange. To be eligible for a return, your item must be unused and in the same condition in which you received it. It must also be in its original packaging. Several [&hellip;]<\/p>\n","protected":false},"author":1,"featured_media":0,"parent":0,"menu_order":0,"comment_status":"closed","ping_status":"closed","template":"elementor_header_footer","meta":{"_seopress_robots_primary_cat":"","_seopress_titles_title":"Returns policy","_seopress_titles_desc":"Our returns policy page.","_seopress_robots_index":"","site-sidebar-layout":"default","site-content-layout":"","ast-site-content-layout":"default","site-content-style":"default","site-sidebar-style":"default","ast-global-header-display":"","ast-banner-title-visibility":"","ast-main-header-display":"","ast-hfb-above-header-display":"","ast-hfb-below-header-display":"","ast-hfb-mobile-header-display":"","site-post-title":"","ast-breadcrumbs-content":"","ast-featured-img":"","footer-sml-layout":"","ast-disable-related-posts":"","theme-transparent-header-meta":"","adv-header-id-meta":"","stick-header-meta":"","header-above-stick-meta":"","header-main-stick-meta":"","header-below-stick-meta":"","astra-migrate-meta-layouts":"set","ast-page-background-enabled":"default","ast-page-background-meta":{"desktop":{"background-color":"var(--ast-global-color-4)","background-image":"","background-repeat":"repeat","background-position":"center center","background-size":"auto","background-attachment":"scroll","background-type":"","background-media":"","overlay-type":"","overlay-color":"","overlay-opacity":"","overlay-gradient":""},"tablet":{"background-color":"","background-image":"","background-repeat":"repeat","background-position":"center center","background-size":"auto","background-attachment":"scroll","background-type":"","background-media":"","overlay-type":"","overlay-color":"","overlay-opacity":"","overlay-gradient":""},"mobile":{"background-color":"","background-image":"","background-repeat":"repeat","background-position":"center center","background-size":"auto","background-attachment":"scroll","background-type":"","background-media":"","overlay-type":"","overlay-color":"","overlay-opacity":"","overlay-gradient":""}},"ast-content-background-meta":{"desktop":{"background-color":"var(--ast-global-color-5)","background-image":"","background-repeat":"repeat","background-position":"center center","background-size":"auto","background-attachment":"scroll","background-type":"","background-media":"","overlay-type":"","overlay-color":"","overlay-opacity":"","overlay-gradient":""},"tablet":{"background-color":"var(--ast-global-color-5)","background-image":"","background-repeat":"repeat","background-position":"center center","background-size":"auto","background-attachment":"scroll","background-type":"","background-media":"","overlay-type":"","overlay-color":"","overlay-opacity":"","overlay-gradient":""},"mobile":{"background-color":"var(--ast-global-color-5)","background-image":"","background-repeat":"repeat","background-position":"center center","background-size":"auto","background-attachment":"scroll","background-type":"","background-media":"","overlay-type":"","overlay-color":"","overlay-opacity":"","overlay-gradient":""}},"footnotes":""},"class_list":["post-116","page","type-page","status-publish"],"_links":{"self":[{"href":"https:\/\/bye-pain.com\/de\/wp-json\/wp\/v2\/pages\/116","targetHints":{"allow":["GET"]}}],"collection":[{"href":"https:\/\/bye-pain.com\/de\/wp-json\/wp\/v2\/pages"}],"about":[{"href":"https:\/\/bye-pain.com\/de\/wp-json\/wp\/v2\/types\/page"}],"author":[{"embeddable":true,"href":"https:\/\/bye-pain.com\/de\/wp-json\/wp\/v2\/users\/1"}],"replies":[{"embeddable":true,"href":"https:\/\/bye-pain.com\/de\/wp-json\/wp\/v2\/comments?post=116"}],"version-history":[{"count":0,"href":"https:\/\/bye-pain.com\/de\/wp-json\/wp\/v2\/pages\/116\/revisions"}],"wp:attachment":[{"href":"https:\/\/bye-pain.com\/de\/wp-json\/wp\/v2\/media?parent=116"}],"curies":[{"name":"wp","href":"https:\/\/api.w.org\/{rel}","templated":true}]}}