{"id":112,"date":"2021-03-11T10:02:09","date_gmt":"2021-03-11T09:02:09","guid":{"rendered":"https:\/\/bisque-wasp-399565.hostingersite.com\/?page_id=112"},"modified":"2025-04-13T23:05:08","modified_gmt":"2025-04-13T22:05:08","slug":"rechtliche-hinweise","status":"publish","type":"page","link":"https:\/\/bye-pain.com\/de\/legal-notices","title":{"rendered":"Rechtliche Hinweise"},"content":{"rendered":"<div data-elementor-type=\"wp-page\" data-elementor-id=\"112\" class=\"elementor elementor-112\" data-elementor-post-type=\"page\">\n\t\t\t\t\t\t<section class=\"elementor-section elementor-top-section elementor-element elementor-element-39424204 elementor-section-boxed elementor-section-height-default elementor-section-height-default\" data-id=\"39424204\" data-element_type=\"section\" data-e-type=\"section\">\n\t\t\t\t\t\t<div class=\"elementor-container elementor-column-gap-default\">\n\t\t\t\t\t<div class=\"elementor-column elementor-col-100 elementor-top-column elementor-element elementor-element-31a035ae\" data-id=\"31a035ae\" data-element_type=\"column\" data-e-type=\"column\">\n\t\t\t<div class=\"elementor-widget-wrap elementor-element-populated\">\n\t\t\t\t\t\t<div class=\"elementor-element elementor-element-0b9f4d6 elementor-widget elementor-widget-heading\" data-id=\"0b9f4d6\" data-element_type=\"widget\" data-e-type=\"widget\" data-widget_type=\"heading.default\">\n\t\t\t\t<div class=\"elementor-widget-container\">\n\t\t\t\t\t<h1 class=\"elementor-heading-title elementor-size-default\">Rechtsinformation<\/h1>\t\t\t\t<\/div>\n\t\t\t\t<\/div>\n\t\t\t\t<div class=\"elementor-element elementor-element-76c3e160 elementor-widget elementor-widget-text-editor\" data-id=\"76c3e160\" data-element_type=\"widget\" data-e-type=\"widget\" data-widget_type=\"text-editor.default\">\n\t\t\t\t<div class=\"elementor-widget-container\">\n\t\t\t\t\t\t\t\t\t<h1 style=\"text-align: center;\">\u00a0<\/h1><div><h2>1. Pr\u00e4sentation der Website.<\/h2><div><p>Gem\u00e4\u00df Artikel 6 des Gesetzes Nr. 2004-575 vom 21. Juni 2004 \u00fcber das Vertrauen in die digitale Wirtschaft werden Benutzer der Website bye-pain.com \u00fcber die Identit\u00e4t der verschiedenen Parteien informiert, die an ihrer Erstellung und \u00dcberwachung beteiligt sind:<\/p><p>Owner: SEBASTIEN HEIM &#8211; 78 avenue des Champs Elys\u00e9es &#8211; Bureau 562 &#8211; 75008 Paris &#8211; France. Siret: 83353766500022<\/p><p>Verantwortlicher f\u00fcr die Ver\u00f6ffentlichung ist eine nat\u00fcrliche oder juristische Person.<\/p><p>Gastgeber: OVH SAS: 2 rue Kellermann \u2013 BP 80157 59053 ROUBAIX CEDEX 1 \u2013 Frankreich<\/p><h3>2. Allgemeine Nutzungsbedingungen der Website und der angebotenen Dienste.<\/h3><p>Die Nutzung der Website bye-pain.com setzt die uneingeschr\u00e4nkte Akzeptanz der nachstehend aufgef\u00fchrten allgemeinen Nutzungsbedingungen voraus. Diese Nutzungsbedingungen k\u00f6nnen jederzeit ge\u00e4ndert oder erg\u00e4nzt werden. Den Benutzern der Website bye-pain.fr wird daher empfohlen, sie regelm\u00e4\u00dfig zu konsultieren.<\/p><p>Diese Website ist f\u00fcr Benutzer normalerweise jederzeit zug\u00e4nglich. SEBASTIEN HEIM kann jedoch beschlie\u00dfen, die Website aus technischen Wartungsgr\u00fcnden zu unterbrechen. In diesem Fall wird SEBASTIEN HEIM sich bem\u00fchen, die Benutzer im Voraus \u00fcber die Daten und Uhrzeiten des Eingriffs zu informieren.<\/p><p>Die Website bye-pain.com wird regelm\u00e4\u00dfig von Bye Pain aktualisiert. Ebenso k\u00f6nnen die rechtlichen Hinweise jederzeit ge\u00e4ndert werden. Sie sind jedoch f\u00fcr den Benutzer verbindlich, der aufgefordert wird, sie so oft wie m\u00f6glich zu lesen, um sie zu lesen.<\/p><h3>3. Beschreibung der erbrachten Leistungen.<\/h3><p>Der Zweck der Website bye-pain.com besteht darin, Informationen \u00fcber alle Aktivit\u00e4ten des Unternehmens bereitzustellen.<\/p><p>Bye Pain ist bestrebt, auf der Website bye-pain.fr m\u00f6glichst genaue Informationen bereitzustellen. Sie kann jedoch nicht f\u00fcr Auslassungen, Ungenauigkeiten oder M\u00e4ngel bei der Aktualisierung verantwortlich gemacht werden, unabh\u00e4ngig davon, ob diese auf ihr Verschulden oder auf das Verschulden von Drittpartnern zur\u00fcckzuf\u00fchren sind, die ihr diese Informationen zur Verf\u00fcgung stellen.<\/p><p>Alle auf der Website bye-pain.com bereitgestellten Informationen dienen ausschlie\u00dflich Informationszwecken und k\u00f6nnen sich \u00e4ndern. Dar\u00fcber hinaus erheben die Informationen auf der Website bye-pain.com keinen Anspruch auf Vollst\u00e4ndigkeit. \u00c4nderungen seit der Online-Ver\u00f6ffentlichung sind vorbehalten.<\/p><h3>4. Vertragliche Beschr\u00e4nkungen der technischen Daten.<\/h3><p>Die Website nutzt JavaScript-Technologie.<\/p><p>Die Website kann nicht f\u00fcr materielle Sch\u00e4den im Zusammenhang mit der Nutzung der Website haftbar gemacht werden. Dar\u00fcber hinaus verpflichten sich die Nutzer der Website, auf die Website mit aktuellen, virenfreien Ger\u00e4ten und einem aktuellen Browser der neuesten Generation zuzugreifen.<\/p><h3>5. Geistiges Eigentum und F\u00e4lschung.<\/h3><p>SEBASTIEN HEIM ist Inhaber der geistigen Eigentumsrechte bzw. der Nutzungsrechte an allen auf der Website zug\u00e4nglichen Elementen, insbesondere an Texten, Bildern, Grafiken, Logos, Icons, Sounds und Software.<\/p><p>Jegliche Vervielf\u00e4ltigung, Darstellung, \u00c4nderung, Ver\u00f6ffentlichung, Anpassung aller oder eines Teils der Elemente der Website, unabh\u00e4ngig von den verwendeten Mitteln oder Verfahren, ist ohne vorherige schriftliche Genehmigung von SEBASTIEN HEIM verboten.<\/p><p>Jede unbefugte Nutzung der Website oder eines der darin enthaltenen Elemente stellt einen Versto\u00df dar und wird gem\u00e4\u00df den Bestimmungen der Artikel L.335-2 ff. des Gesetzes \u00fcber den Schutz der Privatsph\u00e4re strafrechtlich verfolgt. des franz\u00f6sischen Gesetzes \u00fcber geistiges Eigentum.<\/p><h3>6. Haftungsbeschr\u00e4nkung.<\/h3><p>SEBASTIEN HEIM haftet nicht f\u00fcr direkte oder indirekte Sch\u00e4den, die beim Zugriff auf die Website bye-pain.com an den Ger\u00e4ten des Benutzers entstehen und entweder auf die Verwendung von Ger\u00e4ten zur\u00fcckzuf\u00fchren sind, die nicht den in Punkt 4 genannten Spezifikationen entsprechen, oder auf deren Aussehen ein Fehler oder eine Inkompatibilit\u00e4t.<\/p><p>SEBASTIEN HEIM haftet auch nicht f\u00fcr indirekte Sch\u00e4den (z. B. Marktverluste oder entgangene Chancen), die sich aus der Nutzung der Website bye-pain.fr ergeben.<\/p><p>Den Nutzern stehen interaktive Bereiche (M\u00f6glichkeit, Fragen im Kontaktbereich zu stellen) zur Verf\u00fcgung. SEBASTIEN HEIM beh\u00e4lt sich das Recht vor, in diesem Bereich ver\u00f6ffentlichte Inhalte, die gegen die in Frankreich geltenden Rechtsvorschriften, insbesondere die Bestimmungen zum Datenschutz, versto\u00dfen, ohne vorherige Ank\u00fcndigung zu l\u00f6schen. Gegebenenfalls beh\u00e4lt sich SEBASTIEN HEIM au\u00dferdem das Recht vor, den Nutzer zivil- und\/oder strafrechtlich zur Verantwortung zu ziehen, insbesondere im Falle von Nachrichten rassistischer, beleidigender, verleumderischer oder pornografischer Natur, unabh\u00e4ngig vom verwendeten Medium (Texte, Fotos usw.).<\/p><h3>7. Verwaltung personenbezogener Daten.<\/h3><p>In Frankreich sind personenbezogene Daten durch das Gesetz Nr. gesch\u00fctzt. 78-87 vom 6. Januar 1978, Gesetz Nr. 2004-801 vom 6. August 2004, Artikel L. 226-13 des Strafgesetzbuches und der Europ\u00e4ischen Richtlinie vom 24. Oktober 1995.<\/p><p>Bei der Nutzung der Website bye-pain.com k\u00f6nnen folgende Informationen erfasst werden: die URL der Links, \u00fcber die der Benutzer auf die Website bye-pain.com zugegriffen hat, der Zugangsprovider des Benutzers, die Internet Protocol (IP)-Adresse des Benutzers.<\/p><p>In jedem Fall sammelt SEBASTIEN HEIM personenbezogene Daten des Benutzers nur f\u00fcr die Zwecke bestimmter auf der Website bye-pain.fr angebotener Dienste. Der Nutzer stellt diese Informationen in voller Sachkenntnis zur Verf\u00fcgung, insbesondere wenn er sie selbst eingibt. Nutzer der Website bye-pain.com werden dann dar\u00fcber informiert, ob sie zur Bereitstellung dieser Informationen verpflichtet sind oder nicht.<\/p><p>Gem\u00e4\u00df den Bestimmungen der Artikel 38 ff. Gem\u00e4\u00df dem Gesetz 78-17 vom 6. Januar 1978 \u00fcber Datenverarbeitung, Dateien und individuelle Freiheiten haben alle Nutzer das Recht auf Zugang, Berichtigung und Widerspruch zu den sie betreffenden personenbezogenen Daten, indem sie einen schriftlichen und unterschriebenen Antrag stellen, dem eine Kopie beigef\u00fcgt ist das Ausweisdokument mit der Unterschrift des Inhabers des Dokuments und der Angabe der Adresse, an die die Antwort gesendet werden soll.<\/p><p>Keine pers\u00f6nlichen Daten des Benutzers der Website bye-pain.com werden ohne dessen Wissen ver\u00f6ffentlicht, ausgetauscht, \u00fcbertragen, abgetreten oder auf irgendeinem Medium an Dritte verkauft. Nur die Annahme des R\u00fcckkaufs von SEBASTIEN HEIM und seiner Rechte w\u00fcrde die \u00dcbermittlung der oben genannten Informationen an den m\u00f6glichen K\u00e4ufer erm\u00f6glichen, der seinerseits gegen\u00fcber der gleichen Verpflichtung zur Aufbewahrung und \u00c4nderung der Daten gegen\u00fcber dem Benutzer des By-by verpflichtet w\u00e4re. Pain.com-Website.<\/p><p>Datenbanken werden durch die Bestimmungen des Gesetzes vom 1. Juli 1998 zur Umsetzung der Richtlinie 96\/9 vom 11. M\u00e4rz 1996 \u00fcber den rechtlichen Schutz von Datenbanken gesch\u00fctzt.<\/p><h3>8. Hypertext-Links und Cookies.<\/h3><p>Die Website bye-pain.com enth\u00e4lt eine Reihe von Hypertext-Links zu anderen Websites, die mit Genehmigung von Rocket Marketing eingerichtet wurden. SEBASTIEN HEIM ist jedoch nicht in der Lage, den Inhalt der auf diese Weise besuchten Seiten zu \u00fcberpr\u00fcfen und \u00fcbernimmt daher diesbez\u00fcglich keine Haftung.<\/p><p>Das Surfen auf der Website bye-pain.com kann zur Installation von Cookies auf dem Computer des Benutzers f\u00fchren. Ein Cookie ist eine kleine Datei, die keine Identifizierung des Benutzers erm\u00f6glicht, aber Informationen \u00fcber die Navigation eines Computers auf einer Website aufzeichnet. Die so gewonnenen Daten sollen das sp\u00e4tere Navigieren auf der Website erleichtern und werden auch zur Messung der Besucherzahlen verwendet.<\/p><p>Die Verweigerung der Installation eines Cookies kann dazu f\u00fchren, dass der Zugriff auf bestimmte Dienste nicht m\u00f6glich ist. Benutzer k\u00f6nnen ihren Computer jedoch wie folgt konfigurieren, um die Installation von Cookies abzulehnen:<\/p><p>Im Internet Explorer: Registerkarte \u201eExtras\u201c (radf\u00f6rmiges Symbol oben rechts) \/ Internetoptionen. Klicken Sie auf Vertraulichkeit und w\u00e4hlen Sie Alle Cookies blockieren. Best\u00e4tigen Sie mit Ok.<\/p><p>Firefox: Klicken Sie oben im Browserfenster auf die Firefox-Schaltfl\u00e4che und gehen Sie dann zur Registerkarte \u201eOptionen\u201c. Klicken Sie auf die Registerkarte Datenschutz. Legen Sie die Aufbewahrungsregeln auf Folgendes fest: Verwenden Sie personalisierte Einstellungen f\u00fcr den Verlauf. Deaktivieren Sie abschlie\u00dfend das Kontrollk\u00e4stchen, um Cookies zu deaktivieren.<\/p><p>Auf Safari: Klicken Sie auf das Men\u00fcsymbol (symbolisiert durch ein Zahnrad) in der oberen rechten Ecke des Browsers. Einstellungen ausw\u00e4hlen. Klicken Sie auf Erweiterte Einstellungen anzeigen. Klicken Sie im Abschnitt \u201eVertraulichkeit\u201c auf Inhaltseinstellungen. Im Bereich \u201eCookies\u201c k\u00f6nnen Sie Cookies blockieren.<\/p><p>In Chrome: Klicken Sie auf das Men\u00fcsymbol (symbolisiert durch drei horizontale Linien) in der oberen rechten Ecke des Browsers. Einstellungen ausw\u00e4hlen. Klicken Sie auf Erweiterte Einstellungen anzeigen. Klicken Sie im Abschnitt \u201eVertraulichkeit\u201c auf \u201eEinstellungen\u201c. Im Reiter \u201eVertraulichkeit\u201c k\u00f6nnen Sie Cookies blockieren.<\/p><h3>9. Anwendbares Recht und Gerichtsstand.<\/h3><p>F\u00fcr alle Streitigkeiten, die sich aus der Nutzung der Website bye-pain.com ergeben, gilt franz\u00f6sisches Recht. Die ausschlie\u00dfliche Zust\u00e4ndigkeit liegt bei den zust\u00e4ndigen Gerichten von Paris.<\/p><h3>10. Die wichtigsten betroffenen Gesetze.<\/h3><p>Gesetz Nr. 78-17 vom 6. Januar 1978, ge\u00e4ndert durch Gesetz Nr. 2004-801 vom 6. August 2004 \u00fcber Datenverarbeitung, Datendateien und individuelle Freiheiten.<\/p><p>Gesetz Nr. 2004-575 vom 21. Juni 2004 zum Vertrauen in die digitale Wirtschaft.<\/p><h3>11. Glossar.<\/h3><p>Benutzer: Internetbenutzer, der eine Verbindung zur oben genannten Website herstellt und diese nutzt.<\/p><p>Pers\u00f6nliche Daten: \u201eInformationen, die in irgendeiner Form direkt oder indirekt die Identifizierung der nat\u00fcrlichen Personen erm\u00f6glichen, auf die sie sich beziehen\u201c (Artikel 4 des Gesetzes Nr. 78-17 vom 6. Januar 1978).<\/p><\/div><\/div>\t\t\t\t\t\t\t\t<\/div>\n\t\t\t\t<\/div>\n\t\t\t\t\t<\/div>\n\t\t<\/div>\n\t\t\t\t\t<\/div>\n\t\t<\/section>\n\t\t\t\t<\/div>","protected":false},"excerpt":{"rendered":"<p>Legal information \u00a0 1. Presentation of the site. Pursuant to Article 6 of Law No. 2004-575 of 21 June 2004 on confidence in the digital economy, users of the bye-pain.com website are informed of the identity of the various parties involved in its creation and monitoring: Owner: SEBASTIEN HEIM &#8211; 78 avenue des Champs Elys\u00e9es [&hellip;]<\/p>\n","protected":false},"author":1,"featured_media":0,"parent":0,"menu_order":0,"comment_status":"closed","ping_status":"closed","template":"elementor_header_footer","meta":{"_seopress_robots_primary_cat":"","_seopress_titles_title":"Legal Notices","_seopress_titles_desc":"Legal notice page","_seopress_robots_index":"","site-sidebar-layout":"default","site-content-layout":"","ast-site-content-layout":"default","site-content-style":"default","site-sidebar-style":"default","ast-global-header-display":"","ast-banner-title-visibility":"","ast-main-header-display":"","ast-hfb-above-header-display":"","ast-hfb-below-header-display":"","ast-hfb-mobile-header-display":"","site-post-title":"","ast-breadcrumbs-content":"","ast-featured-img":"","footer-sml-layout":"","ast-disable-related-posts":"","theme-transparent-header-meta":"","adv-header-id-meta":"","stick-header-meta":"","header-above-stick-meta":"","header-main-stick-meta":"","header-below-stick-meta":"","astra-migrate-meta-layouts":"set","ast-page-background-enabled":"default","ast-page-background-meta":{"desktop":{"background-color":"var(--ast-global-color-4)","background-image":"","background-repeat":"repeat","background-position":"center center","background-size":"auto","background-attachment":"scroll","background-type":"","background-media":"","overlay-type":"","overlay-color":"","overlay-opacity":"","overlay-gradient":""},"tablet":{"background-color":"","background-image":"","background-repeat":"repeat","background-position":"center center","background-size":"auto","background-attachment":"scroll","background-type":"","background-media":"","overlay-type":"","overlay-color":"","overlay-opacity":"","overlay-gradient":""},"mobile":{"background-color":"","background-image":"","background-repeat":"repeat","background-position":"center center","background-size":"auto","background-attachment":"scroll","background-type":"","background-media":"","overlay-type":"","overlay-color":"","overlay-opacity":"","overlay-gradient":""}},"ast-content-background-meta":{"desktop":{"background-color":"var(--ast-global-color-5)","background-image":"","background-repeat":"repeat","background-position":"center center","background-size":"auto","background-attachment":"scroll","background-type":"","background-media":"","overlay-type":"","overlay-color":"","overlay-opacity":"","overlay-gradient":""},"tablet":{"background-color":"var(--ast-global-color-5)","background-image":"","background-repeat":"repeat","background-position":"center center","background-size":"auto","background-attachment":"scroll","background-type":"","background-media":"","overlay-type":"","overlay-color":"","overlay-opacity":"","overlay-gradient":""},"mobile":{"background-color":"var(--ast-global-color-5)","background-image":"","background-repeat":"repeat","background-position":"center center","background-size":"auto","background-attachment":"scroll","background-type":"","background-media":"","overlay-type":"","overlay-color":"","overlay-opacity":"","overlay-gradient":""}},"footnotes":""},"class_list":["post-112","page","type-page","status-publish"],"_links":{"self":[{"href":"https:\/\/bye-pain.com\/de\/wp-json\/wp\/v2\/pages\/112","targetHints":{"allow":["GET"]}}],"collection":[{"href":"https:\/\/bye-pain.com\/de\/wp-json\/wp\/v2\/pages"}],"about":[{"href":"https:\/\/bye-pain.com\/de\/wp-json\/wp\/v2\/types\/page"}],"author":[{"embeddable":true,"href":"https:\/\/bye-pain.com\/de\/wp-json\/wp\/v2\/users\/1"}],"replies":[{"embeddable":true,"href":"https:\/\/bye-pain.com\/de\/wp-json\/wp\/v2\/comments?post=112"}],"version-history":[{"count":0,"href":"https:\/\/bye-pain.com\/de\/wp-json\/wp\/v2\/pages\/112\/revisions"}],"wp:attachment":[{"href":"https:\/\/bye-pain.com\/de\/wp-json\/wp\/v2\/media?parent=112"}],"curies":[{"name":"wp","href":"https:\/\/api.w.org\/{rel}","templated":true}]}}