{"id":3,"date":"2021-03-02T16:03:31","date_gmt":"2021-03-02T15:03:31","guid":{"rendered":"https:\/\/bisque-wasp-399565.hostingersite.com\/?page_id=3"},"modified":"2024-02-10T22:17:11","modified_gmt":"2024-02-10T22:17:11","slug":"fortrolighedspolitik","status":"publish","type":"page","link":"https:\/\/bye-pain.com\/da\/privacy-policy","title":{"rendered":"Fortrolighedspolitik"},"content":{"rendered":"<div data-elementor-type=\"wp-page\" data-elementor-id=\"3\" class=\"elementor elementor-3\" data-elementor-post-type=\"page\">\n\t\t\t\t\t\t<section class=\"elementor-section elementor-top-section elementor-element elementor-element-5c56538a elementor-section-boxed elementor-section-height-default elementor-section-height-default\" data-id=\"5c56538a\" data-element_type=\"section\" data-e-type=\"section\">\n\t\t\t\t\t\t<div class=\"elementor-container elementor-column-gap-default\">\n\t\t\t\t\t<div class=\"elementor-column elementor-col-100 elementor-top-column elementor-element elementor-element-428eed4d\" data-id=\"428eed4d\" data-element_type=\"column\" data-e-type=\"column\">\n\t\t\t<div class=\"elementor-widget-wrap elementor-element-populated\">\n\t\t\t\t\t\t<div class=\"elementor-element elementor-element-dd63083 elementor-widget elementor-widget-heading\" data-id=\"dd63083\" data-element_type=\"widget\" data-e-type=\"widget\" data-widget_type=\"heading.default\">\n\t\t\t\t<div class=\"elementor-widget-container\">\n\t\t\t\t\t<h1 class=\"elementor-heading-title elementor-size-default\">Fortrolighedspolitik<\/h1>\t\t\t\t<\/div>\n\t\t\t\t<\/div>\n\t\t\t\t<div class=\"elementor-element elementor-element-7880b05 elementor-widget elementor-widget-text-editor\" data-id=\"7880b05\" data-element_type=\"widget\" data-e-type=\"widget\" data-widget_type=\"text-editor.default\">\n\t\t\t\t<div class=\"elementor-widget-container\">\n\t\t\t\t\t\t\t\t\t<h1 class=\"entry-title main_title\" style=\"text-align: center;\">\u00a0<\/h1><div class=\"entry-content\"><h2>Hvem er vi?<\/h2><p>Vores hjemmesideadresse er: https:\/\/bisque-wasp-399565.hostingersite.com<\/p><p>Du kan kontakte os p\u00e5 f\u00f8lgende e-mailadresse: contact@bisque-wasp-399565.hostingersite.com<\/p><h2>Brug af indsamlede personlige data<\/h2><p>Ved at afgive en ordre eller oprette en konto, accepterer du at modtage tilbud og kampagner via e-mail og\/eller telefon.<\/p><h3>Kommentarer<\/h3><p>N\u00e5r du efterlader en kommentar p\u00e5 vores hjemmeside, indsamles de data, der er indtastet i kommentarformularen, din IP-adresse og din browsers brugeragent for at hj\u00e6lpe os med at opdage u\u00f8nskede kommentarer.<\/p><p>En anonymiseret streng oprettet fra din e-mailadresse (ogs\u00e5 kendt som en hash) kan sendes til Gravatar-tjenesten for at kontrollere, om du bruger den. Gravatar-tjenestens fortrolighedsklausuler er tilg\u00e6ngelige her: https:\/\/automattic.com\/privacy\/. N\u00e5r din kommentar er blevet valideret, vil dit profilbillede v\u00e6re offentligt synligt ved siden af din kommentar.<\/p><h3>Medier<\/h3><p>Hvis du er en registreret bruger, og du uploader billeder til hjemmesiden, r\u00e5der vi dig til at undg\u00e5 at uploade billeder, der indeholder EXIF-data for GPS-koordinater. Bes\u00f8gende p\u00e5 dit websted kan downloade og udtr\u00e6kke placeringsdata fra disse billeder.<\/p><h3>Kontaktformularer<\/h3><p>For at kontakte os, bedes du skrive til os p\u00e5 contact@bisque-wasp-399565.hostingersite.com eller pr. post til Bye pain \u2013 78, Avenue des Champs-\u00c9lys\u00e9es, Bureau 562, 75008 Paris \u2013 Frankrig<\/p><h3>Cookies<\/h3><p>Hvis du l\u00e6gger en kommentar p\u00e5 vores side, vil du blive bedt om at gemme dit navn, din e-mailadresse og din hjemmeside i cookies. Dette er udelukkende for din bekvemmelighed, s\u00e5 du ikke beh\u00f8ver at indtaste disse oplysninger, hvis du skriver en anden kommentar p\u00e5 et senere tidspunkt. Disse cookies udl\u00f8ber efter et \u00e5r.<\/p><p>Hvis du g\u00e5r til login-siden, vil der blive oprettet en midlertidig cookie for at afg\u00f8re, om din browser accepterer cookies. Den indeholder ingen personlige data og slettes automatisk, n\u00e5r du lukker din browser.<\/p><p>N\u00e5r du logger ind, s\u00e6tter vi en r\u00e6kke cookies til at registrere dine loginoplysninger og sk\u00e6rmpr\u00e6ferencer. Levetiden for en forbindelsescookie er to dage, og levetiden for en sk\u00e6rmoption er et \u00e5r. Hvis du afkrydser &quot;Husk mig&quot;, vil din forbindelsescookie blive opbevaret i fjorten dage. Hvis du logger ud af din konto, vil login-cookien blive slettet.<\/p><p>Ved at \u00e6ndre eller udgive en publikation gemmes en ekstra cookie i din browser. Denne cookie indeholder ingen personlige data. Det angiver blot ID&#039;et for den publikation, du lige har \u00e6ndret. Den udl\u00f8ber efter en dag.<\/p><h3>Indlejret indhold fra andre websteder<\/h3><p>Artikler p\u00e5 dette websted kan indeholde indlejret indhold (f.eks. videoer, billeder, artikler osv.). Indlejret indhold fra andre websteder opf\u00f8rer sig p\u00e5 samme m\u00e5de, som hvis den bes\u00f8gende bes\u00f8gte det andet websted.<\/p><p>Disse websteder kan indsamle data om dig, bruge cookies, integrere tredjeparts sporingsv\u00e6rkt\u00f8jer og spore dine interaktioner med dette indlejrede indhold, hvis du har en logget ind p\u00e5 deres websted.<\/p><h3>Statistik og publikumsm\u00e5ling<\/h3><p>Vi bruger teknologier s\u00e5som cookies til at personligg\u00f8re indhold og annoncering, levere funktionalitet p\u00e5 sociale medier og analysere trafik p\u00e5 webstedet. Vi deler oplysninger om din brug af webstedet med vores betroede sociale medier, reklame- og analysepartnere.<\/p><p>For at m\u00e5le visse statistikker relateret til forskellige kunderejser, bruger vi Google Analytics, du kan konsultere deres fortrolighedspolitik p\u00e5 f\u00f8lgende adresse: https:\/\/policies.google.com\/privacy?hl=fr .<\/p><p>Vi bruger ogs\u00e5 Facebook-pixlen. Du kan konsultere deres fortrolighedspolitik p\u00e5 f\u00f8lgende adresse: https:\/\/www.facebook.com\/payments_terms\/privacy<\/p><h2>Opbevaringsperioder for dine data<\/h2><p>Hvis du l\u00e6gger en kommentar, gemmes kommentaren og dens metadata p\u00e5 ubestemt tid. Dette g\u00f8r det muligt automatisk at genkende og godkende efterf\u00f8lgende kommentarer i stedet for at efterlade dem i moderationsk\u00f8en.<\/p><p>For brugere, der registrerer sig p\u00e5 vores side (hvor det er muligt), gemmer vi ogs\u00e5 de personlige data, der er angivet i deres profil. Alle brugere kan se, \u00e6ndre eller slette deres personlige oplysninger til enhver tid (med undtagelse af deres brugernavn). Webstedsadministratorer kan ogs\u00e5 se og \u00e6ndre disse oplysninger.<\/p><h2>De rettigheder du har over dine data<\/h2><p>Hvis du har en konto, eller hvis du har efterladt kommentarer p\u00e5 siden, kan du anmode om at modtage en fil, der indeholder alle de personlige data, vi har om dig, inklusive dem, du har givet os. Du kan ogs\u00e5 anmode om sletning af dine personlige data. Dette omfatter ikke data gemt til administrative, juridiske eller sikkerhedsm\u00e6ssige form\u00e5l.<\/p><h2>Overf\u00f8rsel af dine personlige data<\/h2><p>Bes\u00f8gendes kommentarer kan kontrolleres ved hj\u00e6lp af en automatiseret tjeneste for at opdage u\u00f8nskede kommentarer.<\/p><h2>Kontakt information<\/h2><p>Du kan kontakte os via e-mail p\u00e5 f\u00f8lgende adresse: contact@bisque-wasp-399565.hostingersite.com eller pr. post p\u00e5 Bye pain \u2013 78, Avenue des Champs-\u00c9lys\u00e9es, Bureau 562, 75008 Paris \u2013 Frankrig<\/p><h2>Hvad vi indsamler og opbevarer<\/h2><p>Under dit bes\u00f8g p\u00e5 siden sporer vi:<\/p><ul><li>Produkter du har set: Vi bruger disse til for eksempel at vise produkter du har set for nylig.<\/li><li>Placering, IP-adresse og browsertype: vi bruger disse til at estimere skatter og leveringsomkostninger<\/li><li>Leveringsadresse: vi vil bede dig om at indtaste denne for at estimere leveringsomkostninger, f\u00f8r du afgiver din ordre, og for at sende dig ordren!<\/li><\/ul><p>Vi bruger cookies til at holde styr p\u00e5 indholdet af din indk\u00f8bskurv, mens du surfer p\u00e5 vores side.<\/p><p>N\u00e5r du k\u00f8ber fra vores hjemmeside, vil vi bede dig om at give oplysninger, herunder dit navn, faktureringsadresse, leveringsadresse, e-mailadresse, telefonnummer, betalings-\/kreditkortoplysninger og muligvis kontooplysninger s\u00e5som brugernavn og adgangskode. Disse oplysninger vil blive brugt til at:<\/p><ul><li>Sender oplysninger om din konto og ordre<\/li><li>Besvarelse af foresp\u00f8rgsler, herunder refusioner og klager<\/li><li>Behandling af betalinger og forebyggelse af svindel<\/li><li>Opret din konto til vores butik<\/li><li>Overhold eventuelle juridiske forpligtelser, s\u00e5som beregning af skatter<br \/>Forbedre vores butikstilbud<\/li><li>Send dig marketingbeskeder, hvis du v\u00e6lger at modtage dem<\/li><\/ul><p>Hvis du opretter en konto, gemmer vi dit navn, adresse, e-mailadresse og telefonnummer, som vil blive brugt til at forududfylde ordrebekr\u00e6ftelsen for fremtidige ordrer.<\/p><p>Vi opbevarer generelt dine oplysninger, s\u00e5 l\u00e6nge vi har brug for dem til det form\u00e5l, som vi indsamler og bruger dem til, og vi er ikke juridisk forpligtet til at opbevare dem. For eksempel opbevarer vi ordreoplysninger i XXX \u00e5r til skattem\u00e6ssige og regnskabsm\u00e6ssige form\u00e5l. Dette inkluderer dit navn, e-mailadresse og fakturerings- og forsendelsesadresser.<\/p><p>Vi gemmer ogs\u00e5 kommentarer eller meddelelser, hvis du v\u00e6lger at sende dem.<\/p><h2>Hvem i vores team har adgang til dataene<\/h2><p>Medlemmer af vores team har adgang til de oplysninger, du giver. For eksempel har butiksadministratorer og -administratorer adgang til:<\/p><ul><li>Bestillingsoplysninger s\u00e5som hvad der er k\u00f8bt, hvorn\u00e5r og hvor det skal sendes<\/li><li>Kundeoplysninger s\u00e5som dit navn, e-mailadresse og fakturerings- og leveringsoplysninger.<\/li><\/ul><p>Vores team har adgang til disse oplysninger til at behandle ordrer, behandle refusioner og hj\u00e6lpe dig.<\/p><p>\u00a0<\/p><h2>Hvad vi deler med andre<\/h2><p>Vi deler data med tredjeparter, som hj\u00e6lper os med at administrere vores ordrer og butikstjenester; Stripe er en betalingstjeneste med kreditkort, og PayPal er en betalingsgateway.<\/p><h3>Betalinger<\/h3><p>Vi accepterer betalinger via PayPal og Stripe. Ved behandling af betalinger vil visse data blive overf\u00f8rt til PayPal eller Stripe, herunder oplysninger, der kr\u00e6ves for at gennemf\u00f8re betalingen, s\u00e5som det samlede bel\u00f8b eller faktureringsoplysninger.<\/p><p>L\u00e6s venligst PayPals privatlivspolitik for flere detaljer.<\/p><p>L\u00e6s venligst Stripes privatlivspolitik for flere detaljer.<\/p><\/div>\t\t\t\t\t\t\t\t<\/div>\n\t\t\t\t<\/div>\n\t\t\t\t\t<\/div>\n\t\t<\/div>\n\t\t\t\t\t<\/div>\n\t\t<\/section>\n\t\t\t\t<\/div>","protected":false},"excerpt":{"rendered":"<p>Privacy Policy \u00a0 Who are we? Our website address is: https:\/\/bisque-wasp-399565.hostingersite.com You can contact us at the following email address: contact@bisque-wasp-399565.hostingersite.com Use of personal data collected By placing an order or creating an account, you agree to receive offers and promotions by email and\/or telephone. Comments When you leave a comment on our website, the [&hellip;]<\/p>\n","protected":false},"author":1,"featured_media":0,"parent":0,"menu_order":0,"comment_status":"closed","ping_status":"closed","template":"","meta":{"_seopress_robots_primary_cat":"","_seopress_titles_title":"Privacy Policy","_seopress_titles_desc":"Our privacy policy page","_seopress_robots_index":"","site-sidebar-layout":"default","site-content-layout":"","ast-site-content-layout":"default","site-content-style":"default","site-sidebar-style":"default","ast-global-header-display":"","ast-banner-title-visibility":"","ast-main-header-display":"","ast-hfb-above-header-display":"","ast-hfb-below-header-display":"","ast-hfb-mobile-header-display":"","site-post-title":"","ast-breadcrumbs-content":"","ast-featured-img":"","footer-sml-layout":"","ast-disable-related-posts":"","theme-transparent-header-meta":"","adv-header-id-meta":"","stick-header-meta":"","header-above-stick-meta":"","header-main-stick-meta":"","header-below-stick-meta":"","astra-migrate-meta-layouts":"set","ast-page-background-enabled":"default","ast-page-background-meta":{"desktop":{"background-color":"var(--ast-global-color-4)","background-image":"","background-repeat":"repeat","background-position":"center center","background-size":"auto","background-attachment":"scroll","background-type":"","background-media":"","overlay-type":"","overlay-color":"","overlay-opacity":"","overlay-gradient":""},"tablet":{"background-color":"","background-image":"","background-repeat":"repeat","background-position":"center center","background-size":"auto","background-attachment":"scroll","background-type":"","background-media":"","overlay-type":"","overlay-color":"","overlay-opacity":"","overlay-gradient":""},"mobile":{"background-color":"","background-image":"","background-repeat":"repeat","background-position":"center center","background-size":"auto","background-attachment":"scroll","background-type":"","background-media":"","overlay-type":"","overlay-color":"","overlay-opacity":"","overlay-gradient":""}},"ast-content-background-meta":{"desktop":{"background-color":"var(--ast-global-color-5)","background-image":"","background-repeat":"repeat","background-position":"center center","background-size":"auto","background-attachment":"scroll","background-type":"","background-media":"","overlay-type":"","overlay-color":"","overlay-opacity":"","overlay-gradient":""},"tablet":{"background-color":"var(--ast-global-color-5)","background-image":"","background-repeat":"repeat","background-position":"center center","background-size":"auto","background-attachment":"scroll","background-type":"","background-media":"","overlay-type":"","overlay-color":"","overlay-opacity":"","overlay-gradient":""},"mobile":{"background-color":"var(--ast-global-color-5)","background-image":"","background-repeat":"repeat","background-position":"center center","background-size":"auto","background-attachment":"scroll","background-type":"","background-media":"","overlay-type":"","overlay-color":"","overlay-opacity":"","overlay-gradient":""}},"footnotes":""},"class_list":["post-3","page","type-page","status-publish"],"_links":{"self":[{"href":"https:\/\/bye-pain.com\/da\/wp-json\/wp\/v2\/pages\/3","targetHints":{"allow":["GET"]}}],"collection":[{"href":"https:\/\/bye-pain.com\/da\/wp-json\/wp\/v2\/pages"}],"about":[{"href":"https:\/\/bye-pain.com\/da\/wp-json\/wp\/v2\/types\/page"}],"author":[{"embeddable":true,"href":"https:\/\/bye-pain.com\/da\/wp-json\/wp\/v2\/users\/1"}],"replies":[{"embeddable":true,"href":"https:\/\/bye-pain.com\/da\/wp-json\/wp\/v2\/comments?post=3"}],"version-history":[{"count":0,"href":"https:\/\/bye-pain.com\/da\/wp-json\/wp\/v2\/pages\/3\/revisions"}],"wp:attachment":[{"href":"https:\/\/bye-pain.com\/da\/wp-json\/wp\/v2\/media?parent=3"}],"curies":[{"name":"wp","href":"https:\/\/api.w.org\/{rel}","templated":true}]}}