{"id":1203,"date":"2021-06-21T09:11:16","date_gmt":"2021-06-21T07:11:16","guid":{"rendered":"https:\/\/bisque-wasp-399565.hostingersite.com\/?page_id=1203"},"modified":"2025-10-31T23:59:34","modified_gmt":"2025-10-31T23:59:34","slug":"om-os","status":"publish","type":"page","link":"https:\/\/bye-pain.com\/da\/about-us","title":{"rendered":"Om os"},"content":{"rendered":"<div data-elementor-type=\"wp-page\" data-elementor-id=\"1203\" class=\"elementor elementor-1203\" data-elementor-post-type=\"page\">\n\t\t\t\t\t\t<section class=\"elementor-section elementor-top-section elementor-element elementor-element-49e54fe8 elementor-section-boxed elementor-section-height-default elementor-section-height-default\" data-id=\"49e54fe8\" data-element_type=\"section\" data-e-type=\"section\">\n\t\t\t\t\t\t<div class=\"elementor-container elementor-column-gap-default\">\n\t\t\t\t\t<div class=\"elementor-column elementor-col-100 elementor-top-column elementor-element elementor-element-69eba64d\" data-id=\"69eba64d\" data-element_type=\"column\" data-e-type=\"column\">\n\t\t\t<div class=\"elementor-widget-wrap elementor-element-populated\">\n\t\t\t\t\t\t<div class=\"elementor-element elementor-element-609d8f0 elementor-widget elementor-widget-heading\" data-id=\"609d8f0\" data-element_type=\"widget\" data-e-type=\"widget\" data-widget_type=\"heading.default\">\n\t\t\t\t<div class=\"elementor-widget-container\">\n\t\t\t\t\t<h1 class=\"elementor-heading-title elementor-size-default\">Om os...<\/h1>\t\t\t\t<\/div>\n\t\t\t\t<\/div>\n\t\t\t\t<div class=\"elementor-element elementor-element-a1aa694 elementor-widget elementor-widget-image\" data-id=\"a1aa694\" data-element_type=\"widget\" data-e-type=\"widget\" data-widget_type=\"image.default\">\n\t\t\t\t<div class=\"elementor-widget-container\">\n\t\t\t\t\t\t\t\t\t\t\t\t\t\t\t<img fetchpriority=\"high\" decoding=\"async\" width=\"640\" height=\"426\" src=\"https:\/\/bye-pain.com\/wp-content\/uploads\/2021\/03\/equipe-bye-pain.jpg\" class=\"attachment-full size-full wp-image-139\" alt=\"\u00e9quipe bye smerte\" srcset=\"https:\/\/bye-pain.com\/wp-content\/uploads\/2021\/03\/equipe-bye-pain.jpg 640w, https:\/\/bye-pain.com\/wp-content\/uploads\/2021\/03\/equipe-bye-pain-300x200.jpg 300w, https:\/\/bye-pain.com\/wp-content\/uploads\/2021\/03\/equipe-bye-pain-600x399.jpg 600w, https:\/\/bye-pain.com\/wp-content\/uploads\/2021\/03\/equipe-bye-pain-150x100.jpg 150w\" sizes=\"(max-width: 640px) 100vw, 640px\" \/>\t\t\t\t\t\t\t\t\t\t\t\t\t\t\t<\/div>\n\t\t\t\t<\/div>\n\t\t\t\t<div class=\"elementor-element elementor-element-028f29f elementor-widget elementor-widget-text-editor\" data-id=\"028f29f\" data-element_type=\"widget\" data-e-type=\"widget\" data-widget_type=\"text-editor.default\">\n\t\t\t\t<div class=\"elementor-widget-container\">\n\t\t\t\t\t\t\t\t\t<p>Bye Pain er en historie fortalt af Myl\u00e8ne, en ung kvinde, der ligesom os alle andre har lidt af dysmenor\u00e9 siden hun var teenager. Har aldrig opdaget den ideelle l\u00f8sning til at aflaste hende <strong>menstruationssmerter<\/strong>, Myl\u00e8ne endte simpelthen med at opfinde det!<\/p><p>I dag er hendes st\u00e6rkeste \u00f8nske at lade dig drage fordel af hendes personlige erfaring og dele med hver og en af jer dette unikke produkt, som har \u00e6ndret hendes liv!<\/p><p>Specielt designet til kvinder, der s\u00f8ger komfort og frihed <a href=\"https:\/\/bye-pain.com\/da\/produkt\/menstruationsbaelte\/\">Farvel Smerte menstruationsb\u00e6lte<\/a> lindrer menstruationsgener p\u00e5 f\u00e5 minutter! Den kommer i form af et behageligt b\u00e6lte, der udsender varme og vibrationer i tre tilstande, for at opfylde dine forskellige behov.<\/p><p>L\u00e6nge studeret af f\u00f8rende fagfolk i den medicinske sektor og testet af et stort antal kvinder i alle aldre, Bye Pain menstruationsb\u00e6lte har vist hidtil usete resultater, der kombinerer effektivitet og modernitet.<\/p><p>Den giver en behagelig oplevelse, fordi den er let, praktisk, nem at genoplade og kan tages med overalt uden at fylde for meget.<\/p>\t\t\t\t\t\t\t\t<\/div>\n\t\t\t\t<\/div>\n\t\t\t\t<div class=\"elementor-element elementor-element-29ca4d9 elementor-widget elementor-widget-text-editor\" data-id=\"29ca4d9\" data-element_type=\"widget\" data-e-type=\"widget\" data-widget_type=\"text-editor.default\">\n\t\t\t\t<div class=\"elementor-widget-container\">\n\t\t\t\t\t\t\t\t\t<p>Alt hvad du beh\u00f8ver for at g\u00f8re dine smertefulde menstruationer til et minde, der snart vil blive glemt! Med dette exceptionelle produkt tilbyder vi dig en skr\u00e6ddersyet oplevelse, der g\u00f8r dine menstruationer enkel og smertefri.<\/p><p>Hvad kunne v\u00e6re bedre end et produkt til kvinder, designet af en kvinde til alles velv\u00e6re!<\/p><p>Fordi du er selvst\u00e6ndig, vovet og unik, er Bye Pain perfekt til dig!<\/p>\t\t\t\t\t\t\t\t<\/div>\n\t\t\t\t<\/div>\n\t\t\t\t\t<\/div>\n\t\t<\/div>\n\t\t\t\t\t<\/div>\n\t\t<\/section>\n\t\t\t\t<\/div>","protected":false},"excerpt":{"rendered":"<p>About us&#8230; Bye Pain is a story told by Myl\u00e8ne, a young woman who, like all of us, has suffered from dysmenorrhoea since she was a teenager. Having never discovered the ideal solution for relieving her menstrual pain, Myl\u00e8ne simply ended up inventing it! Today, her strongest desire is to let you benefit from her [&hellip;]<\/p>\n","protected":false},"author":1,"featured_media":1175,"parent":0,"menu_order":0,"comment_status":"closed","ping_status":"closed","template":"elementor_header_footer","meta":{"_seopress_robots_primary_cat":"","_seopress_titles_title":"About Bye-Pain","_seopress_titles_desc":"Bye Pain is a story told by Myl\u00e8ne, a young woman who, like all of us, has suffered from dysmenorrhea since she was a teenager.","_seopress_robots_index":"","site-sidebar-layout":"default","site-content-layout":"","ast-site-content-layout":"default","site-content-style":"default","site-sidebar-style":"default","ast-global-header-display":"","ast-banner-title-visibility":"","ast-main-header-display":"","ast-hfb-above-header-display":"","ast-hfb-below-header-display":"","ast-hfb-mobile-header-display":"","site-post-title":"","ast-breadcrumbs-content":"","ast-featured-img":"","footer-sml-layout":"","ast-disable-related-posts":"","theme-transparent-header-meta":"","adv-header-id-meta":"","stick-header-meta":"","header-above-stick-meta":"","header-main-stick-meta":"","header-below-stick-meta":"","astra-migrate-meta-layouts":"set","ast-page-background-enabled":"default","ast-page-background-meta":{"desktop":{"background-color":"var(--ast-global-color-4)","background-image":"","background-repeat":"repeat","background-position":"center center","background-size":"auto","background-attachment":"scroll","background-type":"","background-media":"","overlay-type":"","overlay-color":"","overlay-opacity":"","overlay-gradient":""},"tablet":{"background-color":"","background-image":"","background-repeat":"repeat","background-position":"center center","background-size":"auto","background-attachment":"scroll","background-type":"","background-media":"","overlay-type":"","overlay-color":"","overlay-opacity":"","overlay-gradient":""},"mobile":{"background-color":"","background-image":"","background-repeat":"repeat","background-position":"center center","background-size":"auto","background-attachment":"scroll","background-type":"","background-media":"","overlay-type":"","overlay-color":"","overlay-opacity":"","overlay-gradient":""}},"ast-content-background-meta":{"desktop":{"background-color":"var(--ast-global-color-5)","background-image":"","background-repeat":"repeat","background-position":"center center","background-size":"auto","background-attachment":"scroll","background-type":"","background-media":"","overlay-type":"","overlay-color":"","overlay-opacity":"","overlay-gradient":""},"tablet":{"background-color":"var(--ast-global-color-5)","background-image":"","background-repeat":"repeat","background-position":"center center","background-size":"auto","background-attachment":"scroll","background-type":"","background-media":"","overlay-type":"","overlay-color":"","overlay-opacity":"","overlay-gradient":""},"mobile":{"background-color":"var(--ast-global-color-5)","background-image":"","background-repeat":"repeat","background-position":"center center","background-size":"auto","background-attachment":"scroll","background-type":"","background-media":"","overlay-type":"","overlay-color":"","overlay-opacity":"","overlay-gradient":""}},"footnotes":""},"class_list":["post-1203","page","type-page","status-publish","has-post-thumbnail"],"_links":{"self":[{"href":"https:\/\/bye-pain.com\/da\/wp-json\/wp\/v2\/pages\/1203","targetHints":{"allow":["GET"]}}],"collection":[{"href":"https:\/\/bye-pain.com\/da\/wp-json\/wp\/v2\/pages"}],"about":[{"href":"https:\/\/bye-pain.com\/da\/wp-json\/wp\/v2\/types\/page"}],"author":[{"embeddable":true,"href":"https:\/\/bye-pain.com\/da\/wp-json\/wp\/v2\/users\/1"}],"replies":[{"embeddable":true,"href":"https:\/\/bye-pain.com\/da\/wp-json\/wp\/v2\/comments?post=1203"}],"version-history":[{"count":4,"href":"https:\/\/bye-pain.com\/da\/wp-json\/wp\/v2\/pages\/1203\/revisions"}],"predecessor-version":[{"id":7185,"href":"https:\/\/bye-pain.com\/da\/wp-json\/wp\/v2\/pages\/1203\/revisions\/7185"}],"wp:featuredmedia":[{"embeddable":true,"href":"https:\/\/bye-pain.com\/da\/wp-json\/wp\/v2\/media\/1175"}],"wp:attachment":[{"href":"https:\/\/bye-pain.com\/da\/wp-json\/wp\/v2\/media?parent=1203"}],"curies":[{"name":"wp","href":"https:\/\/api.w.org\/{rel}","templated":true}]}}