{"id":116,"date":"2021-03-11T10:05:24","date_gmt":"2021-03-11T09:05:24","guid":{"rendered":"https:\/\/bisque-wasp-399565.hostingersite.com\/?page_id=116"},"modified":"2024-02-10T22:17:48","modified_gmt":"2024-02-10T22:17:48","slug":"vend-tilbage","status":"publish","type":"page","link":"https:\/\/bye-pain.com\/da\/return","title":{"rendered":"Vend tilbage"},"content":{"rendered":"<div data-elementor-type=\"wp-page\" data-elementor-id=\"116\" class=\"elementor elementor-116\" data-elementor-post-type=\"page\">\n\t\t\t\t\t\t<section class=\"elementor-section elementor-top-section elementor-element elementor-element-114367fd elementor-section-boxed elementor-section-height-default elementor-section-height-default\" data-id=\"114367fd\" data-element_type=\"section\" data-e-type=\"section\">\n\t\t\t\t\t\t<div class=\"elementor-container elementor-column-gap-default\">\n\t\t\t\t\t<div class=\"elementor-column elementor-col-100 elementor-top-column elementor-element elementor-element-7c7d0720\" data-id=\"7c7d0720\" data-element_type=\"column\" data-e-type=\"column\">\n\t\t\t<div class=\"elementor-widget-wrap elementor-element-populated\">\n\t\t\t\t\t\t<div class=\"elementor-element elementor-element-3cf7179 elementor-widget elementor-widget-heading\" data-id=\"3cf7179\" data-element_type=\"widget\" data-e-type=\"widget\" data-widget_type=\"heading.default\">\n\t\t\t\t<div class=\"elementor-widget-container\">\n\t\t\t\t\t<h1 class=\"elementor-heading-title elementor-size-default\">Returpolitik<\/h1>\t\t\t\t<\/div>\n\t\t\t\t<\/div>\n\t\t\t\t<div class=\"elementor-element elementor-element-46fafc8e elementor-widget elementor-widget-text-editor\" data-id=\"46fafc8e\" data-element_type=\"widget\" data-e-type=\"widget\" data-widget_type=\"text-editor.default\">\n\t\t\t\t<div class=\"elementor-widget-container\">\n\t\t\t\t\t\t\t\t\t<p>Vores politik g\u00e6lder i 30 dage. Hvis der er g\u00e5et 30 dage siden dit k\u00f8b, kan vi desv\u00e6rre ikke tilbyde dig en refusion eller ombytning.<\/p><p>For at v\u00e6re berettiget til returnering skal din vare v\u00e6re ubrugt og i samme stand, som du modtog den. Det skal ogs\u00e5 v\u00e6re i sin originale emballage.<\/p><p>Flere typer produkter kan ikke returneres. Letford\u00e6rvelige varer som kosttilskud eller magasiner kan ikke returneres. Vi accepterer heller ikke produkter til intim eller sanit\u00e6r brug, farlige produkter eller br\u00e6ndbare gasser eller v\u00e6sker.<\/p><p>Andre varer, der ikke kan returneres:<br \/>* Gavekort<br \/>* Software, der kan downloades<br \/>* Visse sundheds- og personlig plejeprodukter<\/p><p>For at kunne returnere skal du vise os en kvittering eller k\u00f8bsbevis.<\/p><p>Der er nogle situationer, hvor kun en delvis refusion vil blive givet: (hvor relevant)<br \/>* B\u00f8ger med tydelige tegn p\u00e5 brug.<br \/>* CD&#039;er, DVD&#039;er, VHS-b\u00e5nd, software, videospil, kassetter eller vinylplader, der er blevet \u00e5bnet.<br \/>* Enhver vare, der ikke er i sin originale stand, er beskadiget eller mangler dele af \u00e5rsager, der ikke skyldes en fejl fra vores side.<br \/>* Enhver vare, der returneres mere end 30 dage efter levering.<\/p><h2>\u00a0<\/h2><h2>Refusioner (hvis nogen)<\/h2><p>N\u00e5r vi har modtaget og efterset den returnerede vare, sender vi dig en e-mail for at bekr\u00e6fte, at vi har modtaget den. Vi vil ogs\u00e5 informere dig om vores beslutning om at godkende eller afvise din anmodning om tilbagebetaling.<br \/>Hvis din anmodning godkendes, vil din refusion blive behandlet, og en kredit vil automatisk blive anvendt p\u00e5 dit kreditkort eller den oprindelige betalingsmetode inden for et bestemt antal dage.<\/p><h2>Forsinkede eller manglende refusioner (hvis relevant)<\/h2><p>Hvis du endnu ikke har modtaget din refusion, skal du f\u00f8rst tjekke din bankkonto igen.<br \/>Kontakt derefter din kreditkortudsteder, da der kan v\u00e6re en forsinkelse, f\u00f8r din refusion officielt offentligg\u00f8res.<br \/>S\u00e5 kontakt din bank. Der er ofte en behandlingstid, f\u00f8r en refusion bogf\u00f8res.<br \/>Hvis du efter at have gennemf\u00f8rt alle disse trin stadig ikke har modtaget din refusion, bedes du kontakte os p\u00e5 contact@bisque-wasp-399565.hostingersite.com.<br \/>Udsalgsvarer (hvis relevant)<br \/>Kun varer med fast pris kan refunderes. Udsalgsvarer kan desv\u00e6rre ikke refunderes.<\/p><h2>Udvekslinger (hvis relevant)<\/h2><p>Vi erstatter kun en vare, hvis den er defekt eller beskadiget. Hvis du gerne vil bytte den til den samme vare, s\u00e5 send os en e-mail til contact@bisque-wasp-399565.hostingersite.com<\/p><h2>Cadeaux<\/h2><p>\u00a0<\/p><p>Hvis den returnerede vare blev identificeret som en gave p\u00e5 k\u00f8bstidspunktet og blev sendt direkte til dig, vil du modtage en gavekredit svarende til v\u00e6rdien af din returnering. N\u00e5r vi har modtaget varen retur, vil et gavekort blive sendt til dig med posten.<\/p><p>Hvis varen ikke blev identificeret som en gave p\u00e5 k\u00f8bstidspunktet, eller hvis gavegiveren foretrak at modtage varen f\u00f8rst og give den til dig senere, sender vi en refusion til gavegiveren, og de vil vide, at du har returneret varen.<\/p><h2>Forsendelse<\/h2><p>For at returnere et produkt skal du sende det med posten, kontakt os p\u00e5 e-mail for at f\u00e5 returadressen.<\/p><p>Du er selv ansvarlig for at betale dine egne forsendelsesomkostninger for at returnere din vare. Forsendelsesomkostninger refunderes ikke. Hvis du modtager en refusion, vil returneringsomkostningerne blive trukket fra den.<\/p><p>Afh\u00e6ngigt af hvor du bor, kan den tid det tager at modtage dit ombyttede produkt variere.<\/p><p>Hvis du sender en vare til en v\u00e6rdi af mere end \u00a375, b\u00f8r du overveje at bruge en leveringstjeneste, der giver dig mulighed for at spore forsendelsen eller tegne en leveringsforsikring. Vi garanterer ikke, at vi modtager den vare, du returnerer.<\/p>\t\t\t\t\t\t\t\t<\/div>\n\t\t\t\t<\/div>\n\t\t\t\t\t<\/div>\n\t\t<\/div>\n\t\t\t\t\t<\/div>\n\t\t<\/section>\n\t\t\t\t<\/div>","protected":false},"excerpt":{"rendered":"<p>Return Policy Our policy lasts for 30 days. Unfortunately, if 30 days have passed since your purchase, we cannot offer you a refund or exchange. To be eligible for a return, your item must be unused and in the same condition in which you received it. It must also be in its original packaging. Several [&hellip;]<\/p>\n","protected":false},"author":1,"featured_media":0,"parent":0,"menu_order":0,"comment_status":"closed","ping_status":"closed","template":"elementor_header_footer","meta":{"_seopress_robots_primary_cat":"","_seopress_titles_title":"Returns policy","_seopress_titles_desc":"Our returns policy page.","_seopress_robots_index":"","site-sidebar-layout":"default","site-content-layout":"","ast-site-content-layout":"default","site-content-style":"default","site-sidebar-style":"default","ast-global-header-display":"","ast-banner-title-visibility":"","ast-main-header-display":"","ast-hfb-above-header-display":"","ast-hfb-below-header-display":"","ast-hfb-mobile-header-display":"","site-post-title":"","ast-breadcrumbs-content":"","ast-featured-img":"","footer-sml-layout":"","ast-disable-related-posts":"","theme-transparent-header-meta":"","adv-header-id-meta":"","stick-header-meta":"","header-above-stick-meta":"","header-main-stick-meta":"","header-below-stick-meta":"","astra-migrate-meta-layouts":"set","ast-page-background-enabled":"default","ast-page-background-meta":{"desktop":{"background-color":"var(--ast-global-color-4)","background-image":"","background-repeat":"repeat","background-position":"center center","background-size":"auto","background-attachment":"scroll","background-type":"","background-media":"","overlay-type":"","overlay-color":"","overlay-opacity":"","overlay-gradient":""},"tablet":{"background-color":"","background-image":"","background-repeat":"repeat","background-position":"center center","background-size":"auto","background-attachment":"scroll","background-type":"","background-media":"","overlay-type":"","overlay-color":"","overlay-opacity":"","overlay-gradient":""},"mobile":{"background-color":"","background-image":"","background-repeat":"repeat","background-position":"center center","background-size":"auto","background-attachment":"scroll","background-type":"","background-media":"","overlay-type":"","overlay-color":"","overlay-opacity":"","overlay-gradient":""}},"ast-content-background-meta":{"desktop":{"background-color":"var(--ast-global-color-5)","background-image":"","background-repeat":"repeat","background-position":"center center","background-size":"auto","background-attachment":"scroll","background-type":"","background-media":"","overlay-type":"","overlay-color":"","overlay-opacity":"","overlay-gradient":""},"tablet":{"background-color":"var(--ast-global-color-5)","background-image":"","background-repeat":"repeat","background-position":"center center","background-size":"auto","background-attachment":"scroll","background-type":"","background-media":"","overlay-type":"","overlay-color":"","overlay-opacity":"","overlay-gradient":""},"mobile":{"background-color":"var(--ast-global-color-5)","background-image":"","background-repeat":"repeat","background-position":"center center","background-size":"auto","background-attachment":"scroll","background-type":"","background-media":"","overlay-type":"","overlay-color":"","overlay-opacity":"","overlay-gradient":""}},"footnotes":""},"class_list":["post-116","page","type-page","status-publish"],"_links":{"self":[{"href":"https:\/\/bye-pain.com\/da\/wp-json\/wp\/v2\/pages\/116","targetHints":{"allow":["GET"]}}],"collection":[{"href":"https:\/\/bye-pain.com\/da\/wp-json\/wp\/v2\/pages"}],"about":[{"href":"https:\/\/bye-pain.com\/da\/wp-json\/wp\/v2\/types\/page"}],"author":[{"embeddable":true,"href":"https:\/\/bye-pain.com\/da\/wp-json\/wp\/v2\/users\/1"}],"replies":[{"embeddable":true,"href":"https:\/\/bye-pain.com\/da\/wp-json\/wp\/v2\/comments?post=116"}],"version-history":[{"count":0,"href":"https:\/\/bye-pain.com\/da\/wp-json\/wp\/v2\/pages\/116\/revisions"}],"wp:attachment":[{"href":"https:\/\/bye-pain.com\/da\/wp-json\/wp\/v2\/media?parent=116"}],"curies":[{"name":"wp","href":"https:\/\/api.w.org\/{rel}","templated":true}]}}