{"id":112,"date":"2021-03-11T10:02:09","date_gmt":"2021-03-11T09:02:09","guid":{"rendered":"https:\/\/bisque-wasp-399565.hostingersite.com\/?page_id=112"},"modified":"2025-04-13T23:05:08","modified_gmt":"2025-04-13T22:05:08","slug":"juridiske-meddelelser","status":"publish","type":"page","link":"https:\/\/bye-pain.com\/da\/legal-notices","title":{"rendered":"Juridiske meddelelser"},"content":{"rendered":"<div data-elementor-type=\"wp-page\" data-elementor-id=\"112\" class=\"elementor elementor-112\" data-elementor-post-type=\"page\">\n\t\t\t\t\t\t<section class=\"elementor-section elementor-top-section elementor-element elementor-element-39424204 elementor-section-boxed elementor-section-height-default elementor-section-height-default\" data-id=\"39424204\" data-element_type=\"section\" data-e-type=\"section\">\n\t\t\t\t\t\t<div class=\"elementor-container elementor-column-gap-default\">\n\t\t\t\t\t<div class=\"elementor-column elementor-col-100 elementor-top-column elementor-element elementor-element-31a035ae\" data-id=\"31a035ae\" data-element_type=\"column\" data-e-type=\"column\">\n\t\t\t<div class=\"elementor-widget-wrap elementor-element-populated\">\n\t\t\t\t\t\t<div class=\"elementor-element elementor-element-0b9f4d6 elementor-widget elementor-widget-heading\" data-id=\"0b9f4d6\" data-element_type=\"widget\" data-e-type=\"widget\" data-widget_type=\"heading.default\">\n\t\t\t\t<div class=\"elementor-widget-container\">\n\t\t\t\t\t<h1 class=\"elementor-heading-title elementor-size-default\">Juridiske oplysninger<\/h1>\t\t\t\t<\/div>\n\t\t\t\t<\/div>\n\t\t\t\t<div class=\"elementor-element elementor-element-76c3e160 elementor-widget elementor-widget-text-editor\" data-id=\"76c3e160\" data-element_type=\"widget\" data-e-type=\"widget\" data-widget_type=\"text-editor.default\">\n\t\t\t\t<div class=\"elementor-widget-container\">\n\t\t\t\t\t\t\t\t\t<h1 style=\"text-align: center;\">\u00a0<\/h1><div><h2>1. Pr\u00e6sentation af webstedet.<\/h2><div><p>I henhold til artikel 6 i lov nr. 2004-575 af 21. juni 2004 om tillid til den digitale \u00f8konomi, informeres brugere af bye-pain.com-webstedet om identiteten af de forskellige parter, der er involveret i oprettelsen og overv\u00e5gningen af den:<\/p><p>Owner: SEBASTIEN HEIM &#8211; 78 avenue des Champs Elys\u00e9es &#8211; Bureau 562 &#8211; 75008 Paris &#8211; France. Siret: 83353766500022<\/p><p>Den ansvarlige for offentligg\u00f8relse er en fysisk person eller en juridisk enhed.<\/p><p>V\u00e6rt: OVH SAS: 2 rue Kellermann \u2013 BP 80157 59053 ROUBAIX CEDEX 1 \u2013 Frankrig<\/p><h3>2. Generelle vilk\u00e5r og betingelser for brug af siden og de tilbudte tjenester.<\/h3><p>Brug af bye-pain.com-webstedet indeb\u00e6rer fuld accept af de generelle brugsbetingelser, der er angivet nedenfor. Disse brugsbetingelser kan til enhver tid \u00e6ndres eller suppleres, og brugere af bye-pain.fr hjemmesiden r\u00e5des derfor til at konsultere dem regelm\u00e6ssigt.<\/p><p>Denne side er normalt tilg\u00e6ngelig for brugere til enhver tid. SEBASTIEN HEIM kan dog beslutte at afbryde stedet af hensyn til teknisk vedligeholdelse, i hvilket tilf\u00e6lde det vil bestr\u00e6be sig p\u00e5 at informere brugerne om datoer og tidspunkter for indgrebet p\u00e5 forh\u00e5nd.<\/p><p>Hjemmesiden bye-pain.com opdateres regelm\u00e6ssigt af Bye Pain. Ligeledes kan de juridiske meddelelser til enhver tid \u00e6ndres: de er ikke desto mindre bindende for brugeren, som opfordres til at henvise til dem s\u00e5 ofte som muligt for at l\u00e6se dem.<\/p><h3>3. Beskrivelse af ydelser.<\/h3><p>Form\u00e5let med bye-pain.com hjemmesiden er at give information om alle virksomhedens aktiviteter.<\/p><p>Bye Pain bestr\u00e6ber sig p\u00e5 at give oplysninger p\u00e5 bye-pain.fr hjemmesiden, der er s\u00e5 n\u00f8jagtige som muligt. Det kan dog ikke holdes ansvarlig for udeladelser, un\u00f8jagtigheder eller mangler i opdateringen, uanset om disse er dens skyld eller skyld fra tredjepartspartnere, der giver den disse oplysninger.<\/p><p>Alle oplysninger, der gives p\u00e5 bye-pain.com-webstedet, er kun givet til informationsform\u00e5l og kan \u00e6ndres. Desuden er oplysningerne p\u00e5 bye-pain.com hjemmesiden ikke udt\u00f8mmende. Det er betinget af, at der er foretaget \u00e6ndringer, siden det blev sat p\u00e5 nettet.<\/p><h3>4. Kontraktm\u00e6ssige begr\u00e6nsninger p\u00e5 tekniske data.<\/h3><p>Siden bruger JavaScript-teknologi.<\/p><p>Hjemmesiden kan ikke holdes ansvarlig for materiel skade forbundet med brugen af siden. Derudover forpligter brugere af webstedet sig til at f\u00e5 adgang til webstedet ved hj\u00e6lp af nyere, virusfrit udstyr og med en opdateret, nyeste generation af browser.<\/p><h3>5. Intellektuel ejendom og varem\u00e6rkeforfalskning.<\/h3><p>SEBASTIEN HEIM er ejeren af de intellektuelle ejendomsrettigheder eller har brugsrettighederne til alle de elementer, der er tilg\u00e6ngelige p\u00e5 webstedet, is\u00e6r tekster, billeder, grafik, logoer, ikoner, lyde og software.<\/p><p>Enhver reproduktion, repr\u00e6sentation, \u00e6ndring, offentligg\u00f8relse, tilpasning af alle eller dele af elementerne p\u00e5 siden, uanset de anvendte midler eller processer, er forbudt, undtagen med forudg\u00e5ende skriftlig tilladelse fra SEBASTIEN HEIM.<\/p><p>Enhver uautoriseret brug af webstedet eller af de elementer, det indeholder, vil blive betragtet som v\u00e6rende en kr\u00e6nkelse og vil blive retsforfulgt i overensstemmelse med bestemmelserne i artikel L.335-2 ff. i den franske lov om intellektuel ejendomsret.<\/p><h3>6. Ansvarsbegr\u00e6nsning.<\/h3><p>SEBASTIEN HEIM kan ikke holdes ansvarlig for direkte eller indirekte skader for\u00e5rsaget af brugerens udstyr ved adgang til bye-pain.com hjemmesiden, enten som f\u00f8lge af brug af udstyr, der ikke opfylder specifikationerne angivet i punkt 4, eller som f\u00f8lge af fremkomsten af en fejl eller inkompatibilitet.<\/p><p>SEBASTIEN HEIM kan heller ikke holdes ansvarlig for indirekte skade (s\u00e5som tab af marked eller tab af muligheder) som f\u00f8lge af brugen af bye-pain.fr hjemmesiden.<\/p><p>Interaktive omr\u00e5der (mulighed for at stille sp\u00f8rgsm\u00e5l i kontaktomr\u00e5det) er tilg\u00e6ngelige for brugerne. SEBASTIEN HEIM forbeholder sig retten til uden forudg\u00e5ende varsel at slette ethvert indhold, der er postet p\u00e5 dette omr\u00e5de, som er i modstrid med den g\u00e6ldende lovgivning i Frankrig, is\u00e6r bestemmelserne vedr\u00f8rende databeskyttelse. Hvor det er relevant, forbeholder SEBASTIEN HEIM sig ogs\u00e5 retten til at holde brugeren civilt og\/eller strafferetligt ansvarlig, is\u00e6r i tilf\u00e6lde af meddelelser af racistisk, forn\u00e6rmende, \u00e6rekr\u00e6nkende eller pornografisk karakter, uanset hvilket medie der anvendes (tekst, fotografier osv.).<\/p><h3>7. Persondatah\u00e5ndtering.<\/h3><p>I Frankrig er personoplysninger beskyttet af lov nr. Lov nr. 78-87 af 6. januar 1978. 2004-801 af 6. august 2004, artikel L. 226-13 i straffeloven og det europ\u00e6iske direktiv af 24. oktober 1995.<\/p><p>N\u00e5r du bruger bye-pain.com-webstedet, kan f\u00f8lgende oplysninger indsamles: URL-adressen p\u00e5 de links, hvorigennem brugeren har adgang til bye-pain.com-webstedet, brugerens adgangsudbyder, brugerens IP-adresse (Internet Protocol).<\/p><p>Under alle omst\u00e6ndigheder indsamler SEBASTIEN HEIM kun personlige oplysninger vedr\u00f8rende brugeren med henblik p\u00e5 visse tjenester, der tilbydes af bye-pain.fr hjemmesiden. Brugere giver disse oplysninger med fuld viden om fakta, is\u00e6r n\u00e5r de selv indtaster dem. Brugere af bye-pain.com-webstedet bliver derefter informeret om, hvorvidt de er forpligtet til at give disse oplysninger.<\/p><p>I overensstemmelse med bestemmelserne i artikel 38 ff. i lov 78-17 af 6. januar 1978 om databehandling, datafiler og individuelle frihedsrettigheder har alle brugere ret til at f\u00e5 adgang til, berigtige og g\u00f8re indsigelse mod enhver persondata vedr\u00f8rende dem ved at frems\u00e6tte en skriftlig og underskrevet anmodning, ledsaget af en kopi af identitetsdokumentet, der er forsynet med underskrift fra indehaveren af dokumentet, og med angivelse af den adresse, som svaret skal sendes til.<\/p><p>Ingen personlige oplysninger om brugeren af bye-pain.com-siden offentligg\u00f8res uden brugerens viden, udveksles, overf\u00f8res, tildeles eller s\u00e6lges p\u00e5 noget medie til tredjeparter. Kun antagelsen om tilbagek\u00f8bet af SEBASTIEN HEIM og dets rettigheder vil tillade overf\u00f8rsel af de f\u00f8rn\u00e6vnte oplysninger til den mulige k\u00f8ber, som p\u00e5 sin side vil v\u00e6re omfattet af den samme forpligtelse til bevarelse og \u00e6ndring af dataene med hensyn til brugeren af bye- pain.com websted.<\/p><p>Databaser er beskyttet af bestemmelserne i loven af 1. juli 1998 om gennemf\u00f8relse af direktiv 96\/9 af 11. marts 1996 om retlig beskyttelse af databaser.<\/p><h3>8. Hypertekstlinks og cookies.<\/h3><p>Bye-pain.com webstedet indeholder en r\u00e6kke hypertekstlinks til andre websteder, oprettet med tilladelse fra Rocket marketing. SEBASTIEN HEIM er dog ikke i stand til at kontrollere indholdet af websteder, der bes\u00f8ges p\u00e5 denne m\u00e5de, og p\u00e5tager sig derfor intet ansvar i denne henseende.<\/p><p>Gennemsyn p\u00e5 bye-pain.com-webstedet kan resultere i installation af cookies p\u00e5 brugerens computer. En cookie er en lille fil, som ikke tillader brugeren at blive identificeret, men som registrerer information vedr\u00f8rende browsing af en computer p\u00e5 et websted. De data, der opn\u00e5s p\u00e5 denne m\u00e5de, er beregnet til at lette efterf\u00f8lgende browsing af webstedet og bruges ogs\u00e5 til at m\u00e5le bes\u00f8gstal.<\/p><p>Afvisning af at installere en cookie kan g\u00f8re det umuligt at f\u00e5 adgang til visse tjenester. Brugere kan dog konfigurere deres computer som f\u00f8lger for at afvise installationen af cookies:<\/p><p>I Internet Explorer: fanen V\u00e6rkt\u00f8jer (hjulformet ikon \u00f8verst til h\u00f8jre) \/ Internetindstillinger. Klik p\u00e5 Fortrolighed og v\u00e6lg Bloker alle cookies. Bekr\u00e6ft med Ok.<\/p><p>Firefox: \u00d8verst i browservinduet skal du klikke p\u00e5 Firefox-knappen og derefter g\u00e5 til fanen Indstillinger. Klik p\u00e5 fanen Privatliv. Indstil opbevaringsreglerne til: Brug personlige indstillinger til historik. Til sidst fjerner du markeringen for at deaktivere cookies.<\/p><p>P\u00e5 Safari: Klik p\u00e5 menuikonet (symboliseret med et tandhjul) i \u00f8verste h\u00f8jre hj\u00f8rne af browseren. V\u00e6lg Indstillinger. Klik p\u00e5 Vis avancerede indstillinger. I afsnittet &quot;Fortrolighed&quot; skal du klikke p\u00e5 Indstillinger for indhold. I afsnittet &quot;Cookies&quot; kan du blokere cookies.<\/p><p>I Chrome: Klik p\u00e5 menuikonet (symboliseret med tre vandrette linjer) i \u00f8verste h\u00f8jre hj\u00f8rne af browseren. V\u00e6lg Indstillinger. Klik p\u00e5 Vis avancerede indstillinger. I afsnittet &quot;Fortrolighed&quot; skal du klikke p\u00e5 pr\u00e6ferencer. P\u00e5 fanen &quot;Fortrolighed&quot; kan du blokere cookies.<\/p><h3>9. G\u00e6ldende lov og jurisdiktion.<\/h3><p>Enhver tvist, der opst\u00e5r i forbindelse med brugen af bye-pain.com-webstedet, er underlagt fransk lov. De kompetente domstole i Paris har eksklusiv jurisdiktion.<\/p><h3>10. De vigtigste ber\u00f8rte love.<\/h3><p>Lov nr. \u00a7 78-17 af 6. januar 1978, som \u00e6ndret ved lov nr. 2004-801 af 6. august 2004 om databehandling, datafiler og individuelle frihedsrettigheder.<\/p><p>Lov nr. 2004-575 af 21. juni 2004 om tillid til den digitale \u00f8konomi.<\/p><h3>11. Ordliste.<\/h3><p>Bruger: Internetbruger, der opretter forbindelse til og bruger det f\u00f8rn\u00e6vnte websted.<\/p><p>Personoplysninger: &quot;oplysninger, der i enhver form, direkte eller indirekte, muligg\u00f8r identifikation af de fysiske personer, som de g\u00e6lder for&quot; (artikel 4 i lov nr. 78-17 af 6. januar 1978).<\/p><\/div><\/div>\t\t\t\t\t\t\t\t<\/div>\n\t\t\t\t<\/div>\n\t\t\t\t\t<\/div>\n\t\t<\/div>\n\t\t\t\t\t<\/div>\n\t\t<\/section>\n\t\t\t\t<\/div>","protected":false},"excerpt":{"rendered":"<p>Legal information \u00a0 1. Presentation of the site. Pursuant to Article 6 of Law No. 2004-575 of 21 June 2004 on confidence in the digital economy, users of the bye-pain.com website are informed of the identity of the various parties involved in its creation and monitoring: Owner: SEBASTIEN HEIM &#8211; 78 avenue des Champs Elys\u00e9es [&hellip;]<\/p>\n","protected":false},"author":1,"featured_media":0,"parent":0,"menu_order":0,"comment_status":"closed","ping_status":"closed","template":"elementor_header_footer","meta":{"_seopress_robots_primary_cat":"","_seopress_titles_title":"Legal Notices","_seopress_titles_desc":"Legal notice page","_seopress_robots_index":"","site-sidebar-layout":"default","site-content-layout":"","ast-site-content-layout":"default","site-content-style":"default","site-sidebar-style":"default","ast-global-header-display":"","ast-banner-title-visibility":"","ast-main-header-display":"","ast-hfb-above-header-display":"","ast-hfb-below-header-display":"","ast-hfb-mobile-header-display":"","site-post-title":"","ast-breadcrumbs-content":"","ast-featured-img":"","footer-sml-layout":"","ast-disable-related-posts":"","theme-transparent-header-meta":"","adv-header-id-meta":"","stick-header-meta":"","header-above-stick-meta":"","header-main-stick-meta":"","header-below-stick-meta":"","astra-migrate-meta-layouts":"set","ast-page-background-enabled":"default","ast-page-background-meta":{"desktop":{"background-color":"var(--ast-global-color-4)","background-image":"","background-repeat":"repeat","background-position":"center center","background-size":"auto","background-attachment":"scroll","background-type":"","background-media":"","overlay-type":"","overlay-color":"","overlay-opacity":"","overlay-gradient":""},"tablet":{"background-color":"","background-image":"","background-repeat":"repeat","background-position":"center center","background-size":"auto","background-attachment":"scroll","background-type":"","background-media":"","overlay-type":"","overlay-color":"","overlay-opacity":"","overlay-gradient":""},"mobile":{"background-color":"","background-image":"","background-repeat":"repeat","background-position":"center center","background-size":"auto","background-attachment":"scroll","background-type":"","background-media":"","overlay-type":"","overlay-color":"","overlay-opacity":"","overlay-gradient":""}},"ast-content-background-meta":{"desktop":{"background-color":"var(--ast-global-color-5)","background-image":"","background-repeat":"repeat","background-position":"center center","background-size":"auto","background-attachment":"scroll","background-type":"","background-media":"","overlay-type":"","overlay-color":"","overlay-opacity":"","overlay-gradient":""},"tablet":{"background-color":"var(--ast-global-color-5)","background-image":"","background-repeat":"repeat","background-position":"center center","background-size":"auto","background-attachment":"scroll","background-type":"","background-media":"","overlay-type":"","overlay-color":"","overlay-opacity":"","overlay-gradient":""},"mobile":{"background-color":"var(--ast-global-color-5)","background-image":"","background-repeat":"repeat","background-position":"center center","background-size":"auto","background-attachment":"scroll","background-type":"","background-media":"","overlay-type":"","overlay-color":"","overlay-opacity":"","overlay-gradient":""}},"footnotes":""},"class_list":["post-112","page","type-page","status-publish"],"_links":{"self":[{"href":"https:\/\/bye-pain.com\/da\/wp-json\/wp\/v2\/pages\/112","targetHints":{"allow":["GET"]}}],"collection":[{"href":"https:\/\/bye-pain.com\/da\/wp-json\/wp\/v2\/pages"}],"about":[{"href":"https:\/\/bye-pain.com\/da\/wp-json\/wp\/v2\/types\/page"}],"author":[{"embeddable":true,"href":"https:\/\/bye-pain.com\/da\/wp-json\/wp\/v2\/users\/1"}],"replies":[{"embeddable":true,"href":"https:\/\/bye-pain.com\/da\/wp-json\/wp\/v2\/comments?post=112"}],"version-history":[{"count":0,"href":"https:\/\/bye-pain.com\/da\/wp-json\/wp\/v2\/pages\/112\/revisions"}],"wp:attachment":[{"href":"https:\/\/bye-pain.com\/da\/wp-json\/wp\/v2\/media?parent=112"}],"curies":[{"name":"wp","href":"https:\/\/api.w.org\/{rel}","templated":true}]}}